{"id":2656,"date":"2020-06-18T11:09:41","date_gmt":"2020-06-18T09:09:41","guid":{"rendered":"http:\/\/orainprebentzioa.com\/?page_id=2656"},"modified":"2023-11-24T12:44:46","modified_gmt":"2023-11-24T11:44:46","slug":"teknia","status":"publish","type":"page","link":"https:\/\/orainprebentzioa.com\/es\/teknia\/","title":{"rendered":"Teknia"},"content":{"rendered":"\t\t<div data-elementor-type=\"wp-page\" data-elementor-id=\"2656\" class=\"elementor elementor-2656\">\n\t\t\t\t\t\t<div class=\"elementor-inner\">\n\t\t\t\t<div class=\"elementor-section-wrap\">\n\t\t\t\t\t\t\t\t\t<section class=\"elementor-section elementor-top-section elementor-element elementor-element-dffb646 franja cabecera area teknia elementor-section-boxed elementor-section-height-default elementor-section-height-default\" data-id=\"dffb646\" data-element_type=\"section\" data-settings=\"{&quot;background_background&quot;:&quot;slideshow&quot;,&quot;background_slideshow_gallery&quot;:[{&quot;id&quot;:2664,&quot;url&quot;:&quot;http:\\\/\\\/orainprebentzioa.com\\\/wp-content\\\/uploads\\\/2020\\\/06\\\/teknia.jpg&quot;}],&quot;background_slideshow_ken_burns&quot;:&quot;yes&quot;,&quot;background_slideshow_loop&quot;:&quot;yes&quot;,&quot;background_slideshow_slide_duration&quot;:5000,&quot;background_slideshow_slide_transition&quot;:&quot;fade&quot;,&quot;background_slideshow_transition_duration&quot;:500,&quot;background_slideshow_ken_burns_zoom_direction&quot;:&quot;in&quot;}\">\n\t\t\t\t\t\t<div class=\"elementor-container elementor-column-gap-default\">\n\t\t\t\t\t\t\t<div class=\"elementor-row\">\n\t\t\t\t\t<div class=\"elementor-column elementor-col-100 elementor-top-column elementor-element elementor-element-30c5d27\" data-id=\"30c5d27\" data-element_type=\"column\">\n\t\t\t<div class=\"elementor-column-wrap elementor-element-populated\">\n\t\t\t\t\t\t\t<div class=\"elementor-widget-wrap\">\n\t\t\t\t\t\t<div class=\"elementor-element elementor-element-24d0934 texto elementor-widget elementor-widget-text-editor\" data-id=\"24d0934\" data-element_type=\"widget\" data-widget_type=\"text-editor.default\">\n\t\t\t\t<div class=\"elementor-widget-container\">\n\t\t\t\t\t\t\t\t<div class=\"elementor-text-editor elementor-clearfix\">\n\t\t\t\t<h1>Teknia<\/h1><h2 class=\"slogan\">Equipo de prevenci\u00f3n de adicciones a las Nuevas Tecnolog\u00edas<\/h2>\t\t\t\t\t<\/div>\n\t\t\t\t\t\t<\/div>\n\t\t\t\t<\/div>\n\t\t\t\t\t\t<\/div>\n\t\t\t\t\t<\/div>\n\t\t<\/div>\n\t\t\t\t\t\t\t\t<\/div>\n\t\t\t\t\t<\/div>\n\t\t<\/section>\n\t\t\t\t<section class=\"elementor-section elementor-top-section elementor-element elementor-element-7dbb08cf franja teknia elementor-section-boxed elementor-section-height-default elementor-section-height-default\" data-id=\"7dbb08cf\" data-element_type=\"section\" id=\"area\" data-settings=\"{&quot;background_background&quot;:&quot;classic&quot;}\">\n\t\t\t\t\t\t<div class=\"elementor-container elementor-column-gap-default\">\n\t\t\t\t\t\t\t<div class=\"elementor-row\">\n\t\t\t\t\t<div class=\"elementor-column elementor-col-100 elementor-top-column elementor-element elementor-element-414be9d1\" data-id=\"414be9d1\" data-element_type=\"column\" data-settings=\"{&quot;animation&quot;:&quot;none&quot;}\">\n\t\t\t<div class=\"elementor-column-wrap elementor-element-populated\">\n\t\t\t\t\t\t\t<div class=\"elementor-widget-wrap\">\n\t\t\t\t\t\t<section class=\"elementor-section elementor-inner-section elementor-element elementor-element-77c99f29 elementor-section-boxed elementor-section-height-default elementor-section-height-default\" data-id=\"77c99f29\" data-element_type=\"section\">\n\t\t\t\t\t\t<div class=\"elementor-container elementor-column-gap-default\">\n\t\t\t\t\t\t\t<div class=\"elementor-row\">\n\t\t\t\t\t<div class=\"elementor-column elementor-col-100 elementor-inner-column elementor-element elementor-element-7db80b43\" data-id=\"7db80b43\" data-element_type=\"column\">\n\t\t\t<div class=\"elementor-column-wrap elementor-element-populated\">\n\t\t\t\t\t\t\t<div class=\"elementor-widget-wrap\">\n\t\t\t\t\t\t<div class=\"elementor-element elementor-element-4283c729 titulo centro elementor-widget elementor-widget-heading\" data-id=\"4283c729\" data-element_type=\"widget\" data-widget_type=\"heading.default\">\n\t\t\t\t<div class=\"elementor-widget-container\">\n\t\t\t<h2 class=\"elementor-heading-title elementor-size-default\">\u00bfQu\u00e9 es Teknia?<\/h2>\t\t<\/div>\n\t\t\t\t<\/div>\n\t\t\t\t<div class=\"elementor-element elementor-element-649b9395 subtitulo elementor-widget elementor-widget-text-editor\" data-id=\"649b9395\" data-element_type=\"widget\" data-widget_type=\"text-editor.default\">\n\t\t\t\t<div class=\"elementor-widget-container\">\n\t\t\t\t\t\t\t\t<div class=\"elementor-text-editor elementor-clearfix\">\n\t\t\t\t<p>Es un programa de <b>prevenci\u00f3n de riesgos <\/b>derivados del <b>uso inadecuado de las nuevas tecnolog\u00edas<\/b>, como el tel\u00e9fono m\u00f3vil, RRSS, videojuegos, etc. El principal objetivo es fomentar el uso moderado y responsable de las pantallas.<\/p>\t\t\t\t\t<\/div>\n\t\t\t\t\t\t<\/div>\n\t\t\t\t<\/div>\n\t\t\t\t<div class=\"elementor-element elementor-element-d6254c6 subtitulo elementor-widget elementor-widget-text-editor\" data-id=\"d6254c6\" data-element_type=\"widget\" data-widget_type=\"text-editor.default\">\n\t\t\t\t<div class=\"elementor-widget-container\">\n\t\t\t\t\t\t\t\t<div class=\"elementor-text-editor elementor-clearfix\">\n\t\t\t\t<p>Est\u00e1 <strong>dirigido<\/strong> a los tres colectivos presentes en los centros educativos:<\/p><ul><li>Alumnos y alumnas.<\/li><li>Profesorado del centro.<\/li><li>Madres\/padres de los\/las menores.<\/li><\/ul>\t\t\t\t\t<\/div>\n\t\t\t\t\t\t<\/div>\n\t\t\t\t<\/div>\n\t\t\t\t\t\t<\/div>\n\t\t\t\t\t<\/div>\n\t\t<\/div>\n\t\t\t\t\t\t\t\t<\/div>\n\t\t\t\t\t<\/div>\n\t\t<\/section>\n\t\t\t\t\t\t<\/div>\n\t\t\t\t\t<\/div>\n\t\t<\/div>\n\t\t\t\t\t\t\t\t<\/div>\n\t\t\t\t\t<\/div>\n\t\t<\/section>\n\t\t\t\t<section class=\"elementor-section elementor-top-section elementor-element elementor-element-5d2b67b5 franja elementor-section-boxed elementor-section-height-default elementor-section-height-default\" data-id=\"5d2b67b5\" data-element_type=\"section\" id=\"servicios\" data-settings=\"{&quot;shape_divider_bottom&quot;:&quot;tilt&quot;,&quot;shape_divider_top&quot;:&quot;tilt&quot;,&quot;background_background&quot;:&quot;classic&quot;}\">\n\t\t\t\t\t\t\t<div class=\"elementor-background-overlay\"><\/div>\n\t\t\t\t\t\t<div class=\"elementor-shape elementor-shape-top\" data-negative=\"false\">\n\t\t\t<svg xmlns=\"http:\/\/www.w3.org\/2000\/svg\" viewBox=\"0 0 1000 100\" preserveAspectRatio=\"none\">\n\t<path class=\"elementor-shape-fill\" d=\"M0,6V0h1000v100L0,6z\"\/>\n<\/svg>\t\t<\/div>\n\t\t\t\t<div class=\"elementor-shape elementor-shape-bottom\" data-negative=\"false\">\n\t\t\t<svg xmlns=\"http:\/\/www.w3.org\/2000\/svg\" viewBox=\"0 0 1000 100\" preserveAspectRatio=\"none\">\n\t<path class=\"elementor-shape-fill\" d=\"M0,6V0h1000v100L0,6z\"\/>\n<\/svg>\t\t<\/div>\n\t\t\t\t\t<div class=\"elementor-container elementor-column-gap-default\">\n\t\t\t\t\t\t\t<div class=\"elementor-row\">\n\t\t\t\t\t<div class=\"elementor-column elementor-col-100 elementor-top-column elementor-element elementor-element-285c94f4\" data-id=\"285c94f4\" data-element_type=\"column\" data-settings=\"{&quot;background_background&quot;:&quot;classic&quot;}\">\n\t\t\t<div class=\"elementor-column-wrap elementor-element-populated\">\n\t\t\t\t\t<div class=\"elementor-background-overlay\"><\/div>\n\t\t\t\t\t\t\t<div class=\"elementor-widget-wrap\">\n\t\t\t\t\t\t<section class=\"elementor-section elementor-inner-section elementor-element elementor-element-b280382 elementor-section-boxed elementor-section-height-default elementor-section-height-default\" data-id=\"b280382\" data-element_type=\"section\">\n\t\t\t\t\t\t<div class=\"elementor-container elementor-column-gap-default\">\n\t\t\t\t\t\t\t<div class=\"elementor-row\">\n\t\t\t\t\t<div class=\"elementor-column elementor-col-100 elementor-inner-column elementor-element elementor-element-58d8794f\" data-id=\"58d8794f\" data-element_type=\"column\">\n\t\t\t<div class=\"elementor-column-wrap elementor-element-populated\">\n\t\t\t\t\t\t\t<div class=\"elementor-widget-wrap\">\n\t\t\t\t\t\t<div class=\"elementor-element elementor-element-1c310cb3 titulo centro elementor-widget elementor-widget-heading\" data-id=\"1c310cb3\" data-element_type=\"widget\" data-widget_type=\"heading.default\">\n\t\t\t\t<div class=\"elementor-widget-container\">\n\t\t\t<h2 class=\"elementor-heading-title elementor-size-default\">\u00bfC\u00f3mo podemos ayudarte?<\/h2>\t\t<\/div>\n\t\t\t\t<\/div>\n\t\t\t\t\t\t<\/div>\n\t\t\t\t\t<\/div>\n\t\t<\/div>\n\t\t\t\t\t\t\t\t<\/div>\n\t\t\t\t\t<\/div>\n\t\t<\/section>\n\t\t\t\t<section class=\"elementor-section elementor-inner-section elementor-element elementor-element-404dee7 elementor-section-boxed elementor-section-height-default elementor-section-height-default\" data-id=\"404dee7\" data-element_type=\"section\">\n\t\t\t\t\t\t<div class=\"elementor-container elementor-column-gap-default\">\n\t\t\t\t\t\t\t<div class=\"elementor-row\">\n\t\t\t\t\t<div class=\"elementor-column elementor-col-100 elementor-inner-column elementor-element elementor-element-9f0b11c\" data-id=\"9f0b11c\" data-element_type=\"column\">\n\t\t\t<div class=\"elementor-column-wrap elementor-element-populated\">\n\t\t\t\t\t\t\t<div class=\"elementor-widget-wrap\">\n\t\t\t\t\t\t<div class=\"elementor-element elementor-element-25f57b8 elementor-widget elementor-widget-text-editor\" data-id=\"25f57b8\" data-element_type=\"widget\" data-widget_type=\"text-editor.default\">\n\t\t\t\t<div class=\"elementor-widget-container\">\n\t\t\t\t\t\t\t\t<div class=\"elementor-text-editor elementor-clearfix\">\n\t\t\t\t<h3><strong>PROYECTO TEKNIA<\/strong><\/h3><p>El proyecto implica el desarrollo de actividades desde la prevenci\u00f3n escolar a tres niveles de intervenci\u00f3n: con las y los alumnos, el profesorado y las madres y padres de las\/los alumnos. Los objetivos abordados con cada uno de los colectivos son diferentes y buscan incidir en las \u00e1reas de mayor importancia en relaci\u00f3n al uso de las nuevas tecnolog\u00edas y la prevenci\u00f3n de riesgos derivados del uso excesivo de estas. La duraci\u00f3n de las actividades, los contenidos abordados y la metodolog\u00eda (te\u00f3rico-pr\u00e1ctica) es distinta en cada uno de los casos; atendiendo a las necesidades de cada grupo.<\/p><h4>CHARLAS DE PREVENCI\u00d3N<\/h4><p>Charlas orientadas a los dos principales colectivos implicados en el uso y disponibilidad de las nuevas tecnolog\u00edas: las\/los alumnas\/as y sus madres\/padres. Con objetivos claramente distintos, orientados al buen uso en el caso de unos y al establecimiento de l\u00edmites y prevenci\u00f3n de riesgos en el caso de los otros; las charlas abordan diversos temas relacionados con las pantallas, el uso de estas, las ventajas y los riesgos derivados.<\/p><ul><li><strong>Charlas para las y los alumnos<\/strong>: orientadas a fomentar y desarrollar un buen uso; dise\u00f1adas en base a las necesidades de los menores, a sus caracter\u00edsticas y a los riesgos espec\u00edficos que se derivan de cada momento evolutivo y etapa escolar (Educaci\u00f3n Primaria, ESO, Bachillerato, FPB, Grado Medio y Superior).<\/li><li><strong>Charla para madres y padres<\/strong>: orientada al conocimiento de TICs y el establecimiento de l\u00edmites; aborda diferentes contenidos teniendo en cuenta sus necesidades, las de sus hijos\/as y los diferentes riesgos asociados a cada fase evolutiva.<\/li><\/ul><h4>FORMACI\u00d3N A PROFESORES<\/h4><p>Actividad formativa dirigida al personal docente de los centros escolares, donde el alumnado comienza los primeros contactos con las nuevas tecnolog\u00edas y las RRSS (WhatsApp, Instagram, Tik Tok, Snapchat, \u2026) La prevenci\u00f3n educativa profundiza en torno a diferentes objetivos: adquisici\u00f3n de conocimientos b\u00e1sicos, identificaci\u00f3n de los riesgos derivados, uso de medidas y t\u00e9cnicas educativas, gesti\u00f3n de situaciones complicadas y las pautas para realizar un uso adecuado. La formaci\u00f3n esta adaptada al profesorado de las diferentes etapas educativas y las caracter\u00edsticas espec\u00edficas del alumnado y el uso que estos hacen de las nuevas tecnolog\u00edas.<br \/><strong><em>Para m\u00e1s informaci\u00f3n contacta con nosotros<\/em><\/strong><\/p><p><strong><em>\u00a0<\/em><\/strong><\/p><h3><strong>UNIDAD DE INTERVENCI\u00d3N ESPECIALIZADA ORAIN.<\/strong><\/h3><p>Es una unidad de intervenci\u00f3n individualizada, para usuarios con usos problem\u00e1ticos o adicci\u00f3n y sus familiares, o para el abordaje de problem\u00e1ticas escolares concretas: ciberbullying, sextorsi\u00f3n, grooming, &#8230;<\/p><p>En cada caso se realiza una valoraci\u00f3n diagn\u00f3stica de la situaci\u00f3n, se establecen unos objetivos para el abordaje del problema o de la adicci\u00f3n, los recursos a aplicar, los plazos de ejecuci\u00f3n y finalmente se lleva a cabo la intervenci\u00f3n terap\u00e9utica y\/o educativa m\u00e1s conveniente ante la situaci\u00f3n.<\/p>\t\t\t\t\t<\/div>\n\t\t\t\t\t\t<\/div>\n\t\t\t\t<\/div>\n\t\t\t\t\t\t<\/div>\n\t\t\t\t\t<\/div>\n\t\t<\/div>\n\t\t\t\t\t\t\t\t<\/div>\n\t\t\t\t\t<\/div>\n\t\t<\/section>\n\t\t\t\t<div class=\"elementor-element elementor-element-33360af cta elementor-widget elementor-widget-wp-widget-custom_html\" data-id=\"33360af\" data-element_type=\"widget\" data-widget_type=\"wp-widget-custom_html.default\">\n\t\t\t\t<div class=\"elementor-widget-container\">\n\t\t\t<h5>\u00bfNecesitas m\u00e1s informaci\u00f3n?<\/h5><div class=\"textwidget custom-html-widget\"><a href=\"\/contacto\" class=\"boton\">CONTACTA CON NOSOTROS<\/a><\/div>\t\t<\/div>\n\t\t\t\t<\/div>\n\t\t\t\t\t\t<\/div>\n\t\t\t\t\t<\/div>\n\t\t<\/div>\n\t\t\t\t\t\t\t\t<\/div>\n\t\t\t\t\t<\/div>\n\t\t<\/section>\n\t\t\t\t<section class=\"elementor-section elementor-top-section elementor-element elementor-element-07c2631 franja elementor-section-boxed elementor-section-height-default elementor-section-height-default\" data-id=\"07c2631\" data-element_type=\"section\" data-settings=\"{&quot;background_background&quot;:&quot;classic&quot;}\">\n\t\t\t\t\t\t\t<div class=\"elementor-background-overlay\"><\/div>\n\t\t\t\t\t\t\t<div class=\"elementor-container elementor-column-gap-default\">\n\t\t\t\t\t\t\t<div class=\"elementor-row\">\n\t\t\t\t\t<div class=\"elementor-column elementor-col-100 elementor-top-column elementor-element elementor-element-4ce8050\" data-id=\"4ce8050\" data-element_type=\"column\" data-settings=\"{&quot;background_background&quot;:&quot;classic&quot;}\">\n\t\t\t<div class=\"elementor-column-wrap elementor-element-populated\">\n\t\t\t\t\t<div class=\"elementor-background-overlay\"><\/div>\n\t\t\t\t\t\t\t<div class=\"elementor-widget-wrap\">\n\t\t\t\t\t\t<section class=\"elementor-section elementor-inner-section elementor-element elementor-element-78ad8c3 elementor-section-boxed elementor-section-height-default elementor-section-height-default\" data-id=\"78ad8c3\" data-element_type=\"section\">\n\t\t\t\t\t\t<div class=\"elementor-container elementor-column-gap-default\">\n\t\t\t\t\t\t\t<div class=\"elementor-row\">\n\t\t\t\t\t<div class=\"elementor-column elementor-col-100 elementor-inner-column elementor-element elementor-element-ae230d1\" data-id=\"ae230d1\" data-element_type=\"column\">\n\t\t\t<div class=\"elementor-column-wrap elementor-element-populated\">\n\t\t\t\t\t\t\t<div class=\"elementor-widget-wrap\">\n\t\t\t\t\t\t<div class=\"elementor-element elementor-element-8156c79 titulo centro elementor-widget elementor-widget-heading\" data-id=\"8156c79\" data-element_type=\"widget\" data-widget_type=\"heading.default\">\n\t\t\t\t<div class=\"elementor-widget-container\">\n\t\t\t<h2 class=\"elementor-heading-title elementor-size-default\">nuestros proyectos<\/h2>\t\t<\/div>\n\t\t\t\t<\/div>\n\t\t\t\t\t\t<\/div>\n\t\t\t\t\t<\/div>\n\t\t<\/div>\n\t\t\t\t\t\t\t\t<\/div>\n\t\t\t\t\t<\/div>\n\t\t<\/section>\n\t\t\t\t<section class=\"elementor-section elementor-inner-section elementor-element elementor-element-4912e43 elementor-section-boxed elementor-section-height-default elementor-section-height-default\" data-id=\"4912e43\" data-element_type=\"section\">\n\t\t\t\t\t\t<div class=\"elementor-container elementor-column-gap-default\">\n\t\t\t\t\t\t\t<div class=\"elementor-row\">\n\t\t\t\t\t<div class=\"elementor-column elementor-col-100 elementor-inner-column elementor-element elementor-element-5cb8396\" data-id=\"5cb8396\" data-element_type=\"column\">\n\t\t\t<div class=\"elementor-column-wrap elementor-element-populated\">\n\t\t\t\t\t\t\t<div class=\"elementor-widget-wrap\">\n\t\t\t\t\t\t<div class=\"elementor-element elementor-element-7a1355f elementor-widget elementor-widget-wp-widget-sticky-posts\" data-id=\"7a1355f\" data-element_type=\"widget\" data-widget_type=\"wp-widget-sticky-posts.default\">\n\t\t\t\t<div class=\"elementor-widget-container\">\n\t\t\t\n\n\n\n<div class=\"upw-posts hfeed row\">\n\n  \n      \n                \n        <div class=\"item col-sm-4\">\n        <article class=\"post-2687 proyecto type-proyecto status-publish has-post-thumbnail hentry category-teknia\">\n          <header>\n\n                          <div class=\"entry-image\">\n                <a href=\"https:\/\/orainprebentzioa.com\/es\/proyectos\/colaboracion-con-el-equipo-especializado-de-la-universidad-del-pais-vasco-elkarikertuz\/\" rel=\"bookmark\">\n                  <img loading=\"lazy\" decoding=\"async\" width=\"398\" height=\"265\" src=\"https:\/\/orainprebentzioa.com\/wp-content\/uploads\/2020\/06\/elkarrikertuz-398x265.jpg\" class=\"attachment-thumbnail size-thumbnail wp-post-image\" alt=\"\" srcset=\"https:\/\/orainprebentzioa.com\/wp-content\/uploads\/2020\/06\/elkarrikertuz-398x265.jpg 398w, https:\/\/orainprebentzioa.com\/wp-content\/uploads\/2020\/06\/elkarrikertuz-768x514.jpg 768w, https:\/\/orainprebentzioa.com\/wp-content\/uploads\/2020\/06\/elkarrikertuz.jpg 1024w\" sizes=\"(max-width: 398px) 100vw, 398px\" \/>                <\/a>\n              <\/div>\n            \n                          <h3 class=\"entry-title\">\n                <a href=\"https:\/\/orainprebentzioa.com\/es\/proyectos\/colaboracion-con-el-equipo-especializado-de-la-universidad-del-pais-vasco-elkarikertuz\/\" rel=\"bookmark\">\n                  Colaboraci\u00f3n con el equipo especializado de la universidad del Pa\u00eds Vasco: Elkarikertuz                <\/a>\n              <\/h3>\n            \n            \n          <\/header>\n\n                      <div class=\"entry-summary\">\n              <p>\n                Convenio de colaboraci\u00f3n con el equipo de investigaci\u00f3n de nuevas tecnolog\u00edas de la Universidad del Pa\u00eds Vasco: ELKARRIKERTUZ, grupo consolidado (IT887-16) de la Facultad de Educaci\u00f3n, Antropolog\u00eda y Filosof\u00eda. Este equipo supervisa, coordina y apoya el desarrollo e implementaci\u00f3n de proyectos, especialmente en el \u00e1rea de la capacitaci\u00f3n al profesorado, as\u00ed como la elaboraci\u00f3n de materiales pedag\u00f3gicos adecuados al momento...                                  <a href=\"https:\/\/orainprebentzioa.com\/es\/proyectos\/colaboracion-con-el-equipo-especializado-de-la-universidad-del-pais-vasco-elkarikertuz\/\" class=\"more-link\">Leer m\u00e1s<\/a>\n                              <\/p>\n            <\/div>\n          \n          <footer>\n\n            \n            \n            \n          <\/footer>\n\n        <\/article>\n\t\t<\/div><!--class col-->\n      \n                \n        <div class=\"item col-sm-4\">\n        <article class=\"post-2682 proyecto type-proyecto status-publish has-post-thumbnail hentry category-teknia\">\n          <header>\n\n                          <div class=\"entry-image\">\n                <a href=\"https:\/\/orainprebentzioa.com\/es\/proyectos\/proyecto-tics-en-colaboracion-con-el-ayuntamiento-de-donostia-san-sebastian\/\" rel=\"bookmark\">\n                  <img loading=\"lazy\" decoding=\"async\" width=\"398\" height=\"265\" src=\"https:\/\/orainprebentzioa.com\/wp-content\/uploads\/2020\/06\/orainteknologiberriak-01-398x265.jpg\" class=\"attachment-thumbnail size-thumbnail wp-post-image\" alt=\"\" \/>                <\/a>\n              <\/div>\n            \n                          <h3 class=\"entry-title\">\n                <a href=\"https:\/\/orainprebentzioa.com\/es\/proyectos\/proyecto-tics-en-colaboracion-con-el-ayuntamiento-de-donostia-san-sebastian\/\" rel=\"bookmark\">\n                  Proyecto TICS en colaboraci\u00f3n con el ayuntamiento de Donostia-San Sebasti\u00e1n                <\/a>\n              <\/h3>\n            \n            \n          <\/header>\n\n                      <div class=\"entry-summary\">\n              <p>\n                El proyecto TICS es un servicio de formaci\u00f3n en riesgos asociados al uso de Tecnolog\u00edas de la Informaci\u00f3n y la Comunicaci\u00f3n (TICs); desarrollado en colaboraci\u00f3n con el Departamento de Bienestar Social del Ayuntamiento de Donostia \u2013 San Sebasti\u00e1n. El servicio, est\u00e1 dirigido al profesorado de los centros educativos del municipio y otros servicios que tienen relaci\u00f3n con menores (programas de...                                  <a href=\"https:\/\/orainprebentzioa.com\/es\/proyectos\/proyecto-tics-en-colaboracion-con-el-ayuntamiento-de-donostia-san-sebastian\/\" class=\"more-link\">Leer m\u00e1s<\/a>\n                              <\/p>\n            <\/div>\n          \n          <footer>\n\n            \n            \n            \n          <\/footer>\n\n        <\/article>\n\t\t<\/div><!--class col-->\n      \n                \n        <div class=\"item col-sm-4\">\n        <article class=\"post-2681 proyecto type-proyecto status-publish has-post-thumbnail hentry category-teknia\">\n          <header>\n\n                          <div class=\"entry-image\">\n                <a href=\"https:\/\/orainprebentzioa.com\/es\/proyectos\/proyecto-teknia-en-centros-educativos-de-gipuzcoa\/\" rel=\"bookmark\">\n                  <img loading=\"lazy\" decoding=\"async\" width=\"398\" height=\"265\" src=\"https:\/\/orainprebentzioa.com\/wp-content\/uploads\/2020\/09\/Gurasoak1-398x265.png\" class=\"attachment-thumbnail size-thumbnail wp-post-image\" alt=\"\" \/>                <\/a>\n              <\/div>\n            \n                          <h3 class=\"entry-title\">\n                <a href=\"https:\/\/orainprebentzioa.com\/es\/proyectos\/proyecto-teknia-en-centros-educativos-de-gipuzcoa\/\" rel=\"bookmark\">\n                  Proyecto Teknia en centros educativos de Gip\u00fazcoa                <\/a>\n              <\/h3>\n            \n            \n          <\/header>\n\n                      <div class=\"entry-summary\">\n              <p>\n                En los \u00faltimos a\u00f1os se han implementado el proyecto en m\u00e1s de 50 centros educativos de Guip\u00fazcoa de educaci\u00f3n Primaria, Secundaria y Formaci\u00f3n Profesional B\u00e1sica. Durante su desarrollo, se ha trabajado con los tres colectivos espec\u00edficos: alumnado, profesorado y madres\/padres. La evaluaci\u00f3n realizada por los usuarios es altamente positiva; permite el abordaje de una misma realidad desde diferentes perspectivas, adecuada...                                  <a href=\"https:\/\/orainprebentzioa.com\/es\/proyectos\/proyecto-teknia-en-centros-educativos-de-gipuzcoa\/\" class=\"more-link\">Leer m\u00e1s<\/a>\n                              <\/p>\n            <\/div>\n          \n          <footer>\n\n            \n            \n            \n          <\/footer>\n\n        <\/article>\n\t\t<\/div><!--class col-->\n      <\/div>\n\n  \n<\/div>\n\n\t\t<\/div>\n\t\t\t\t<\/div>\n\t\t\t\t\t\t<\/div>\n\t\t\t\t\t<\/div>\n\t\t<\/div>\n\t\t\t\t\t\t\t\t<\/div>\n\t\t\t\t\t<\/div>\n\t\t<\/section>\n\t\t\t\t\t\t<\/div>\n\t\t\t\t\t<\/div>\n\t\t<\/div>\n\t\t\t\t\t\t\t\t<\/div>\n\t\t\t\t\t<\/div>\n\t\t<\/section>\n\t\t\t\t\t\t\t\t\t<\/div>\n\t\t\t<\/div>\n\t\t\t\t\t<\/div>\n\t\t","protected":false},"excerpt":{"rendered":"<p>Teknia Equipo de prevenci\u00f3n de adicciones a las Nuevas Tecnolog\u00edas \u00bfQu\u00e9 es Teknia? Es un programa de prevenci\u00f3n de riesgos derivados del uso inadecuado de las nuevas tecnolog\u00edas, como el tel\u00e9fono m\u00f3vil, RRSS, videojuegos, etc. El principal objetivo es fomentar el uso moderado y responsable de las pantallas. Est\u00e1 dirigido a los tres colectivos presentes en los centros educativos: Alumnos [&hellip;]<\/p>\n","protected":false},"author":1,"featured_media":2664,"parent":0,"menu_order":0,"comment_status":"closed","ping_status":"closed","template":"templates\/area.php","meta":{"footnotes":""},"_links":{"self":[{"href":"https:\/\/orainprebentzioa.com\/es\/wp-json\/wp\/v2\/pages\/2656\/"}],"collection":[{"href":"https:\/\/orainprebentzioa.com\/es\/wp-json\/wp\/v2\/pages\/"}],"about":[{"href":"https:\/\/orainprebentzioa.com\/es\/wp-json\/wp\/v2\/types\/page\/"}],"author":[{"embeddable":true,"href":"https:\/\/orainprebentzioa.com\/es\/wp-json\/wp\/v2\/users\/1\/"}],"replies":[{"embeddable":true,"href":"https:\/\/orainprebentzioa.com\/es\/wp-json\/wp\/v2\/comments\/?post=2656"}],"version-history":[{"count":4,"href":"https:\/\/orainprebentzioa.com\/es\/wp-json\/wp\/v2\/pages\/2656\/revisions\/"}],"predecessor-version":[{"id":3621,"href":"https:\/\/orainprebentzioa.com\/es\/wp-json\/wp\/v2\/pages\/2656\/revisions\/3621\/"}],"wp:featuredmedia":[{"embeddable":true,"href":"https:\/\/orainprebentzioa.com\/es\/wp-json\/wp\/v2\/media\/2664\/"}],"wp:attachment":[{"href":"https:\/\/orainprebentzioa.com\/es\/wp-json\/wp\/v2\/media\/?parent=2656"}],"curies":[{"name":"wp","href":"https:\/\/api.w.org\/{rel}","templated":true}]}}