{"id":2736,"date":"2020-06-19T11:07:53","date_gmt":"2020-06-19T09:07:53","guid":{"rendered":"http:\/\/orainprebentzioa.com\/?page_id=2736"},"modified":"2023-11-24T12:45:05","modified_gmt":"2023-11-24T11:45:05","slug":"prevenia","status":"publish","type":"page","link":"https:\/\/orainprebentzioa.com\/es\/prevenia\/","title":{"rendered":"Prevenia"},"content":{"rendered":"\t\t<div data-elementor-type=\"wp-page\" data-elementor-id=\"2736\" class=\"elementor elementor-2736\">\n\t\t\t\t\t\t<div class=\"elementor-inner\">\n\t\t\t\t<div class=\"elementor-section-wrap\">\n\t\t\t\t\t\t\t\t\t<section class=\"elementor-section elementor-top-section elementor-element elementor-element-3a4e73e7 franja cabecera area prevenia elementor-section-boxed elementor-section-height-default elementor-section-height-default\" data-id=\"3a4e73e7\" data-element_type=\"section\" data-settings=\"{&quot;background_background&quot;:&quot;slideshow&quot;,&quot;background_slideshow_gallery&quot;:[{&quot;id&quot;:3073,&quot;url&quot;:&quot;http:\\\/\\\/orainprebentzioa.com\\\/wp-content\\\/uploads\\\/2020\\\/07\\\/prevenia.jpg&quot;}],&quot;background_slideshow_loop&quot;:&quot;yes&quot;,&quot;background_slideshow_slide_duration&quot;:5000,&quot;background_slideshow_slide_transition&quot;:&quot;fade&quot;,&quot;background_slideshow_transition_duration&quot;:500}\">\n\t\t\t\t\t\t<div class=\"elementor-container elementor-column-gap-default\">\n\t\t\t\t\t\t\t<div class=\"elementor-row\">\n\t\t\t\t\t<div class=\"elementor-column elementor-col-100 elementor-top-column elementor-element elementor-element-35b9dbe5\" data-id=\"35b9dbe5\" data-element_type=\"column\">\n\t\t\t<div class=\"elementor-column-wrap elementor-element-populated\">\n\t\t\t\t\t\t\t<div class=\"elementor-widget-wrap\">\n\t\t\t\t\t\t<div class=\"elementor-element elementor-element-58ed1c6d texto elementor-widget elementor-widget-text-editor\" data-id=\"58ed1c6d\" data-element_type=\"widget\" data-widget_type=\"text-editor.default\">\n\t\t\t\t<div class=\"elementor-widget-container\">\n\t\t\t\t\t\t\t\t<div class=\"elementor-text-editor elementor-clearfix\">\n\t\t\t\t<h1>Prevenia<\/h1><h2 class=\"slogan\">Equipo de prevenci\u00f3n de las adicciones a sustancias y comportamientos<\/h2>\t\t\t\t\t<\/div>\n\t\t\t\t\t\t<\/div>\n\t\t\t\t<\/div>\n\t\t\t\t\t\t<\/div>\n\t\t\t\t\t<\/div>\n\t\t<\/div>\n\t\t\t\t\t\t\t\t<\/div>\n\t\t\t\t\t<\/div>\n\t\t<\/section>\n\t\t\t\t<section class=\"elementor-section elementor-top-section elementor-element elementor-element-7833527c franja teknia elementor-section-boxed elementor-section-height-default elementor-section-height-default\" data-id=\"7833527c\" data-element_type=\"section\" id=\"area\" data-settings=\"{&quot;background_background&quot;:&quot;classic&quot;}\">\n\t\t\t\t\t\t<div class=\"elementor-container elementor-column-gap-default\">\n\t\t\t\t\t\t\t<div class=\"elementor-row\">\n\t\t\t\t\t<div class=\"elementor-column elementor-col-100 elementor-top-column elementor-element elementor-element-4cedaae7\" data-id=\"4cedaae7\" data-element_type=\"column\" data-settings=\"{&quot;animation&quot;:&quot;none&quot;}\">\n\t\t\t<div class=\"elementor-column-wrap elementor-element-populated\">\n\t\t\t\t\t\t\t<div class=\"elementor-widget-wrap\">\n\t\t\t\t\t\t<section class=\"elementor-section elementor-inner-section elementor-element elementor-element-3c199a7b elementor-section-boxed elementor-section-height-default elementor-section-height-default\" data-id=\"3c199a7b\" data-element_type=\"section\">\n\t\t\t\t\t\t<div class=\"elementor-container elementor-column-gap-default\">\n\t\t\t\t\t\t\t<div class=\"elementor-row\">\n\t\t\t\t\t<div class=\"elementor-column elementor-col-100 elementor-inner-column elementor-element elementor-element-5b7ab85c\" data-id=\"5b7ab85c\" data-element_type=\"column\">\n\t\t\t<div class=\"elementor-column-wrap elementor-element-populated\">\n\t\t\t\t\t\t\t<div class=\"elementor-widget-wrap\">\n\t\t\t\t\t\t<div class=\"elementor-element elementor-element-71e73320 titulo centro elementor-widget elementor-widget-heading\" data-id=\"71e73320\" data-element_type=\"widget\" data-widget_type=\"heading.default\">\n\t\t\t\t<div class=\"elementor-widget-container\">\n\t\t\t<h2 class=\"elementor-heading-title elementor-size-default\">\u00bfQu\u00e9 es Prevenia?<\/h2>\t\t<\/div>\n\t\t\t\t<\/div>\n\t\t\t\t<div class=\"elementor-element elementor-element-6ccfcea1 subtitulo elementor-widget elementor-widget-text-editor\" data-id=\"6ccfcea1\" data-element_type=\"widget\" data-widget_type=\"text-editor.default\">\n\t\t\t\t<div class=\"elementor-widget-container\">\n\t\t\t\t\t\t\t\t<div class=\"elementor-text-editor elementor-clearfix\">\n\t\t\t\t<p>Es un programa de <strong>prevenci\u00f3n de las adicciones<\/strong> enfocado a las dos \u00e1reas principales:<\/p><ul><li>Las adicciones a <strong>sustancias<\/strong> como alcohol, cannabis, tabaco, \u2026<\/li><li>Las adicciones <strong>comportamentales<\/strong> como el juego, apuestas, \u2026<\/li><\/ul><p>El principal <strong>objetivo<\/strong> es promocionar la salud a trav\u00e9s de la prevenci\u00f3n; potenciando los factores de protecci\u00f3n y reduciendo los factores de riesgo.<\/p>\t\t\t\t\t<\/div>\n\t\t\t\t\t\t<\/div>\n\t\t\t\t<\/div>\n\t\t\t\t<div class=\"elementor-element elementor-element-3bcc5c0f subtitulo elementor-widget elementor-widget-text-editor\" data-id=\"3bcc5c0f\" data-element_type=\"widget\" data-widget_type=\"text-editor.default\">\n\t\t\t\t<div class=\"elementor-widget-container\">\n\t\t\t\t\t\t\t\t<div class=\"elementor-text-editor elementor-clearfix\">\n\t\t\t\t<p>Est\u00e1 <strong>dirigido<\/strong> a los tres colectivos presentes en los centros educativos:<\/p><ul><li>Alumnos y alumnas.<\/li><li>Profesorado del centro.<\/li><li>Madres\/padres de los\/las menores.<\/li><\/ul>\t\t\t\t\t<\/div>\n\t\t\t\t\t\t<\/div>\n\t\t\t\t<\/div>\n\t\t\t\t\t\t<\/div>\n\t\t\t\t\t<\/div>\n\t\t<\/div>\n\t\t\t\t\t\t\t\t<\/div>\n\t\t\t\t\t<\/div>\n\t\t<\/section>\n\t\t\t\t\t\t<\/div>\n\t\t\t\t\t<\/div>\n\t\t<\/div>\n\t\t\t\t\t\t\t\t<\/div>\n\t\t\t\t\t<\/div>\n\t\t<\/section>\n\t\t\t\t<section class=\"elementor-section elementor-top-section elementor-element elementor-element-7f856326 franja elementor-section-boxed elementor-section-height-default elementor-section-height-default\" data-id=\"7f856326\" data-element_type=\"section\" id=\"servicios\" data-settings=\"{&quot;shape_divider_bottom&quot;:&quot;tilt&quot;,&quot;shape_divider_top&quot;:&quot;tilt&quot;,&quot;background_background&quot;:&quot;classic&quot;}\">\n\t\t\t\t\t\t\t<div class=\"elementor-background-overlay\"><\/div>\n\t\t\t\t\t\t<div class=\"elementor-shape elementor-shape-top\" data-negative=\"false\">\n\t\t\t<svg xmlns=\"http:\/\/www.w3.org\/2000\/svg\" viewBox=\"0 0 1000 100\" preserveAspectRatio=\"none\">\n\t<path class=\"elementor-shape-fill\" d=\"M0,6V0h1000v100L0,6z\"\/>\n<\/svg>\t\t<\/div>\n\t\t\t\t<div class=\"elementor-shape elementor-shape-bottom\" data-negative=\"false\">\n\t\t\t<svg xmlns=\"http:\/\/www.w3.org\/2000\/svg\" viewBox=\"0 0 1000 100\" preserveAspectRatio=\"none\">\n\t<path class=\"elementor-shape-fill\" d=\"M0,6V0h1000v100L0,6z\"\/>\n<\/svg>\t\t<\/div>\n\t\t\t\t\t<div class=\"elementor-container elementor-column-gap-default\">\n\t\t\t\t\t\t\t<div class=\"elementor-row\">\n\t\t\t\t\t<div class=\"elementor-column elementor-col-100 elementor-top-column elementor-element elementor-element-7ef3775e\" data-id=\"7ef3775e\" data-element_type=\"column\" data-settings=\"{&quot;background_background&quot;:&quot;classic&quot;}\">\n\t\t\t<div class=\"elementor-column-wrap elementor-element-populated\">\n\t\t\t\t\t<div class=\"elementor-background-overlay\"><\/div>\n\t\t\t\t\t\t\t<div class=\"elementor-widget-wrap\">\n\t\t\t\t\t\t<section class=\"elementor-section elementor-inner-section elementor-element elementor-element-78e00813 elementor-section-boxed elementor-section-height-default elementor-section-height-default\" data-id=\"78e00813\" data-element_type=\"section\">\n\t\t\t\t\t\t<div class=\"elementor-container elementor-column-gap-default\">\n\t\t\t\t\t\t\t<div class=\"elementor-row\">\n\t\t\t\t\t<div class=\"elementor-column elementor-col-100 elementor-inner-column elementor-element elementor-element-7c62649f\" data-id=\"7c62649f\" data-element_type=\"column\">\n\t\t\t<div class=\"elementor-column-wrap elementor-element-populated\">\n\t\t\t\t\t\t\t<div class=\"elementor-widget-wrap\">\n\t\t\t\t\t\t<div class=\"elementor-element elementor-element-73721c90 titulo centro elementor-widget elementor-widget-heading\" data-id=\"73721c90\" data-element_type=\"widget\" data-widget_type=\"heading.default\">\n\t\t\t\t<div class=\"elementor-widget-container\">\n\t\t\t<h2 class=\"elementor-heading-title elementor-size-default\">\u00bfC\u00f3mo podemos ayudarte?<\/h2>\t\t<\/div>\n\t\t\t\t<\/div>\n\t\t\t\t\t\t<\/div>\n\t\t\t\t\t<\/div>\n\t\t<\/div>\n\t\t\t\t\t\t\t\t<\/div>\n\t\t\t\t\t<\/div>\n\t\t<\/section>\n\t\t\t\t<section class=\"elementor-section elementor-inner-section elementor-element elementor-element-65225797 elementor-section-boxed elementor-section-height-default elementor-section-height-default\" data-id=\"65225797\" data-element_type=\"section\">\n\t\t\t\t\t\t<div class=\"elementor-container elementor-column-gap-default\">\n\t\t\t\t\t\t\t<div class=\"elementor-row\">\n\t\t\t\t\t<div class=\"elementor-column elementor-col-100 elementor-inner-column elementor-element elementor-element-1e342d28\" data-id=\"1e342d28\" data-element_type=\"column\">\n\t\t\t<div class=\"elementor-column-wrap elementor-element-populated\">\n\t\t\t\t\t\t\t<div class=\"elementor-widget-wrap\">\n\t\t\t\t\t\t<div class=\"elementor-element elementor-element-2b93bceb elementor-widget elementor-widget-text-editor\" data-id=\"2b93bceb\" data-element_type=\"widget\" data-widget_type=\"text-editor.default\">\n\t\t\t\t<div class=\"elementor-widget-container\">\n\t\t\t\t\t\t\t\t<div class=\"elementor-text-editor elementor-clearfix\">\n\t\t\t\t<h3>PROYECTO PREVENIA<\/h3><p>El proyecto implica el desarrollo de actividades desde la prevenci\u00f3n escolar a tres niveles de intervenci\u00f3n: con las y los alumnos, el profesorado y las madres y padres de las\/los alumnos. Los objetivos abordados con cada colectivo son diferentes y buscan incidir en las \u00e1reas de mayor importancia en relaci\u00f3n a la prevenci\u00f3n del consumo de sustancias y las adicciones comportamentales. La duraci\u00f3n de las actividades, los contenidos abordados y la metodolog\u00eda (te\u00f3rico-pr\u00e1ctica) es distinta en cada uno de los casos; atendiendo a las necesidades de cada grupo.<br \/><br \/><br \/><\/p><h4>CHARLAS DE PREVENCI\u00d3N<\/h4><p>Charlas orientadas a los dos principales colectivos implicados: las\/los alumnas\/os y sus madres\/padres. Con distintos objetivos, orientados al no consumo y la prevenci\u00f3n de riesgos en el caso de unos y al establecimiento de l\u00edmites y pautas de actuaci\u00f3n en el caso de los otros; las charlas abordan diversos temas relacionados con el consumo de sustancias, las consecuencias, los riesgos y las adicciones comportamentales.<\/p><ul><li><strong>Charlas para las y los alumnos<\/strong>: orientadas a promocionar la salud y reducir los da\u00f1os a trav\u00e9s de la reflexi\u00f3n grupal; dise\u00f1adas en base a las caracter\u00edsticas de las\/los menores, sus circunstancias y a los riesgos espec\u00edficos que se derivan de cada momento evolutivo.<\/li><li><strong>Charla para madres y padres<\/strong>: orientada al conocimiento de aspectos b\u00e1sicos relacionados con las sustancias y adicciones comportamentales, y el establecimiento de l\u00edmites; aborda diferentes contenidos teniendo en cuenta sus preocupaciones, las necesidades de sus hijos\/as en cada fase evolutiva y los riesgos asociados.<\/li><\/ul><h4>FORMACI\u00d3N A PROFESORES<\/h4><p>Actividad formativa dirigida al personal docente de los centros escolares; donde el alumnado comienza la primera fase de b\u00fasqueda de identidad, las primeras relaciones y la exposici\u00f3n a actividades de ocio. La prevenci\u00f3n educativa profundiza en torno a diferentes objetivos: adquisici\u00f3n de conocimientos b\u00e1sicos, identificaci\u00f3n de los riesgos derivados, uso de medidas y t\u00e9cnicas educativas, gesti\u00f3n de situaciones complicadas y las pautas a seguir en cada caso. La formaci\u00f3n esta adaptada al profesorado de las diferentes etapas educativas, a las caracter\u00edsticas espec\u00edficas del alumnado y su situaci\u00f3n.<\/p>\t\t\t\t\t<\/div>\n\t\t\t\t\t\t<\/div>\n\t\t\t\t<\/div>\n\t\t\t\t\t\t<\/div>\n\t\t\t\t\t<\/div>\n\t\t<\/div>\n\t\t\t\t\t\t\t\t<\/div>\n\t\t\t\t\t<\/div>\n\t\t<\/section>\n\t\t\t\t<section class=\"elementor-section elementor-inner-section elementor-element elementor-element-d311742 elementor-section-boxed elementor-section-height-default elementor-section-height-default\" data-id=\"d311742\" data-element_type=\"section\">\n\t\t\t\t\t\t<div class=\"elementor-container elementor-column-gap-default\">\n\t\t\t\t\t\t\t<div class=\"elementor-row\">\n\t\t\t\t\t<div class=\"elementor-column elementor-col-100 elementor-inner-column elementor-element elementor-element-dcfcfae\" data-id=\"dcfcfae\" data-element_type=\"column\">\n\t\t\t<div class=\"elementor-column-wrap elementor-element-populated\">\n\t\t\t\t\t\t\t<div class=\"elementor-widget-wrap\">\n\t\t\t\t\t\t<div class=\"elementor-element elementor-element-386830b elementor-widget elementor-widget-text-editor\" data-id=\"386830b\" data-element_type=\"widget\" data-widget_type=\"text-editor.default\">\n\t\t\t\t<div class=\"elementor-widget-container\">\n\t\t\t\t\t\t\t\t<div class=\"elementor-text-editor elementor-clearfix\">\n\t\t\t\t<h3><strong>UNIDAD DE INTERVENCI\u00d3N ESPECIALIZADA ORAIN<\/strong><\/h3>\n<p>Es una unidad de intervenci\u00f3n individualizada, para usuarios con usos problem\u00e1ticos o adicci\u00f3n y sus familiares, o para el abordaje de problem\u00e1ticas concretas: cannabis, alcohol, juego, apuestas, &#8230;<\/p>\n<p>En cada caso se realiza una valoraci\u00f3n diagn\u00f3stica de la situaci\u00f3n, se establecen unos objetivos para el abordaje del problema o de la adicci\u00f3n, los recursos a aplicar, los plazos de ejecuci\u00f3n y finalmente se lleva a cabo la intervenci\u00f3n terap\u00e9utica y\/o educativa m\u00e1s conveniente ante la situaci\u00f3n.<\/p>\t\t\t\t\t<\/div>\n\t\t\t\t\t\t<\/div>\n\t\t\t\t<\/div>\n\t\t\t\t<div class=\"elementor-element elementor-element-d74af91 cta elementor-widget elementor-widget-wp-widget-custom_html\" data-id=\"d74af91\" data-element_type=\"widget\" data-widget_type=\"wp-widget-custom_html.default\">\n\t\t\t\t<div class=\"elementor-widget-container\">\n\t\t\t<h5>\u00bfNecesitas m\u00e1s informaci\u00f3n?<\/h5><div class=\"textwidget custom-html-widget\"><a href=\"\/contacto\" class=\"boton\">CONTACTA CON NOSOTROS<\/a><\/div>\t\t<\/div>\n\t\t\t\t<\/div>\n\t\t\t\t\t\t<\/div>\n\t\t\t\t\t<\/div>\n\t\t<\/div>\n\t\t\t\t\t\t\t\t<\/div>\n\t\t\t\t\t<\/div>\n\t\t<\/section>\n\t\t\t\t\t\t<\/div>\n\t\t\t\t\t<\/div>\n\t\t<\/div>\n\t\t\t\t\t\t\t\t<\/div>\n\t\t\t\t\t<\/div>\n\t\t<\/section>\n\t\t\t\t<section class=\"elementor-section elementor-top-section elementor-element elementor-element-44a96ab franja elementor-section-boxed elementor-section-height-default elementor-section-height-default\" data-id=\"44a96ab\" data-element_type=\"section\" data-settings=\"{&quot;background_background&quot;:&quot;classic&quot;}\">\n\t\t\t\t\t\t\t<div class=\"elementor-background-overlay\"><\/div>\n\t\t\t\t\t\t\t<div class=\"elementor-container elementor-column-gap-default\">\n\t\t\t\t\t\t\t<div class=\"elementor-row\">\n\t\t\t\t\t<div class=\"elementor-column elementor-col-100 elementor-top-column elementor-element elementor-element-5312e94\" data-id=\"5312e94\" data-element_type=\"column\" data-settings=\"{&quot;background_background&quot;:&quot;classic&quot;}\">\n\t\t\t<div class=\"elementor-column-wrap elementor-element-populated\">\n\t\t\t\t\t<div class=\"elementor-background-overlay\"><\/div>\n\t\t\t\t\t\t\t<div class=\"elementor-widget-wrap\">\n\t\t\t\t\t\t<section class=\"elementor-section elementor-inner-section elementor-element elementor-element-12cfc60 elementor-section-boxed elementor-section-height-default elementor-section-height-default\" data-id=\"12cfc60\" data-element_type=\"section\">\n\t\t\t\t\t\t<div class=\"elementor-container elementor-column-gap-default\">\n\t\t\t\t\t\t\t<div class=\"elementor-row\">\n\t\t\t\t\t<div class=\"elementor-column elementor-col-100 elementor-inner-column elementor-element elementor-element-61c21b3\" data-id=\"61c21b3\" data-element_type=\"column\">\n\t\t\t<div class=\"elementor-column-wrap elementor-element-populated\">\n\t\t\t\t\t\t\t<div class=\"elementor-widget-wrap\">\n\t\t\t\t\t\t<div class=\"elementor-element elementor-element-2959ec8 titulo centro elementor-widget elementor-widget-heading\" data-id=\"2959ec8\" data-element_type=\"widget\" data-widget_type=\"heading.default\">\n\t\t\t\t<div class=\"elementor-widget-container\">\n\t\t\t<h2 class=\"elementor-heading-title elementor-size-default\">nuestros proyectos<\/h2>\t\t<\/div>\n\t\t\t\t<\/div>\n\t\t\t\t\t\t<\/div>\n\t\t\t\t\t<\/div>\n\t\t<\/div>\n\t\t\t\t\t\t\t\t<\/div>\n\t\t\t\t\t<\/div>\n\t\t<\/section>\n\t\t\t\t<section class=\"elementor-section elementor-inner-section elementor-element elementor-element-4a0306c elementor-section-boxed elementor-section-height-default elementor-section-height-default\" data-id=\"4a0306c\" data-element_type=\"section\">\n\t\t\t\t\t\t<div class=\"elementor-container elementor-column-gap-default\">\n\t\t\t\t\t\t\t<div class=\"elementor-row\">\n\t\t\t\t\t<div class=\"elementor-column elementor-col-100 elementor-inner-column elementor-element elementor-element-5efb855\" data-id=\"5efb855\" data-element_type=\"column\">\n\t\t\t<div class=\"elementor-column-wrap elementor-element-populated\">\n\t\t\t\t\t\t\t<div class=\"elementor-widget-wrap\">\n\t\t\t\t\t\t<div class=\"elementor-element elementor-element-a401eda elementor-widget elementor-widget-wp-widget-sticky-posts\" data-id=\"a401eda\" data-element_type=\"widget\" data-widget_type=\"wp-widget-sticky-posts.default\">\n\t\t\t\t<div class=\"elementor-widget-container\">\n\t\t\t\n\n\n\n<div class=\"upw-posts hfeed row\">\n\n  \n      \n                \n        <div class=\"item col-sm-4\">\n        <article class=\"post-3219 proyecto type-proyecto status-publish has-post-thumbnail hentry category-prevenia\">\n          <header>\n\n                          <div class=\"entry-image\">\n                <a href=\"https:\/\/orainprebentzioa.com\/es\/proyectos\/formacion-a-profesionales-del-ambito-social\/\" rel=\"bookmark\">\n                  <img loading=\"lazy\" decoding=\"async\" width=\"398\" height=\"265\" src=\"https:\/\/orainprebentzioa.com\/wp-content\/uploads\/2020\/09\/hijos-educacion-formacion-profesional-3-398x265.jpg\" class=\"attachment-thumbnail size-thumbnail wp-post-image\" alt=\"\" srcset=\"https:\/\/orainprebentzioa.com\/wp-content\/uploads\/2020\/09\/hijos-educacion-formacion-profesional-3-398x265.jpg 398w, https:\/\/orainprebentzioa.com\/wp-content\/uploads\/2020\/09\/hijos-educacion-formacion-profesional-3-768x512.jpg 768w, https:\/\/orainprebentzioa.com\/wp-content\/uploads\/2020\/09\/hijos-educacion-formacion-profesional-3.jpg 1000w\" sizes=\"(max-width: 398px) 100vw, 398px\" \/>                <\/a>\n              <\/div>\n            \n                          <h3 class=\"entry-title\">\n                <a href=\"https:\/\/orainprebentzioa.com\/es\/proyectos\/formacion-a-profesionales-del-ambito-social\/\" rel=\"bookmark\">\n                  Formaci\u00f3n a profesionales del \u00e1mbito social                <\/a>\n              <\/h3>\n            \n            \n          <\/header>\n\n                      <div class=\"entry-summary\">\n              <p>\n                Desde el a\u00f1o 2007 se han llevado a cabo diversas acciones formativas con las y los profesionales del \u00e1mbito social de Gipuzkoa, en contacto directo con menores; abordando la prevenci\u00f3n del consumo de sustancias y la reducci\u00f3n de riesgos y da\u00f1os. El objetivo de esta formaci\u00f3n te\u00f3rico-pr\u00e1ctica, es la adquisici\u00f3n de herramientas de detecci\u00f3n y estrategias de intervenci\u00f3n a las...                                  <a href=\"https:\/\/orainprebentzioa.com\/es\/proyectos\/formacion-a-profesionales-del-ambito-social\/\" class=\"more-link\">Leer m\u00e1s<\/a>\n                              <\/p>\n            <\/div>\n          \n          <footer>\n\n            \n            \n            \n          <\/footer>\n\n        <\/article>\n\t\t<\/div><!--class col-->\n      \n                \n        <div class=\"item col-sm-4\">\n        <article class=\"post-2789 proyecto type-proyecto status-publish has-post-thumbnail hentry category-prevenia\">\n          <header>\n\n                          <div class=\"entry-image\">\n                <a href=\"https:\/\/orainprebentzioa.com\/es\/proyectos\/proyecto-medidas-alternativas-por-consumo-o-tenencia-de-sustancias\/\" rel=\"bookmark\">\n                  <img loading=\"lazy\" decoding=\"async\" width=\"398\" height=\"265\" src=\"https:\/\/orainprebentzioa.com\/wp-content\/uploads\/2020\/09\/botellon_medidas-398x265.jpg\" class=\"attachment-thumbnail size-thumbnail wp-post-image\" alt=\"\" \/>                <\/a>\n              <\/div>\n            \n                          <h3 class=\"entry-title\">\n                <a href=\"https:\/\/orainprebentzioa.com\/es\/proyectos\/proyecto-medidas-alternativas-por-consumo-o-tenencia-de-sustancias\/\" rel=\"bookmark\">\n                  Proyecto medidas alternativas por consumo o tenencia de sustancias                <\/a>\n              <\/h3>\n            \n            \n          <\/header>\n\n                      <div class=\"entry-summary\">\n              <p>\n                El proyecto \u201cMedidas reeducativas a menores sancionados por consumo o tenencia de sustancias\u201d; es un servicio de atenci\u00f3n a adolescentes y a sus familias, ofrecido y desarrollado en colaboraci\u00f3n con el Ayuntamiento de Donostia-San Sebasti\u00e1n desde el a\u00f1o 2007 hasta el a\u00f1o 2020. &nbsp; El servicio esta dirigido a menores sancionados en la ciudad de Donostia por consumo o tenencia...                                  <a href=\"https:\/\/orainprebentzioa.com\/es\/proyectos\/proyecto-medidas-alternativas-por-consumo-o-tenencia-de-sustancias\/\" class=\"more-link\">Leer m\u00e1s<\/a>\n                              <\/p>\n            <\/div>\n          \n          <footer>\n\n            \n            \n            \n          <\/footer>\n\n        <\/article>\n\t\t<\/div><!--class col-->\n      \n                \n        <div class=\"item col-sm-4\">\n        <article class=\"post-2788 proyecto type-proyecto status-publish has-post-thumbnail hentry category-prevenia\">\n          <header>\n\n                          <div class=\"entry-image\">\n                <a href=\"https:\/\/orainprebentzioa.com\/es\/proyectos\/proyecto-prevenia-en-centros-de-formacion-profesional-basica\/\" rel=\"bookmark\">\n                  <img loading=\"lazy\" decoding=\"async\" width=\"398\" height=\"265\" src=\"https:\/\/orainprebentzioa.com\/wp-content\/uploads\/2020\/06\/charlas-fpb-398x265.jpg\" class=\"attachment-thumbnail size-thumbnail wp-post-image\" alt=\"\" \/>                <\/a>\n              <\/div>\n            \n                          <h3 class=\"entry-title\">\n                <a href=\"https:\/\/orainprebentzioa.com\/es\/proyectos\/proyecto-prevenia-en-centros-de-formacion-profesional-basica\/\" rel=\"bookmark\">\n                  Proyecto Prevenia en centros de Formaci\u00f3n Profesional B\u00e1sica                <\/a>\n              <\/h3>\n            \n            \n          <\/header>\n\n                      <div class=\"entry-summary\">\n              <p>\n                Desde el a\u00f1o 2006 se han implementado el proyecto en m\u00e1s de 40 centros educativos de Formaci\u00f3n Profesional B\u00e1sica (anteriormente conocidos como CIP o PCPI) de Donostia y algunos de Guip\u00fazcoa. Esta acci\u00f3n preventiva ha recibido el apoyo de diversas entidades p\u00fablicas; como el Ayuntamiento de Donostia y el Departamento de Salud del Gobierno Vasco OSAKIDETZA. Durante su desarrollo, se...                                  <a href=\"https:\/\/orainprebentzioa.com\/es\/proyectos\/proyecto-prevenia-en-centros-de-formacion-profesional-basica\/\" class=\"more-link\">Leer m\u00e1s<\/a>\n                              <\/p>\n            <\/div>\n          \n          <footer>\n\n            \n            \n            \n          <\/footer>\n\n        <\/article>\n\t\t<\/div><!--class col-->\n      <\/div>\n\n  \n<\/div>\n\n\t\t<\/div>\n\t\t\t\t<\/div>\n\t\t\t\t\t\t<\/div>\n\t\t\t\t\t<\/div>\n\t\t<\/div>\n\t\t\t\t\t\t\t\t<\/div>\n\t\t\t\t\t<\/div>\n\t\t<\/section>\n\t\t\t\t\t\t<\/div>\n\t\t\t\t\t<\/div>\n\t\t<\/div>\n\t\t\t\t\t\t\t\t<\/div>\n\t\t\t\t\t<\/div>\n\t\t<\/section>\n\t\t\t\t\t\t\t\t\t<\/div>\n\t\t\t<\/div>\n\t\t\t\t\t<\/div>\n\t\t","protected":false},"excerpt":{"rendered":"<p>Prevenia Equipo de prevenci\u00f3n de las adicciones a sustancias y comportamientos \u00bfQu\u00e9 es Prevenia? Es un programa de prevenci\u00f3n de las adicciones enfocado a las dos \u00e1reas principales: Las adicciones a sustancias como alcohol, cannabis, tabaco, \u2026 Las adicciones comportamentales como el juego, apuestas, \u2026 El principal objetivo es promocionar la salud a trav\u00e9s de la prevenci\u00f3n; potenciando los factores [&hellip;]<\/p>\n","protected":false},"author":1,"featured_media":0,"parent":0,"menu_order":0,"comment_status":"closed","ping_status":"closed","template":"templates\/area.php","meta":{"footnotes":""},"_links":{"self":[{"href":"https:\/\/orainprebentzioa.com\/es\/wp-json\/wp\/v2\/pages\/2736\/"}],"collection":[{"href":"https:\/\/orainprebentzioa.com\/es\/wp-json\/wp\/v2\/pages\/"}],"about":[{"href":"https:\/\/orainprebentzioa.com\/es\/wp-json\/wp\/v2\/types\/page\/"}],"author":[{"embeddable":true,"href":"https:\/\/orainprebentzioa.com\/es\/wp-json\/wp\/v2\/users\/1\/"}],"replies":[{"embeddable":true,"href":"https:\/\/orainprebentzioa.com\/es\/wp-json\/wp\/v2\/comments\/?post=2736"}],"version-history":[{"count":4,"href":"https:\/\/orainprebentzioa.com\/es\/wp-json\/wp\/v2\/pages\/2736\/revisions\/"}],"predecessor-version":[{"id":3624,"href":"https:\/\/orainprebentzioa.com\/es\/wp-json\/wp\/v2\/pages\/2736\/revisions\/3624\/"}],"wp:attachment":[{"href":"https:\/\/orainprebentzioa.com\/es\/wp-json\/wp\/v2\/media\/?parent=2736"}],"curies":[{"name":"wp","href":"https:\/\/api.w.org\/{rel}","templated":true}]}}