{"id":2742,"date":"2020-06-19T11:18:56","date_gmt":"2020-06-19T09:18:56","guid":{"rendered":"http:\/\/orainprebentzioa.com\/?page_id=2742"},"modified":"2023-11-24T12:45:28","modified_gmt":"2023-11-24T11:45:28","slug":"cannabia","status":"publish","type":"page","link":"https:\/\/orainprebentzioa.com\/es\/cannabia\/","title":{"rendered":"Cannabia"},"content":{"rendered":"\t\t<div data-elementor-type=\"wp-page\" data-elementor-id=\"2742\" class=\"elementor elementor-2742\">\n\t\t\t\t\t\t<div class=\"elementor-inner\">\n\t\t\t\t<div class=\"elementor-section-wrap\">\n\t\t\t\t\t\t\t\t\t<section class=\"elementor-section elementor-top-section elementor-element elementor-element-7ad6f6aa franja cabecera area cannabia elementor-section-boxed elementor-section-height-default elementor-section-height-default\" data-id=\"7ad6f6aa\" data-element_type=\"section\" data-settings=\"{&quot;background_background&quot;:&quot;slideshow&quot;,&quot;background_slideshow_gallery&quot;:[{&quot;id&quot;:2755,&quot;url&quot;:&quot;http:\\\/\\\/orainprebentzioa.com\\\/wp-content\\\/uploads\\\/2020\\\/06\\\/cannabia.jpg&quot;}],&quot;background_slideshow_ken_burns&quot;:&quot;yes&quot;,&quot;background_slideshow_loop&quot;:&quot;yes&quot;,&quot;background_slideshow_slide_duration&quot;:5000,&quot;background_slideshow_slide_transition&quot;:&quot;fade&quot;,&quot;background_slideshow_transition_duration&quot;:500,&quot;background_slideshow_ken_burns_zoom_direction&quot;:&quot;in&quot;}\">\n\t\t\t\t\t\t<div class=\"elementor-container elementor-column-gap-default\">\n\t\t\t\t\t\t\t<div class=\"elementor-row\">\n\t\t\t\t\t<div class=\"elementor-column elementor-col-100 elementor-top-column elementor-element elementor-element-570c5f82\" data-id=\"570c5f82\" data-element_type=\"column\">\n\t\t\t<div class=\"elementor-column-wrap elementor-element-populated\">\n\t\t\t\t\t\t\t<div class=\"elementor-widget-wrap\">\n\t\t\t\t\t\t<div class=\"elementor-element elementor-element-6ed07a06 texto elementor-widget elementor-widget-text-editor\" data-id=\"6ed07a06\" data-element_type=\"widget\" data-widget_type=\"text-editor.default\">\n\t\t\t\t<div class=\"elementor-widget-container\">\n\t\t\t\t\t\t\t\t<div class=\"elementor-text-editor elementor-clearfix\">\n\t\t\t\t<h1>Cannabia<\/h1>\n<h2 class=\"slogan\">Equipo de prevenci\u00f3n de adicci\u00f3n al Cannabis<\/h2>\t\t\t\t\t<\/div>\n\t\t\t\t\t\t<\/div>\n\t\t\t\t<\/div>\n\t\t\t\t\t\t<\/div>\n\t\t\t\t\t<\/div>\n\t\t<\/div>\n\t\t\t\t\t\t\t\t<\/div>\n\t\t\t\t\t<\/div>\n\t\t<\/section>\n\t\t\t\t<section class=\"elementor-section elementor-top-section elementor-element elementor-element-204e65d3 franja teknia elementor-section-boxed elementor-section-height-default elementor-section-height-default\" data-id=\"204e65d3\" data-element_type=\"section\" id=\"area\" data-settings=\"{&quot;background_background&quot;:&quot;classic&quot;}\">\n\t\t\t\t\t\t<div class=\"elementor-container elementor-column-gap-default\">\n\t\t\t\t\t\t\t<div class=\"elementor-row\">\n\t\t\t\t\t<div class=\"elementor-column elementor-col-100 elementor-top-column elementor-element elementor-element-5f29e7d\" data-id=\"5f29e7d\" data-element_type=\"column\" data-settings=\"{&quot;animation&quot;:&quot;none&quot;}\">\n\t\t\t<div class=\"elementor-column-wrap elementor-element-populated\">\n\t\t\t\t\t\t\t<div class=\"elementor-widget-wrap\">\n\t\t\t\t\t\t<section class=\"elementor-section elementor-inner-section elementor-element elementor-element-6345e4e elementor-section-boxed elementor-section-height-default elementor-section-height-default\" data-id=\"6345e4e\" data-element_type=\"section\">\n\t\t\t\t\t\t<div class=\"elementor-container elementor-column-gap-default\">\n\t\t\t\t\t\t\t<div class=\"elementor-row\">\n\t\t\t\t\t<div class=\"elementor-column elementor-col-100 elementor-inner-column elementor-element elementor-element-637a15f6\" data-id=\"637a15f6\" data-element_type=\"column\">\n\t\t\t<div class=\"elementor-column-wrap elementor-element-populated\">\n\t\t\t\t\t\t\t<div class=\"elementor-widget-wrap\">\n\t\t\t\t\t\t<div class=\"elementor-element elementor-element-2f5ebef9 titulo centro elementor-widget elementor-widget-heading\" data-id=\"2f5ebef9\" data-element_type=\"widget\" data-widget_type=\"heading.default\">\n\t\t\t\t<div class=\"elementor-widget-container\">\n\t\t\t<h2 class=\"elementor-heading-title elementor-size-default\">\u00bfQu\u00e9 es Cannabia?<\/h2>\t\t<\/div>\n\t\t\t\t<\/div>\n\t\t\t\t<div class=\"elementor-element elementor-element-282b23fe subtitulo elementor-widget elementor-widget-text-editor\" data-id=\"282b23fe\" data-element_type=\"widget\" data-widget_type=\"text-editor.default\">\n\t\t\t\t<div class=\"elementor-widget-container\">\n\t\t\t\t\t\t\t\t<div class=\"elementor-text-editor elementor-clearfix\">\n\t\t\t\t<p>Es un programa orientado a la <strong>prevenci\u00f3n<\/strong> del <strong>uso inadecuado de cannabis<\/strong>; usos problem\u00e1ticos y adicci\u00f3n. El principal <strong>objetivo<\/strong> es la <strong>reducci\u00f3n de posibles riesgos y da\u00f1os<\/strong> derivados del uso de cannabis, as\u00ed como establecer usos responsables que eviten o reduzcan la aparici\u00f3n de consecuencias negativas.<\/p>\t\t\t\t\t<\/div>\n\t\t\t\t\t\t<\/div>\n\t\t\t\t<\/div>\n\t\t\t\t<div class=\"elementor-element elementor-element-21cd40df subtitulo elementor-widget elementor-widget-text-editor\" data-id=\"21cd40df\" data-element_type=\"widget\" data-widget_type=\"text-editor.default\">\n\t\t\t\t<div class=\"elementor-widget-container\">\n\t\t\t\t\t\t\t\t<div class=\"elementor-text-editor elementor-clearfix\">\n\t\t\t\t<p>Est\u00e1 <strong>dirigido<\/strong> exclusivamente a adultos que son <strong>usuarios habituales<\/strong> de cannabis o <strong>entidades<\/strong> como los Clubes Sociales de Cannabis.<\/p>\t\t\t\t\t<\/div>\n\t\t\t\t\t\t<\/div>\n\t\t\t\t<\/div>\n\t\t\t\t\t\t<\/div>\n\t\t\t\t\t<\/div>\n\t\t<\/div>\n\t\t\t\t\t\t\t\t<\/div>\n\t\t\t\t\t<\/div>\n\t\t<\/section>\n\t\t\t\t\t\t<\/div>\n\t\t\t\t\t<\/div>\n\t\t<\/div>\n\t\t\t\t\t\t\t\t<\/div>\n\t\t\t\t\t<\/div>\n\t\t<\/section>\n\t\t\t\t<section class=\"elementor-section elementor-top-section elementor-element elementor-element-4455e009 franja elementor-section-boxed elementor-section-height-default elementor-section-height-default\" data-id=\"4455e009\" data-element_type=\"section\" id=\"servicios\" data-settings=\"{&quot;shape_divider_bottom&quot;:&quot;tilt&quot;,&quot;shape_divider_top&quot;:&quot;tilt&quot;,&quot;background_background&quot;:&quot;classic&quot;}\">\n\t\t\t\t\t\t\t<div class=\"elementor-background-overlay\"><\/div>\n\t\t\t\t\t\t<div class=\"elementor-shape elementor-shape-top\" data-negative=\"false\">\n\t\t\t<svg xmlns=\"http:\/\/www.w3.org\/2000\/svg\" viewBox=\"0 0 1000 100\" preserveAspectRatio=\"none\">\n\t<path class=\"elementor-shape-fill\" d=\"M0,6V0h1000v100L0,6z\"\/>\n<\/svg>\t\t<\/div>\n\t\t\t\t<div class=\"elementor-shape elementor-shape-bottom\" data-negative=\"false\">\n\t\t\t<svg xmlns=\"http:\/\/www.w3.org\/2000\/svg\" viewBox=\"0 0 1000 100\" preserveAspectRatio=\"none\">\n\t<path class=\"elementor-shape-fill\" d=\"M0,6V0h1000v100L0,6z\"\/>\n<\/svg>\t\t<\/div>\n\t\t\t\t\t<div class=\"elementor-container elementor-column-gap-default\">\n\t\t\t\t\t\t\t<div class=\"elementor-row\">\n\t\t\t\t\t<div class=\"elementor-column elementor-col-100 elementor-top-column elementor-element elementor-element-61fd4f15\" data-id=\"61fd4f15\" data-element_type=\"column\" data-settings=\"{&quot;background_background&quot;:&quot;classic&quot;}\">\n\t\t\t<div class=\"elementor-column-wrap elementor-element-populated\">\n\t\t\t\t\t<div class=\"elementor-background-overlay\"><\/div>\n\t\t\t\t\t\t\t<div class=\"elementor-widget-wrap\">\n\t\t\t\t\t\t<section class=\"elementor-section elementor-inner-section elementor-element elementor-element-7b6a9b24 elementor-section-boxed elementor-section-height-default elementor-section-height-default\" data-id=\"7b6a9b24\" data-element_type=\"section\">\n\t\t\t\t\t\t<div class=\"elementor-container elementor-column-gap-default\">\n\t\t\t\t\t\t\t<div class=\"elementor-row\">\n\t\t\t\t\t<div class=\"elementor-column elementor-col-100 elementor-inner-column elementor-element elementor-element-7fdfee4a\" data-id=\"7fdfee4a\" data-element_type=\"column\">\n\t\t\t<div class=\"elementor-column-wrap elementor-element-populated\">\n\t\t\t\t\t\t\t<div class=\"elementor-widget-wrap\">\n\t\t\t\t\t\t<div class=\"elementor-element elementor-element-438725a7 titulo centro elementor-widget elementor-widget-heading\" data-id=\"438725a7\" data-element_type=\"widget\" data-widget_type=\"heading.default\">\n\t\t\t\t<div class=\"elementor-widget-container\">\n\t\t\t<h2 class=\"elementor-heading-title elementor-size-default\">\u00bfC\u00f3mo podemos ayudarte?<\/h2>\t\t<\/div>\n\t\t\t\t<\/div>\n\t\t\t\t\t\t<\/div>\n\t\t\t\t\t<\/div>\n\t\t<\/div>\n\t\t\t\t\t\t\t\t<\/div>\n\t\t\t\t\t<\/div>\n\t\t<\/section>\n\t\t\t\t<section class=\"elementor-section elementor-inner-section elementor-element elementor-element-4c017deb elementor-section-boxed elementor-section-height-default elementor-section-height-default\" data-id=\"4c017deb\" data-element_type=\"section\">\n\t\t\t\t\t\t<div class=\"elementor-container elementor-column-gap-default\">\n\t\t\t\t\t\t\t<div class=\"elementor-row\">\n\t\t\t\t\t<div class=\"elementor-column elementor-col-100 elementor-inner-column elementor-element elementor-element-4ecc1034\" data-id=\"4ecc1034\" data-element_type=\"column\">\n\t\t\t<div class=\"elementor-column-wrap elementor-element-populated\">\n\t\t\t\t\t\t\t<div class=\"elementor-widget-wrap\">\n\t\t\t\t\t\t<div class=\"elementor-element elementor-element-5b994ee elementor-widget elementor-widget-text-editor\" data-id=\"5b994ee\" data-element_type=\"widget\" data-widget_type=\"text-editor.default\">\n\t\t\t\t<div class=\"elementor-widget-container\">\n\t\t\t\t\t\t\t\t<div class=\"elementor-text-editor elementor-clearfix\">\n\t\t\t\t<h3>PROYECTO<strong> CANNABIA<\/strong><\/h3><p>El proyecto consiste en una actividad grupal orientada a la reflexi\u00f3n en el reconocimiento de los usos adecuados e inadecuados del consumo de cannabis; partiendo de la reflexi\u00f3n personal acerca del sentido y la funci\u00f3n del consumo, para construir l\u00edmites frente al abuso e interiorizar una autorregulaci\u00f3n y el <strong>uso responsable<\/strong>. El proyecto se concreta en tres <strong>l\u00edneas de actuaci\u00f3n<\/strong>.<\/p><ul><li><h4>Charlas introductorias sobre el uso responsable<\/h4><p>Charla dirigida usuarios de CSC u otros colectivos similares, cuyo objetivo es realizar un acercamiento a la prevenci\u00f3n y a la reducci\u00f3n de riesgos y da\u00f1os para estos usuarios, una introducci\u00f3n al uso responsable de cannabis<\/p><\/li><li><h4>Talleres de profundizaci\u00f3n sobre el uso responsable<\/h4><p>Taller donde los usuarios\/as tienen una implicaci\u00f3n personal, una participaci\u00f3n directa; en la que comentan experiencias personales, reflexionan sobre el uso, realizan un aprendizaje colectivo, comparten experiencias de autorregulaci\u00f3n, adquieren la responsabilidad en el consumo, etc.<\/p><\/li><li><h4>Charlas de difusi\u00f3n general<\/h4><p>Charlas, presentaciones o participaciones en foros de debate, actividades de prevenci\u00f3n y divulgaci\u00f3n dirigidas a un p\u00fablico general o a entidades especializadas.<\/p><\/li><\/ul>\t\t\t\t\t<\/div>\n\t\t\t\t\t\t<\/div>\n\t\t\t\t<\/div>\n\t\t\t\t<div class=\"elementor-element elementor-element-4161a18 elementor-widget elementor-widget-text-editor\" data-id=\"4161a18\" data-element_type=\"widget\" data-widget_type=\"text-editor.default\">\n\t\t\t\t<div class=\"elementor-widget-container\">\n\t\t\t\t\t\t\t\t<div class=\"elementor-text-editor elementor-clearfix\">\n\t\t\t\t<h3><strong>VALORACION DE ADICCION AL CANNABIS<\/strong><\/h3><p>Enmarcada dentro de una l\u00ednea de trabajo de reducci\u00f3n de riesgos; se ha dise\u00f1ado una valoraci\u00f3n diagn\u00f3stica, para determinar o no la existencia de adicci\u00f3n al cannabis. El objetivo es establecer un diagn\u00f3stico psicol\u00f3gico cl\u00ednico sobre la existencia de una posible dependencia\/adicci\u00f3n al cannabis o por el contrario la existencia de un uso habitual y moderado del mismo.<\/p><p>La valoraci\u00f3n implica el desarrollo de varias entrevistas y la implementaci\u00f3n una bater\u00eda de <strong>pruebas diagn\u00f3sticas<\/strong> que se realizan con cada usuario\/a. Los resultados y las conclusiones, ofrecen la posibilidad de constatar la realidad y orientar hacia el establecimiento de medidas y estrategias de reducci\u00f3n de riesgos y da\u00f1os dirigidas a las personas asociadas, en la l\u00ednea de cuidar la salud desde la promoci\u00f3n de actividades de prevenci\u00f3n indicada.<\/p>\t\t\t\t\t<\/div>\n\t\t\t\t\t\t<\/div>\n\t\t\t\t<\/div>\n\t\t\t\t<div class=\"elementor-element elementor-element-6ee8807 elementor-widget elementor-widget-text-editor\" data-id=\"6ee8807\" data-element_type=\"widget\" data-widget_type=\"text-editor.default\">\n\t\t\t\t<div class=\"elementor-widget-container\">\n\t\t\t\t\t\t\t\t<div class=\"elementor-text-editor elementor-clearfix\">\n\t\t\t\t<h3><strong>ASESOR\u00cdA, FORMACI\u00d3N Y ELABORACI\u00d3N DE PLANES DE REDUCCI\u00d3N DE RIESGOS\/DA\u00d1OS (RRDD) Y USO RESPONSABLE DE CANNABIS PARA CSC.<\/strong><\/h3><p>Servicios de consultor\u00eda orientados a la prevenci\u00f3n de la salud, la reducci\u00f3n de riesgos y da\u00f1os, y el uso responsable de cannabis. Consta de tres l\u00edneas de trabajo:<\/p><ul><li><strong>Asesor\u00eda <\/strong>en temas de implantaci\u00f3n de medidas de prevenci\u00f3n, reducci\u00f3n de riesgos y da\u00f1os, y fomento de la salud de los usuarios\/as.<\/li><li><strong>Formaci\u00f3n <\/strong>en reducci\u00f3n de riesgos y da\u00f1os, as\u00ed como en el consumo responsable de cannabis.<\/li><li><strong>Elaboraci\u00f3n <\/strong>de Planes de <strong>Prevenci\u00f3n <\/strong>desde la <strong>Reducci\u00f3n de Riesgos y Da\u00f1os<\/strong>, y el uso responsable de cannabis.<\/li><\/ul>\t\t\t\t\t<\/div>\n\t\t\t\t\t\t<\/div>\n\t\t\t\t<\/div>\n\t\t\t\t<div class=\"elementor-element elementor-element-e22f280 elementor-widget elementor-widget-text-editor\" data-id=\"e22f280\" data-element_type=\"widget\" data-widget_type=\"text-editor.default\">\n\t\t\t\t<div class=\"elementor-widget-container\">\n\t\t\t\t\t\t\t\t<div class=\"elementor-text-editor elementor-clearfix\">\n\t\t\t\t<h3><strong>UNIDAD DE INTERVENCI\u00d3N ESPECIALIZADA ORAIN.<\/strong><\/h3><p>Es una unidad de intervenci\u00f3n individualizada, para usuarios\/as con usos problem\u00e1ticos o adicci\u00f3n al cannabis, o para el abordaje de problem\u00e1ticas concretas que tienen lugar en los CSC: problemas psicol\u00f3gicos, conflictividad, problemas familiares o de pareja, &#8230;<\/p><p>En cada caso se realiza una valoraci\u00f3n diagn\u00f3stica de la situaci\u00f3n, se establecen unos objetivos para el abordaje del problema o de la adicci\u00f3n, los recursos a aplicar, los plazos de ejecuci\u00f3n y finalmente se lleva a cabo la intervenci\u00f3n terap\u00e9utica y\/o educativa m\u00e1s conveniente ante la situaci\u00f3n.<\/p>\t\t\t\t\t<\/div>\n\t\t\t\t\t\t<\/div>\n\t\t\t\t<\/div>\n\t\t\t\t\t\t<\/div>\n\t\t\t\t\t<\/div>\n\t\t<\/div>\n\t\t\t\t\t\t\t\t<\/div>\n\t\t\t\t\t<\/div>\n\t\t<\/section>\n\t\t\t\t<div class=\"elementor-element elementor-element-b035f57 cta elementor-widget elementor-widget-wp-widget-custom_html\" data-id=\"b035f57\" data-element_type=\"widget\" data-widget_type=\"wp-widget-custom_html.default\">\n\t\t\t\t<div class=\"elementor-widget-container\">\n\t\t\t<h5>\u00bfNecesitas m\u00e1s informaci\u00f3n?<\/h5><div class=\"textwidget custom-html-widget\"><a href=\"\/contacto\" class=\"boton\">CONTACTA CON NOSOTROS<\/a><\/div>\t\t<\/div>\n\t\t\t\t<\/div>\n\t\t\t\t\t\t<\/div>\n\t\t\t\t\t<\/div>\n\t\t<\/div>\n\t\t\t\t\t\t\t\t<\/div>\n\t\t\t\t\t<\/div>\n\t\t<\/section>\n\t\t\t\t<section class=\"elementor-section elementor-top-section elementor-element elementor-element-875a5e0 franja elementor-section-boxed elementor-section-height-default elementor-section-height-default\" data-id=\"875a5e0\" data-element_type=\"section\" data-settings=\"{&quot;background_background&quot;:&quot;classic&quot;}\">\n\t\t\t\t\t\t\t<div class=\"elementor-background-overlay\"><\/div>\n\t\t\t\t\t\t\t<div class=\"elementor-container elementor-column-gap-default\">\n\t\t\t\t\t\t\t<div class=\"elementor-row\">\n\t\t\t\t\t<div class=\"elementor-column elementor-col-100 elementor-top-column elementor-element elementor-element-c9aebc7\" data-id=\"c9aebc7\" data-element_type=\"column\" data-settings=\"{&quot;background_background&quot;:&quot;classic&quot;}\">\n\t\t\t<div class=\"elementor-column-wrap elementor-element-populated\">\n\t\t\t\t\t<div class=\"elementor-background-overlay\"><\/div>\n\t\t\t\t\t\t\t<div class=\"elementor-widget-wrap\">\n\t\t\t\t\t\t<section class=\"elementor-section elementor-inner-section elementor-element elementor-element-4657f86 elementor-section-boxed elementor-section-height-default elementor-section-height-default\" data-id=\"4657f86\" data-element_type=\"section\">\n\t\t\t\t\t\t<div class=\"elementor-container elementor-column-gap-default\">\n\t\t\t\t\t\t\t<div class=\"elementor-row\">\n\t\t\t\t\t<div class=\"elementor-column elementor-col-100 elementor-inner-column elementor-element elementor-element-20a0e63\" data-id=\"20a0e63\" data-element_type=\"column\">\n\t\t\t<div class=\"elementor-column-wrap elementor-element-populated\">\n\t\t\t\t\t\t\t<div class=\"elementor-widget-wrap\">\n\t\t\t\t\t\t<div class=\"elementor-element elementor-element-a591783 titulo centro elementor-widget elementor-widget-heading\" data-id=\"a591783\" data-element_type=\"widget\" data-widget_type=\"heading.default\">\n\t\t\t\t<div class=\"elementor-widget-container\">\n\t\t\t<h2 class=\"elementor-heading-title elementor-size-default\">nuestros proyectos<\/h2>\t\t<\/div>\n\t\t\t\t<\/div>\n\t\t\t\t\t\t<\/div>\n\t\t\t\t\t<\/div>\n\t\t<\/div>\n\t\t\t\t\t\t\t\t<\/div>\n\t\t\t\t\t<\/div>\n\t\t<\/section>\n\t\t\t\t<section class=\"elementor-section elementor-inner-section elementor-element elementor-element-bceeb0e elementor-section-boxed elementor-section-height-default elementor-section-height-default\" data-id=\"bceeb0e\" data-element_type=\"section\">\n\t\t\t\t\t\t<div class=\"elementor-container elementor-column-gap-default\">\n\t\t\t\t\t\t\t<div class=\"elementor-row\">\n\t\t\t\t\t<div class=\"elementor-column elementor-col-100 elementor-inner-column elementor-element elementor-element-de364ef\" data-id=\"de364ef\" data-element_type=\"column\">\n\t\t\t<div class=\"elementor-column-wrap elementor-element-populated\">\n\t\t\t\t\t\t\t<div class=\"elementor-widget-wrap\">\n\t\t\t\t\t\t<div class=\"elementor-element elementor-element-0710af3 elementor-widget elementor-widget-wp-widget-sticky-posts\" data-id=\"0710af3\" data-element_type=\"widget\" data-widget_type=\"wp-widget-sticky-posts.default\">\n\t\t\t\t<div class=\"elementor-widget-container\">\n\t\t\t\n\n\n\n<div class=\"upw-posts hfeed row\">\n\n  \n      \n                \n        <div class=\"item col-sm-4\">\n        <article class=\"post-2801 proyecto type-proyecto status-publish has-post-thumbnail hentry category-cannabia\">\n          <header>\n\n                          <div class=\"entry-image\">\n                <a href=\"https:\/\/orainprebentzioa.com\/es\/proyectos\/convenio-colaboracion-federacion-de-asociaciones-de-usuarios-de-cannabis-de-euskadi\/\" rel=\"bookmark\">\n                  <img loading=\"lazy\" decoding=\"async\" width=\"398\" height=\"265\" src=\"https:\/\/orainprebentzioa.com\/wp-content\/uploads\/2020\/06\/medidas-alternativas-consumo-cannabis-398x265.jpg\" class=\"attachment-thumbnail size-thumbnail wp-post-image\" alt=\"\" srcset=\"https:\/\/orainprebentzioa.com\/wp-content\/uploads\/2020\/06\/medidas-alternativas-consumo-cannabis-398x265.jpg 398w, https:\/\/orainprebentzioa.com\/wp-content\/uploads\/2020\/06\/medidas-alternativas-consumo-cannabis-768x512.jpg 768w, https:\/\/orainprebentzioa.com\/wp-content\/uploads\/2020\/06\/medidas-alternativas-consumo-cannabis.jpg 1024w\" sizes=\"(max-width: 398px) 100vw, 398px\" \/>                <\/a>\n              <\/div>\n            \n                          <h3 class=\"entry-title\">\n                <a href=\"https:\/\/orainprebentzioa.com\/es\/proyectos\/convenio-colaboracion-federacion-de-asociaciones-de-usuarios-de-cannabis-de-euskadi\/\" rel=\"bookmark\">\n                  Convenio colaboraci\u00f3n Federaci\u00f3n de Asociaciones de Usuarios de Cannabis de Euskadi                <\/a>\n              <\/h3>\n            \n            \n          <\/header>\n\n                      <div class=\"entry-summary\">\n              <p>\n                Convenio de colaboraci\u00f3n con la Federaci\u00f3n de Asociaciones de Usuarios de cannabis de Euskadi: EUSFAC; para el desarrollo y puesta en pr\u00e1ctica de actividades de prevenci\u00f3n indicada orientadas a la reducci\u00f3n de riesgos y da\u00f1os entre los usuarios\/as adultos de cannabis, socios de las asociaciones pertenecientes a la Federaci\u00f3n. Las actividades programadas constan de charlas y talleres orientados a los...                                  <a href=\"https:\/\/orainprebentzioa.com\/es\/proyectos\/convenio-colaboracion-federacion-de-asociaciones-de-usuarios-de-cannabis-de-euskadi\/\" class=\"more-link\">Leer m\u00e1s<\/a>\n                              <\/p>\n            <\/div>\n          \n          <footer>\n\n            \n            \n            \n          <\/footer>\n\n        <\/article>\n\t\t<\/div><!--class col-->\n      \n                \n        <div class=\"item col-sm-4\">\n        <article class=\"post-2798 proyecto type-proyecto status-publish has-post-thumbnail hentry category-cannabia\">\n          <header>\n\n                          <div class=\"entry-image\">\n                <a href=\"https:\/\/orainprebentzioa.com\/es\/proyectos\/valoracion-adiccion-csc\/\" rel=\"bookmark\">\n                  <img loading=\"lazy\" decoding=\"async\" width=\"398\" height=\"265\" src=\"https:\/\/orainprebentzioa.com\/wp-content\/uploads\/2020\/06\/club-social-cannabis-398x265.jpg\" class=\"attachment-thumbnail size-thumbnail wp-post-image\" alt=\"\" \/>                <\/a>\n              <\/div>\n            \n                          <h3 class=\"entry-title\">\n                <a href=\"https:\/\/orainprebentzioa.com\/es\/proyectos\/valoracion-adiccion-csc\/\" rel=\"bookmark\">\n                  Valoraci\u00f3n Adiccion CSC                <\/a>\n              <\/h3>\n            \n            \n          <\/header>\n\n                      <div class=\"entry-summary\">\n              <p>\n                Ante la demanda recibida por parte de algunos usuarios\/as de cannabis y de varios Clubes Sociales de Cannabis (CSC), de conocer el grado de adicci\u00f3n al cannabis de sus socios\/as; se ha dise\u00f1ado una herramienta de valoraci\u00f3n diagn\u00f3stica cl\u00ednica, para determinar o no la existencia de adicci\u00f3n al cannabis. Hasta la fecha se han realizado un total de150 valoraciones de...                                  <a href=\"https:\/\/orainprebentzioa.com\/es\/proyectos\/valoracion-adiccion-csc\/\" class=\"more-link\">Leer m\u00e1s<\/a>\n                              <\/p>\n            <\/div>\n          \n          <footer>\n\n            \n            \n            \n          <\/footer>\n\n        <\/article>\n\t\t<\/div><!--class col-->\n      \n                \n        <div class=\"item col-sm-4\">\n        <article class=\"post-2795 proyecto type-proyecto status-publish has-post-thumbnail hentry category-cannabia\">\n          <header>\n\n                          <div class=\"entry-image\">\n                <a href=\"https:\/\/orainprebentzioa.com\/es\/proyectos\/proyecto-cannabia-en-la-capv\/\" rel=\"bookmark\">\n                  <img loading=\"lazy\" decoding=\"async\" width=\"398\" height=\"265\" src=\"https:\/\/orainprebentzioa.com\/wp-content\/uploads\/2020\/06\/consumo-cannabis-proyecto-cannabia-398x265.jpg\" class=\"attachment-thumbnail size-thumbnail wp-post-image\" alt=\"\" srcset=\"https:\/\/orainprebentzioa.com\/wp-content\/uploads\/2020\/06\/consumo-cannabis-proyecto-cannabia-398x265.jpg 398w, https:\/\/orainprebentzioa.com\/wp-content\/uploads\/2020\/06\/consumo-cannabis-proyecto-cannabia-768x512.jpg 768w, https:\/\/orainprebentzioa.com\/wp-content\/uploads\/2020\/06\/consumo-cannabis-proyecto-cannabia.jpg 1024w\" sizes=\"(max-width: 398px) 100vw, 398px\" \/>                <\/a>\n              <\/div>\n            \n                          <h3 class=\"entry-title\">\n                <a href=\"https:\/\/orainprebentzioa.com\/es\/proyectos\/proyecto-cannabia-en-la-capv\/\" rel=\"bookmark\">\n                  Proyecto Cannabia en la CAPV                <\/a>\n              <\/h3>\n            \n            \n          <\/header>\n\n                      <div class=\"entry-summary\">\n              <p>\n                El proyecto, creado y activo desde el a\u00f1o 2002; se ha desarrollado en decenas de Clubes Sociales de Cannabis de la CAPV, en la Universidad del Pa\u00eds Vasco, en locales de j\u00f3venes, ONGs, etc. Esta acci\u00f3n preventiva ha recibido el apoyo de diversas entidades p\u00fablicas; como el Ayuntamiento de Donostia, el Departamento de Salud del Gobierno Vasco OSAKIDETZA y diversos...                                  <a href=\"https:\/\/orainprebentzioa.com\/es\/proyectos\/proyecto-cannabia-en-la-capv\/\" class=\"more-link\">Leer m\u00e1s<\/a>\n                              <\/p>\n            <\/div>\n          \n          <footer>\n\n            \n            \n            \n          <\/footer>\n\n        <\/article>\n\t\t<\/div><!--class col-->\n      <\/div>\n\n  \n<\/div>\n\n\t\t<\/div>\n\t\t\t\t<\/div>\n\t\t\t\t\t\t<\/div>\n\t\t\t\t\t<\/div>\n\t\t<\/div>\n\t\t\t\t\t\t\t\t<\/div>\n\t\t\t\t\t<\/div>\n\t\t<\/section>\n\t\t\t\t\t\t<\/div>\n\t\t\t\t\t<\/div>\n\t\t<\/div>\n\t\t\t\t\t\t\t\t<\/div>\n\t\t\t\t\t<\/div>\n\t\t<\/section>\n\t\t\t\t\t\t\t\t\t<\/div>\n\t\t\t<\/div>\n\t\t\t\t\t<\/div>\n\t\t","protected":false},"excerpt":{"rendered":"<p>Cannabia Equipo de prevenci\u00f3n de adicci\u00f3n al Cannabis \u00bfQu\u00e9 es Cannabia? Es un programa orientado a la prevenci\u00f3n del uso inadecuado de cannabis; usos problem\u00e1ticos y adicci\u00f3n. El principal objetivo es la reducci\u00f3n de posibles riesgos y da\u00f1os derivados del uso de cannabis, as\u00ed como establecer usos responsables que eviten o reduzcan la aparici\u00f3n de consecuencias negativas. Est\u00e1 dirigido exclusivamente [&hellip;]<\/p>\n","protected":false},"author":1,"featured_media":0,"parent":0,"menu_order":0,"comment_status":"closed","ping_status":"closed","template":"templates\/area.php","meta":{"footnotes":""},"_links":{"self":[{"href":"https:\/\/orainprebentzioa.com\/es\/wp-json\/wp\/v2\/pages\/2742\/"}],"collection":[{"href":"https:\/\/orainprebentzioa.com\/es\/wp-json\/wp\/v2\/pages\/"}],"about":[{"href":"https:\/\/orainprebentzioa.com\/es\/wp-json\/wp\/v2\/types\/page\/"}],"author":[{"embeddable":true,"href":"https:\/\/orainprebentzioa.com\/es\/wp-json\/wp\/v2\/users\/1\/"}],"replies":[{"embeddable":true,"href":"https:\/\/orainprebentzioa.com\/es\/wp-json\/wp\/v2\/comments\/?post=2742"}],"version-history":[{"count":3,"href":"https:\/\/orainprebentzioa.com\/es\/wp-json\/wp\/v2\/pages\/2742\/revisions\/"}],"predecessor-version":[{"id":3627,"href":"https:\/\/orainprebentzioa.com\/es\/wp-json\/wp\/v2\/pages\/2742\/revisions\/3627\/"}],"wp:attachment":[{"href":"https:\/\/orainprebentzioa.com\/es\/wp-json\/wp\/v2\/media\/?parent=2742"}],"curies":[{"name":"wp","href":"https:\/\/api.w.org\/{rel}","templated":true}]}}