{"id":2834,"date":"2020-06-19T14:33:45","date_gmt":"2020-06-19T12:33:45","guid":{"rendered":"http:\/\/orainprebentzioa.com\/?page_id=2834"},"modified":"2024-10-23T23:39:57","modified_gmt":"2024-10-23T21:39:57","slug":"quienes-somos","status":"publish","type":"page","link":"https:\/\/orainprebentzioa.com\/es\/quienes-somos\/","title":{"rendered":"Quienes Somos"},"content":{"rendered":"\t\t<div data-elementor-type=\"wp-page\" data-elementor-id=\"2834\" class=\"elementor elementor-2834\">\n\t\t\t\t\t\t<div class=\"elementor-inner\">\n\t\t\t\t<div class=\"elementor-section-wrap\">\n\t\t\t\t\t\t\t\t\t<section class=\"elementor-section elementor-top-section elementor-element elementor-element-d450241 franja elementor-section-boxed elementor-section-height-default elementor-section-height-default\" data-id=\"d450241\" data-element_type=\"section\">\n\t\t\t\t\t\t<div class=\"elementor-container elementor-column-gap-default\">\n\t\t\t\t\t\t\t<div class=\"elementor-row\">\n\t\t\t\t\t<div class=\"elementor-column elementor-col-100 elementor-top-column elementor-element elementor-element-918b1b5\" data-id=\"918b1b5\" data-element_type=\"column\">\n\t\t\t<div class=\"elementor-column-wrap elementor-element-populated\">\n\t\t\t\t\t\t\t<div class=\"elementor-widget-wrap\">\n\t\t\t\t\t\t<div class=\"elementor-element elementor-element-ece7a79 titulo centro elementor-widget elementor-widget-heading\" data-id=\"ece7a79\" data-element_type=\"widget\" data-widget_type=\"heading.default\">\n\t\t\t\t<div class=\"elementor-widget-container\">\n\t\t\t<h2 class=\"elementor-heading-title elementor-size-default\">\u00bfCU\u00c1L ES NUESTRA MISI\u00d3N?<\/h2>\t\t<\/div>\n\t\t\t\t<\/div>\n\t\t\t\t<div class=\"elementor-element elementor-element-c6806e1 elementor-widget elementor-widget-text-editor\" data-id=\"c6806e1\" data-element_type=\"widget\" data-widget_type=\"text-editor.default\">\n\t\t\t\t<div class=\"elementor-widget-container\">\n\t\t\t\t\t\t\t\t<div class=\"elementor-text-editor elementor-clearfix\">\n\t\t\t\t<p>Orainprebentzioa es una asociaci\u00f3n especializada en la prevenci\u00f3n de las adicciones.<\/p><p>Desarrolla su labor desde 2003 en Donostia, Gipuzkoa y alrededores.<\/p><p>\u00a0<\/p><p>El objetivo principal de la asociaci\u00f3n es:<\/p><ul><li>La prevenci\u00f3n de las adicciones a sustancias como el cannabis, alcohol, tabaco, coca\u00edna, etc.<\/li><li>La prevenci\u00f3n de los usos problem\u00e1ticos de las nuevas tecnolog\u00edas, juegos de azar, apuestas, etc.<\/li><li>La reducci\u00f3n de riesgos y da\u00f1os con usuarios adultos a sustancias.<\/li><\/ul><p>Orainprebentzioa est\u00e1 formado por psic\u00f3logos\/as y educadores\/as. Todos profesionales con amplia experiencia en las drogodependencias y en otras adicciones conductuales como el juego patol\u00f3gico, el uso de nuevas tecnolog\u00edas, apuestas, etc.<\/p>\t\t\t\t\t<\/div>\n\t\t\t\t\t\t<\/div>\n\t\t\t\t<\/div>\n\t\t\t\t\t\t<\/div>\n\t\t\t\t\t<\/div>\n\t\t<\/div>\n\t\t\t\t\t\t\t\t<\/div>\n\t\t\t\t\t<\/div>\n\t\t<\/section>\n\t\t\t\t<section class=\"elementor-section elementor-top-section elementor-element elementor-element-03d681a franja elementor-section-boxed elementor-section-height-default elementor-section-height-default\" data-id=\"03d681a\" data-element_type=\"section\" data-settings=\"{&quot;background_background&quot;:&quot;classic&quot;,&quot;shape_divider_top&quot;:&quot;tilt&quot;,&quot;shape_divider_bottom&quot;:&quot;tilt&quot;}\">\n\t\t\t\t\t<div class=\"elementor-shape elementor-shape-top\" data-negative=\"false\">\n\t\t\t<svg xmlns=\"http:\/\/www.w3.org\/2000\/svg\" viewBox=\"0 0 1000 100\" preserveAspectRatio=\"none\">\n\t<path class=\"elementor-shape-fill\" d=\"M0,6V0h1000v100L0,6z\"\/>\n<\/svg>\t\t<\/div>\n\t\t\t\t<div class=\"elementor-shape elementor-shape-bottom\" data-negative=\"false\">\n\t\t\t<svg xmlns=\"http:\/\/www.w3.org\/2000\/svg\" viewBox=\"0 0 1000 100\" preserveAspectRatio=\"none\">\n\t<path class=\"elementor-shape-fill\" d=\"M0,6V0h1000v100L0,6z\"\/>\n<\/svg>\t\t<\/div>\n\t\t\t\t\t<div class=\"elementor-container elementor-column-gap-default\">\n\t\t\t\t\t\t\t<div class=\"elementor-row\">\n\t\t\t\t\t<div class=\"elementor-column elementor-col-100 elementor-top-column elementor-element elementor-element-e75e67a\" data-id=\"e75e67a\" data-element_type=\"column\">\n\t\t\t<div class=\"elementor-column-wrap elementor-element-populated\">\n\t\t\t\t\t\t\t<div class=\"elementor-widget-wrap\">\n\t\t\t\t\t\t<div class=\"elementor-element elementor-element-8f61dbc titulo centro elementor-widget elementor-widget-heading\" data-id=\"8f61dbc\" data-element_type=\"widget\" data-widget_type=\"heading.default\">\n\t\t\t\t<div class=\"elementor-widget-container\">\n\t\t\t<h2 class=\"elementor-heading-title elementor-size-default\">NUESTRO EQUIPO<\/h2>\t\t<\/div>\n\t\t\t\t<\/div>\n\t\t\t\t<section class=\"elementor-section elementor-inner-section elementor-element elementor-element-c8f293a elementor-section-boxed elementor-section-height-default elementor-section-height-default\" data-id=\"c8f293a\" data-element_type=\"section\">\n\t\t\t\t\t\t<div class=\"elementor-container elementor-column-gap-default\">\n\t\t\t\t\t\t\t<div class=\"elementor-row\">\n\t\t\t\t\t<div class=\"elementor-column elementor-col-33 elementor-inner-column elementor-element elementor-element-926b382\" data-id=\"926b382\" data-element_type=\"column\">\n\t\t\t<div class=\"elementor-column-wrap elementor-element-populated\">\n\t\t\t\t\t\t\t<div class=\"elementor-widget-wrap\">\n\t\t\t\t\t\t<div class=\"elementor-element elementor-element-31fae8a elementor-position-top elementor-widget elementor-widget-image-box\" data-id=\"31fae8a\" data-element_type=\"widget\" data-widget_type=\"image-box.default\">\n\t\t\t\t<div class=\"elementor-widget-container\">\n\t\t\t<div class=\"elementor-image-box-wrapper\"><figure class=\"elementor-image-box-img\"><img loading=\"lazy\" decoding=\"async\" width=\"461\" height=\"568\" src=\"https:\/\/orainprebentzioa.com\/wp-content\/uploads\/2020\/08\/Inaki-Martinez-Aldanondo.png\" class=\"attachment-full size-full wp-image-3130\" alt=\"\" \/><\/figure><div class=\"elementor-image-box-content\"><h3 class=\"elementor-image-box-title\">I\u00f1aki Mart\u00ednez Aldanondo<\/h3><p class=\"elementor-image-box-description\"><em>Director<\/em><br\/><hr\/ style=\"width:30px;margin:15px auto 15px auto\">\n\nPsic\u00f3logo Cl\u00ednico y experto en adicciones<\/p><\/div><\/div>\t\t<\/div>\n\t\t\t\t<\/div>\n\t\t\t\t\t\t<\/div>\n\t\t\t\t\t<\/div>\n\t\t<\/div>\n\t\t\t\t<div class=\"elementor-column elementor-col-33 elementor-inner-column elementor-element elementor-element-bf612d6\" data-id=\"bf612d6\" data-element_type=\"column\">\n\t\t\t<div class=\"elementor-column-wrap elementor-element-populated\">\n\t\t\t\t\t\t\t<div class=\"elementor-widget-wrap\">\n\t\t\t\t\t\t<div class=\"elementor-element elementor-element-e7f11bb elementor-position-top elementor-widget elementor-widget-image-box\" data-id=\"e7f11bb\" data-element_type=\"widget\" data-widget_type=\"image-box.default\">\n\t\t\t\t<div class=\"elementor-widget-container\">\n\t\t\t<div class=\"elementor-image-box-wrapper\"><figure class=\"elementor-image-box-img\"><img loading=\"lazy\" decoding=\"async\" width=\"461\" height=\"568\" src=\"https:\/\/orainprebentzioa.com\/wp-content\/uploads\/2020\/07\/Mikel-Cerezo-Ansoleaga.png\" class=\"attachment-full size-full wp-image-3035\" alt=\"\" \/><\/figure><div class=\"elementor-image-box-content\"><h3 class=\"elementor-image-box-title\">Mikel Cerezo Ansoleaga<\/h3><p class=\"elementor-image-box-description\"><em>Coordinador<\/em><br\/><hr\/ style=\"width:30px;margin:15px auto 15px auto\">\n\nEducador Social y experto en adicciones<\/p><\/div><\/div>\t\t<\/div>\n\t\t\t\t<\/div>\n\t\t\t\t\t\t<\/div>\n\t\t\t\t\t<\/div>\n\t\t<\/div>\n\t\t\t\t<div class=\"elementor-column elementor-col-33 elementor-inner-column elementor-element elementor-element-96b825b\" data-id=\"96b825b\" data-element_type=\"column\">\n\t\t\t<div class=\"elementor-column-wrap elementor-element-populated\">\n\t\t\t\t\t\t\t<div class=\"elementor-widget-wrap\">\n\t\t\t\t\t\t<div class=\"elementor-element elementor-element-ff6e753 elementor-position-top elementor-widget elementor-widget-image-box\" data-id=\"ff6e753\" data-element_type=\"widget\" data-widget_type=\"image-box.default\">\n\t\t\t\t<div class=\"elementor-widget-container\">\n\t\t\t<div class=\"elementor-image-box-wrapper\"><figure class=\"elementor-image-box-img\"><img loading=\"lazy\" decoding=\"async\" width=\"461\" height=\"568\" src=\"https:\/\/orainprebentzioa.com\/wp-content\/uploads\/2020\/07\/Itziar-Villaluenga-Arranz.png\" class=\"attachment-full size-full wp-image-3031\" alt=\"\" \/><\/figure><div class=\"elementor-image-box-content\"><h3 class=\"elementor-image-box-title\">Itziar Villaluenga Arranz<\/h3><p class=\"elementor-image-box-description\"><em>Terapeuta<\/em><br\/><hr\/ style=\"width:30px;margin:15px auto 15px auto\">\n\nPsic\u00f3loga Sanitaria y experta en adicciones<\/p><\/div><\/div>\t\t<\/div>\n\t\t\t\t<\/div>\n\t\t\t\t\t\t<\/div>\n\t\t\t\t\t<\/div>\n\t\t<\/div>\n\t\t\t\t\t\t\t\t<\/div>\n\t\t\t\t\t<\/div>\n\t\t<\/section>\n\t\t\t\t<section class=\"elementor-section elementor-inner-section elementor-element elementor-element-a9d8f71 elementor-section-boxed elementor-section-height-default elementor-section-height-default\" data-id=\"a9d8f71\" data-element_type=\"section\">\n\t\t\t\t\t\t<div class=\"elementor-container elementor-column-gap-default\">\n\t\t\t\t\t\t\t<div class=\"elementor-row\">\n\t\t\t\t\t<div class=\"elementor-column elementor-col-33 elementor-inner-column elementor-element elementor-element-5cdc8da\" data-id=\"5cdc8da\" data-element_type=\"column\">\n\t\t\t<div class=\"elementor-column-wrap elementor-element-populated\">\n\t\t\t\t\t\t\t<div class=\"elementor-widget-wrap\">\n\t\t\t\t\t\t<div class=\"elementor-element elementor-element-c1b060a elementor-position-top elementor-widget elementor-widget-image-box\" data-id=\"c1b060a\" data-element_type=\"widget\" data-widget_type=\"image-box.default\">\n\t\t\t\t<div class=\"elementor-widget-container\">\n\t\t\t<div class=\"elementor-image-box-wrapper\"><figure class=\"elementor-image-box-img\"><img loading=\"lazy\" decoding=\"async\" width=\"461\" height=\"568\" src=\"https:\/\/orainprebentzioa.com\/wp-content\/uploads\/2020\/07\/Yansa-Tejada-Mengibar.png\" class=\"attachment-full size-full wp-image-3037\" alt=\"\" \/><\/figure><div class=\"elementor-image-box-content\"><h3 class=\"elementor-image-box-title\">Yansa Tejada Mengibar<\/h3><p class=\"elementor-image-box-description\"><em>Asesora Tecnol\u00f3gica<\/em><br\/><hr\/ style=\"width:30px;margin:15px auto 15px auto\">\n\nEspecialista en Tecnolog\u00edas de Informaci\u00f3n Geoespacial, Ingeniera de soluciones y Ge\u00f3grafa<\/p><\/div><\/div>\t\t<\/div>\n\t\t\t\t<\/div>\n\t\t\t\t\t\t<\/div>\n\t\t\t\t\t<\/div>\n\t\t<\/div>\n\t\t\t\t<div class=\"elementor-column elementor-col-33 elementor-inner-column elementor-element elementor-element-2745d26\" data-id=\"2745d26\" data-element_type=\"column\">\n\t\t\t<div class=\"elementor-column-wrap elementor-element-populated\">\n\t\t\t\t\t\t\t<div class=\"elementor-widget-wrap\">\n\t\t\t\t\t\t<div class=\"elementor-element elementor-element-26cd0ca elementor-position-top elementor-widget elementor-widget-image-box\" data-id=\"26cd0ca\" data-element_type=\"widget\" data-widget_type=\"image-box.default\">\n\t\t\t\t<div class=\"elementor-widget-container\">\n\t\t\t<div class=\"elementor-image-box-wrapper\"><figure class=\"elementor-image-box-img\"><img loading=\"lazy\" decoding=\"async\" width=\"461\" height=\"568\" src=\"https:\/\/orainprebentzioa.com\/wp-content\/uploads\/2020\/07\/Jose-Miguel-Correa-Gorospe.png\" class=\"attachment-full size-full wp-image-3033\" alt=\"\" \/><\/figure><div class=\"elementor-image-box-content\"><h3 class=\"elementor-image-box-title\">Jos\u00e9 Miguel Correa Gorospe<\/h3><p class=\"elementor-image-box-description\"><em>Asesor Pedag\u00f3gico<\/em><br\/><hr\/ style=\"width:30px;margin:15px auto 15px auto\">\nCatedratico en Ciencias de la Educaci\u00f3n y profesor en la Universidad del Pa\u00eds Vasco<\/p><\/div><\/div>\t\t<\/div>\n\t\t\t\t<\/div>\n\t\t\t\t\t\t<\/div>\n\t\t\t\t\t<\/div>\n\t\t<\/div>\n\t\t\t\t<div class=\"elementor-column elementor-col-33 elementor-inner-column elementor-element elementor-element-9e11d71\" data-id=\"9e11d71\" data-element_type=\"column\">\n\t\t\t<div class=\"elementor-column-wrap elementor-element-populated\">\n\t\t\t\t\t\t\t<div class=\"elementor-widget-wrap\">\n\t\t\t\t\t\t<div class=\"elementor-element elementor-element-882f58b elementor-position-top elementor-widget elementor-widget-image-box\" data-id=\"882f58b\" data-element_type=\"widget\" data-widget_type=\"image-box.default\">\n\t\t\t\t<div class=\"elementor-widget-container\">\n\t\t\t<div class=\"elementor-image-box-wrapper\"><figure class=\"elementor-image-box-img\"><img loading=\"lazy\" decoding=\"async\" width=\"461\" height=\"568\" src=\"https:\/\/orainprebentzioa.com\/wp-content\/uploads\/2020\/07\/Estibaliz-Aberasturi-Apraiz.png\" class=\"attachment-full size-full wp-image-3027\" alt=\"\" \/><\/figure><div class=\"elementor-image-box-content\"><h3 class=\"elementor-image-box-title\">Estibaliz Aberasturi-Apraiz<\/h3><p class=\"elementor-image-box-description\"><em>Asesora Pedag\u00f3gica<\/em><br\/><hr\/ style=\"width:30px;margin:15px auto 15px auto\">\n\nDoctora en Ciencias de la Educaci\u00f3n, profesora e investigadora en la Universidad del Pa\u00eds Vasco<\/p><\/div><\/div>\t\t<\/div>\n\t\t\t\t<\/div>\n\t\t\t\t\t\t<\/div>\n\t\t\t\t\t<\/div>\n\t\t<\/div>\n\t\t\t\t\t\t\t\t<\/div>\n\t\t\t\t\t<\/div>\n\t\t<\/section>\n\t\t\t\t\t\t<\/div>\n\t\t\t\t\t<\/div>\n\t\t<\/div>\n\t\t\t\t\t\t\t\t<\/div>\n\t\t\t\t\t<\/div>\n\t\t<\/section>\n\t\t\t\t<section class=\"elementor-section elementor-top-section elementor-element elementor-element-093e86b elementor-section-boxed elementor-section-height-default elementor-section-height-default\" data-id=\"093e86b\" data-element_type=\"section\">\n\t\t\t\t\t\t<div class=\"elementor-container elementor-column-gap-default\">\n\t\t\t\t\t\t\t<div class=\"elementor-row\">\n\t\t\t\t\t<div class=\"elementor-column elementor-col-100 elementor-top-column elementor-element elementor-element-e854d47\" data-id=\"e854d47\" data-element_type=\"column\">\n\t\t\t<div class=\"elementor-column-wrap elementor-element-populated\">\n\t\t\t\t\t\t\t<div class=\"elementor-widget-wrap\">\n\t\t\t\t\t\t<div class=\"elementor-element elementor-element-f6f4447 titulo centro elementor-widget elementor-widget-heading\" data-id=\"f6f4447\" data-element_type=\"widget\" data-widget_type=\"heading.default\">\n\t\t\t\t<div class=\"elementor-widget-container\">\n\t\t\t<h2 class=\"elementor-heading-title elementor-size-default\">NUESTRA TRAYECTORIA<\/h2>\t\t<\/div>\n\t\t\t\t<\/div>\n\t\t\t\t\t\t<\/div>\n\t\t\t\t\t<\/div>\n\t\t<\/div>\n\t\t\t\t\t\t\t\t<\/div>\n\t\t\t\t\t<\/div>\n\t\t<\/section>\n\t\t\t\t<section class=\"elementor-section elementor-top-section elementor-element elementor-element-4980092 elementor-section-boxed elementor-section-height-default elementor-section-height-default\" data-id=\"4980092\" data-element_type=\"section\">\n\t\t\t\t\t\t<div class=\"elementor-container elementor-column-gap-default\">\n\t\t\t\t\t\t\t<div class=\"elementor-row\">\n\t\t\t\t\t<div class=\"elementor-column elementor-col-100 elementor-top-column elementor-element elementor-element-bd7bbaa\" data-id=\"bd7bbaa\" data-element_type=\"column\">\n\t\t\t<div class=\"elementor-column-wrap elementor-element-populated\">\n\t\t\t\t\t\t\t<div class=\"elementor-widget-wrap\">\n\t\t\t\t\t\t<div class=\"elementor-element elementor-element-afcaf9d elementor-widget__width-initial elementor-widget elementor-widget-text-editor\" data-id=\"afcaf9d\" data-element_type=\"widget\" data-widget_type=\"text-editor.default\">\n\t\t\t\t<div class=\"elementor-widget-container\">\n\t\t\t\t\t\t\t\t<div class=\"elementor-text-editor elementor-clearfix\">\n\t\t\t\t<div class=\"elementor-repeater-item-39fb806 uael-timeline-field animate-border out-view\"><div class=\"uael-timeline-widget uael-timeline-right\"><div class=\"uael-day-new uael-day-right\"><div class=\"uael-events-new\"><div class=\"uael-events-inner-new\"><div class=\"uael-content\"><div class=\"uael-timeline-heading-text\"><h3>2003<\/h3><h3 class=\"uael-timeline-heading\">Creaci\u00f3n de Orainprebentzioa<\/h3><\/div><div class=\"uael-timeline-desc-content\"><p>Orainprebentzioa surge en 2003 como un equipo especializado en la prevenci\u00f3n de las adicciones dentro de la asociaci\u00f3n ORAIN.<\/p><\/div><\/div><div class=\"uael-timeline-arrow\">\u00a0<\/div><\/div><\/div><\/div><div class=\"uael-timeline-date-new\"><div class=\"uael-date-new\"><div class=\"inner-date-new\"><h3>2004<\/h3><\/div><\/div><\/div><\/div><\/div><div class=\"elementor-repeater-item-b4dc2cb uael-timeline-field animate-border out-view\"><div class=\"uael-timeline-widget uael-timeline-left\"><div class=\"uael-timeline-marker\">\u00a0<\/div><div class=\"uael-day-new uael-day-left\"><div class=\"uael-events-new\"><div class=\"uael-events-inner-new\"><div class=\"uael-content\"><div class=\"uael-timeline-heading-text\"><h3 class=\"uael-timeline-heading\">PROGRAMA CANNABIA<\/h3><\/div><div class=\"uael-timeline-desc-content\"><p>Desde 2004 hasta la actualidad, se desarrolla el <u>PROGRAMA CANNABIA<\/u> dirigido inicialmente a estudiantes universitarios que son usuarios de sustancias y desarrollado en la Universidad del Pa\u00eds Vasco. Posteriormente, el programa Cannabia se orienta al trabajo de reducci\u00f3n de riesgos y da\u00f1os con adultos que son usuarios habituales de cannabis y socios\/as de un Club Social de Cannabis. Se trata de una prevenci\u00f3n selectiva e indicada. Este programa recibe la colaboraci\u00f3n y el apoyo econ\u00f3mico\u00a0 del Ayuntamiento de Donostia \u2013 San Sebasti\u00e1n y del Departamento de Salud del Gobierno Vasco (Osakidetza).<\/p><\/div><\/div><div class=\"uael-timeline-arrow\">\u00a0<\/div><\/div><\/div><\/div><div class=\"uael-timeline-date-new\"><div class=\"uael-date-new\"><div class=\"inner-date-new\"><h3>2006<\/h3><\/div><\/div><\/div><\/div><\/div><div class=\"elementor-repeater-item-719ca1a uael-timeline-field animate-border out-view\"><div class=\"uael-timeline-widget uael-timeline-right\"><div class=\"uael-timeline-marker\">\u00a0<\/div><div class=\"uael-day-new uael-day-right\"><div class=\"uael-events-new\"><div class=\"uael-events-inner-new\"><div class=\"uael-content\"><div class=\"uael-timeline-heading-text\"><h3 class=\"uael-timeline-heading\">PROGRAMA PREVENIA<\/h3><\/div><div class=\"uael-timeline-desc-content\"><p>Desde 2006 hasta la actualidad, Orainprebentzioa desarrolla el <u>PROGRAMA PREVENIA<\/u>. Se trata de una prevenci\u00f3n selectiva dirigida a menores de edad en situaci\u00f3n de riesgo, al profesorado y a sus madres\/padres.<\/p><p>Este programa se implementa en centros educativos y en centros de formaci\u00f3n profesional b\u00e1sica con alumnos de edades entre los 15 y los 18 a\u00f1os. El programa recibe la colaboraci\u00f3n y el apoyo econ\u00f3mico durante a\u00f1os por parte del Ayuntamiento de Donostia \u2013 San Sebasti\u00e1n y del Departamento de Salud del Gobierno Vasco (Osakidetza).<\/p><\/div><\/div><\/div><div class=\"uael-timeline-arrow\"><h3>\u00a0<\/h3><h3>2007<\/h3><\/div><\/div><\/div><\/div><\/div><div class=\"elementor-repeater-item-8108ab7 uael-timeline-field animate-border out-view\"><div class=\"uael-timeline-widget uael-timeline-left\"><div class=\"uael-timeline-marker\">\u00a0<\/div><div class=\"uael-day-new uael-day-left\"><div class=\"uael-events-new\"><div class=\"uael-events-inner-new\"><div class=\"uael-content\"><div class=\"uael-timeline-heading-text\"><h3 class=\"uael-timeline-heading\">PROGRAMA DE MEDIDAS ALTERNATIVAS<\/h3><\/div><div class=\"uael-timeline-desc-content\"><p>Desde 2007 hasta 2020, Orainprebentzioa ha estado trabajando con el departamento de Bienestar social, en la secci\u00f3n de Prevenci\u00f3n, Infancia y Familia del Ayuntamiento de Donostia-San Sebasti\u00e1n al inicio y con el departamento de Salud P\u00fablica de la secci\u00f3n de Salud y Medio Ambiente el \u00faltimo a\u00f1o, desarrollando el PROGRAMA DE MEDIDAS ALTERNATIVAS A LAS SANCIONES IMPUESTAS POR CONSUMO O TENENCIA DE SUSTANCIAS.<\/p><p>Dicho programa trabaja con adolescentes que han infringido la ley y han sido sancionados por la polic\u00eda por consumo o tenencia de sustancias. Se oferta la posibilidad de sustituir la sanci\u00f3n administrativa si participan en una intervenci\u00f3n psicoeducativa, que puede ser individual para el\/la adolescente, puede ser una intervenci\u00f3n familiar o una atenci\u00f3n exclusivamente parental, seg\u00fan se determine en la fase de valoraci\u00f3n. Adem\u00e1s, se imparten talleres de prevenci\u00f3n dirigidos a los y las adolescentes, y charlas dirigidas a los padres y madres responsables de los menores en relaci\u00f3n a c\u00f3mo abordar la situaci\u00f3n y hacer frente ante los usos de sustancias de los\/las menores.<\/p><\/div><\/div><div class=\"uael-timeline-arrow\">\u00a0<\/div><\/div><\/div><\/div><div class=\"uael-timeline-date-new\"><div class=\"uael-date-new\"><div class=\"inner-date-new\"><h3>2018<\/h3><\/div><\/div><\/div><\/div><\/div><div class=\"elementor-repeater-item-c7734e9 uael-timeline-field animate-border out-view\"><div class=\"uael-timeline-widget uael-timeline-right\"><div class=\"uael-timeline-marker\">\u00a0<\/div><div class=\"uael-day-new uael-day-right\"><div class=\"uael-events-new\"><div class=\"uael-events-inner-new\"><div class=\"uael-content\"><div class=\"uael-timeline-heading-text\"><h3 class=\"uael-timeline-heading\">PROGRAMA TICS<\/h3><\/div><div class=\"uael-timeline-desc-content\"><p>Desde 2018 hasta la actualidad, se desarrolla el <u>PROGRAMA TICS<\/u>. Este programa se implementa en colaboraci\u00f3n con el departamento de Bienestar Social del Ayuntamiento de Donostia-San Sebasti\u00e1n. Este proyecto se implementa en los centros educativos y se orienta al trabajo con el profesorado; con el objetivo de prevenir los riesgos del uso inadecuado de las nuevas tecnolog\u00edas, as\u00ed como fomentar el uso responsable de las mismas.<\/p><p>En 2018 y como parte del Programa TICS, Orainprebentzioa desarrolla una Plataforma digital con contenidos en euskera y castellano, dirigidos a la prevenci\u00f3n de riesgos y el uso responsable de las nuevas tecnolog\u00edas. <a href=\"https:\/\/web.archive.org\/web\/20230610014530\/https:\/\/www.orainteknologiberriak.es\/\" target=\"_blank\" rel=\"noopener\">https:\/\/www.orainteknologiberriak.es<span class=\"flaticon-external-url\" title=\"abrir en una nueva ventana\" aria-hidden=\"true\"><span class=\"sr-only\">Abrir en una nueva ventana<\/span><\/span><span aria-hidden=\"true\" class=\"flaticon-external-url\" title=\"abrir en una nueva ventana\"><span class=\"sr-only\">Abrir en una nueva ventana<\/span><\/span> <\/a><\/p><\/div><\/div><div class=\"uael-timeline-arrow\">\u00a0<\/div><\/div><\/div><\/div><div class=\"uael-timeline-date-new\"><div class=\"uael-date-new\"><div class=\"inner-date-new\"><h4>ACTUALMENTE<\/h4><\/div><\/div><\/div><\/div><\/div><div class=\"elementor-repeater-item-58ac3e6 uael-timeline-field animate-border out-view\"><div class=\"uael-timeline-widget uael-timeline-left\"><div class=\"uael-timeline-marker\">\u00a0<\/div><div class=\"uael-day-new uael-day-left\"><div class=\"uael-events-new\"><div class=\"uael-events-inner-new\"><div class=\"uael-content\"><div class=\"uael-timeline-heading-text\"><h3 class=\"uael-timeline-heading\">PROGRAMA TEKNIA<\/h3><\/div><div class=\"uael-timeline-desc-content\"><p>Desde 2017 hasta la actualidad, se desarrolla el <u>PROGRAMA TEKNIA<\/u>. Este programa se implementa en los centros escolares y se orienta al trabajo con menores de edad, profesorado y madres\/padres, con el objetivo de prevenir los riesgos del uso inadecuado de las nuevas tecnolog\u00edas as\u00ed como fomentar el uso responsable de las mismas. Este programa recibe la colaboraci\u00f3n y el apoyo econ\u00f3mico por parte del Departamento de Salud del Gobierno Vasco (Osakidetza) y del Departamento de Pol\u00edtica Social de la Diputaci\u00f3n Foral de Gipuzkoa.<\/p><\/div><\/div><\/div><\/div><\/div><\/div><\/div>\t\t\t\t\t<\/div>\n\t\t\t\t\t\t<\/div>\n\t\t\t\t<\/div>\n\t\t\t\t\t\t<\/div>\n\t\t\t\t\t<\/div>\n\t\t<\/div>\n\t\t\t\t\t\t\t\t<\/div>\n\t\t\t\t\t<\/div>\n\t\t<\/section>\n\t\t\t\t\t\t\t\t\t<\/div>\n\t\t\t<\/div>\n\t\t\t\t\t<\/div>\n\t\t","protected":false},"excerpt":{"rendered":"<p>\u00bfCU\u00c1L ES NUESTRA MISI\u00d3N? Orainprebentzioa es una asociaci\u00f3n especializada en la prevenci\u00f3n de las adicciones. Desarrolla su labor desde 2003 en Donostia, Gipuzkoa y alrededores. \u00a0 El objetivo principal de la asociaci\u00f3n es: La prevenci\u00f3n de las adicciones a sustancias como el cannabis, alcohol, tabaco, coca\u00edna, etc. La prevenci\u00f3n de los usos problem\u00e1ticos de las nuevas tecnolog\u00edas, juegos de azar, [&hellip;]<\/p>\n","protected":false},"author":1,"featured_media":751,"parent":0,"menu_order":0,"comment_status":"closed","ping_status":"closed","template":"templates\/fullwidth.php","meta":{"footnotes":""},"_links":{"self":[{"href":"https:\/\/orainprebentzioa.com\/es\/wp-json\/wp\/v2\/pages\/2834\/"}],"collection":[{"href":"https:\/\/orainprebentzioa.com\/es\/wp-json\/wp\/v2\/pages\/"}],"about":[{"href":"https:\/\/orainprebentzioa.com\/es\/wp-json\/wp\/v2\/types\/page\/"}],"author":[{"embeddable":true,"href":"https:\/\/orainprebentzioa.com\/es\/wp-json\/wp\/v2\/users\/1\/"}],"replies":[{"embeddable":true,"href":"https:\/\/orainprebentzioa.com\/es\/wp-json\/wp\/v2\/comments\/?post=2834"}],"version-history":[{"count":4,"href":"https:\/\/orainprebentzioa.com\/es\/wp-json\/wp\/v2\/pages\/2834\/revisions\/"}],"predecessor-version":[{"id":3935,"href":"https:\/\/orainprebentzioa.com\/es\/wp-json\/wp\/v2\/pages\/2834\/revisions\/3935\/"}],"wp:featuredmedia":[{"embeddable":true,"href":"https:\/\/orainprebentzioa.com\/es\/wp-json\/wp\/v2\/media\/751\/"}],"wp:attachment":[{"href":"https:\/\/orainprebentzioa.com\/es\/wp-json\/wp\/v2\/media\/?parent=2834"}],"curies":[{"name":"wp","href":"https:\/\/api.w.org\/{rel}","templated":true}]}}