{"id":323,"date":"2018-12-04T09:41:04","date_gmt":"2018-12-04T08:41:04","guid":{"rendered":"http:\/\/orainprebentzioa.com\/?page_id=323"},"modified":"2020-09-11T11:50:45","modified_gmt":"2020-09-11T09:50:45","slug":"politica-de-privacidad","status":"publish","type":"page","link":"https:\/\/orainprebentzioa.com\/es\/politica-de-privacidad\/","title":{"rendered":"Politica de privacidad"},"content":{"rendered":"<h3>Pol\u00edtica de privacidad<\/h3>\n<p>La Asociaci\u00f3n Oriepsi Orain informa a los usuarios del sitio web sobre su pol\u00edtica respecto del tratamiento y protecci\u00f3n de los datos de car\u00e1cter personal, recabados por la navegaci\u00f3n a trav\u00e9s de este sitio web. En este sentido, la Asociaci\u00f3n, como Responsable de los datos que se tratan, garantiza el cumplimiento de la normativa vigente en materia de protecci\u00f3n de datos personales, reflejada en la Ley Org\u00e1nica 3\/2018, de 5 de diciembre, de Protecci\u00f3n de Datos Personales y garant\u00eda de los derechos digitales.<\/p>\n<p>&nbsp;<\/p>\n","protected":false},"excerpt":{"rendered":"<p>Pol\u00edtica de privacidad La Asociaci\u00f3n Oriepsi Orain informa a los usuarios del sitio web sobre su pol\u00edtica respecto del tratamiento y protecci\u00f3n de los datos de car\u00e1cter personal, recabados por la navegaci\u00f3n a trav\u00e9s de este sitio web. En este sentido, la Asociaci\u00f3n, como Responsable de los datos que se tratan, garantiza el cumplimiento de la normativa vigente en materia [&hellip;]<\/p>\n","protected":false},"author":1,"featured_media":0,"parent":0,"menu_order":0,"comment_status":"closed","ping_status":"closed","template":"","meta":{"footnotes":""},"_links":{"self":[{"href":"https:\/\/orainprebentzioa.com\/es\/wp-json\/wp\/v2\/pages\/323\/"}],"collection":[{"href":"https:\/\/orainprebentzioa.com\/es\/wp-json\/wp\/v2\/pages\/"}],"about":[{"href":"https:\/\/orainprebentzioa.com\/es\/wp-json\/wp\/v2\/types\/page\/"}],"author":[{"embeddable":true,"href":"https:\/\/orainprebentzioa.com\/es\/wp-json\/wp\/v2\/users\/1\/"}],"replies":[{"embeddable":true,"href":"https:\/\/orainprebentzioa.com\/es\/wp-json\/wp\/v2\/comments\/?post=323"}],"version-history":[{"count":0,"href":"https:\/\/orainprebentzioa.com\/es\/wp-json\/wp\/v2\/pages\/323\/revisions\/"}],"wp:attachment":[{"href":"https:\/\/orainprebentzioa.com\/es\/wp-json\/wp\/v2\/media\/?parent=323"}],"curies":[{"name":"wp","href":"https:\/\/api.w.org\/{rel}","templated":true}]}}