{"id":574,"date":"2019-01-30T11:39:17","date_gmt":"2019-01-30T10:39:17","guid":{"rendered":"http:\/\/orainprebentzioa.com\/?page_id=574"},"modified":"2020-09-11T11:52:23","modified_gmt":"2020-09-11T09:52:23","slug":"aviso-legal","status":"publish","type":"page","link":"https:\/\/orainprebentzioa.com\/es\/aviso-legal\/","title":{"rendered":"Aviso legal"},"content":{"rendered":"<p>Los contenidos de este sitio web est\u00e1n bajo la protecci\u00f3n de la licencia <a target=\"_blank\" href=\"http:\/\/creativecommons.org\/licenses\/by-sa\/4.0\/deed.es_ES\">Reconocimiento-CompartirIgual 4.0 Internacional de Creative Commons<span aria-hidden=\"true\" class=\"flaticon-external-url\" title=\"abrir en una nueva ventana\"><span class=\"sr-only\">Abrir en una nueva ventana<\/span><\/span> <\/a>.<\/p>\n<p>Dicha licencia le da a usted derecho a:<\/p>\n<ul>\n<li>Copiar, distribuir y comunicar p\u00fablicamente los contenidos de este sitio web (textos, im\u00e1genes o documentos);<\/li>\n<li>Hacer obras derivadas de tales contenidos.<\/li>\n<\/ul>\n<p>Con estas condiciones:<\/p>\n<ul>\n<li>Reconocer expl\u00edcitamente el origen de tales contenidos, expresando bajo la copia o derivaci\u00f3n lo siguiente: \u00ab<strong>Origen: www.orainprebentzioa.com<\/strong>\u00ab.<\/li>\n<li>El trabajo derivado se deber\u00e1 difundir bajo la misma licencia.<\/li>\n<\/ul>\n<p>Adem\u00e1s en los casos en que se trate de una obra con formato electr\u00f3nico, la menci\u00f3n a nuestro sitio web debe estar enlazada a la siguiente URL: <strong>http:\/\/orainprebentzioa.com\/<\/strong>.<\/p>\n<p>M\u00e1s informaci\u00f3n: <a target=\"_blank\" href=\"http:\/\/creativecommons.org\/licenses\/by-sa\/4.0\/legalcode\">Texto legal completo de la licencia Reconocimiento de Creative Commons<span aria-hidden=\"true\" class=\"flaticon-external-url\" title=\"abrir en una nueva ventana\"><span class=\"sr-only\">Abrir en una nueva ventana<\/span><\/span> <\/a><\/p>\n","protected":false},"excerpt":{"rendered":"<p>Los contenidos de este sitio web est\u00e1n bajo la protecci\u00f3n de la licencia Reconocimiento-CompartirIgual 4.0 Internacional de Creative CommonsAbrir en una nueva ventana . Dicha licencia le da a usted derecho a: Copiar, distribuir y comunicar p\u00fablicamente los contenidos de este sitio web (textos, im\u00e1genes o documentos); Hacer obras derivadas de tales contenidos. Con estas condiciones: Reconocer expl\u00edcitamente el origen [&hellip;]<\/p>\n","protected":false},"author":1,"featured_media":0,"parent":0,"menu_order":0,"comment_status":"closed","ping_status":"closed","template":"","meta":{"footnotes":""},"_links":{"self":[{"href":"https:\/\/orainprebentzioa.com\/es\/wp-json\/wp\/v2\/pages\/574\/"}],"collection":[{"href":"https:\/\/orainprebentzioa.com\/es\/wp-json\/wp\/v2\/pages\/"}],"about":[{"href":"https:\/\/orainprebentzioa.com\/es\/wp-json\/wp\/v2\/types\/page\/"}],"author":[{"embeddable":true,"href":"https:\/\/orainprebentzioa.com\/es\/wp-json\/wp\/v2\/users\/1\/"}],"replies":[{"embeddable":true,"href":"https:\/\/orainprebentzioa.com\/es\/wp-json\/wp\/v2\/comments\/?post=574"}],"version-history":[{"count":0,"href":"https:\/\/orainprebentzioa.com\/es\/wp-json\/wp\/v2\/pages\/574\/revisions\/"}],"wp:attachment":[{"href":"https:\/\/orainprebentzioa.com\/es\/wp-json\/wp\/v2\/media\/?parent=574"}],"curies":[{"name":"wp","href":"https:\/\/api.w.org\/{rel}","templated":true}]}}