{"id":2982,"date":"2020-06-24T14:26:55","date_gmt":"2020-06-24T12:26:55","guid":{"rendered":"http:\/\/orainprebentzioa.com\/teknia\/"},"modified":"2023-11-24T13:23:58","modified_gmt":"2023-11-24T12:23:58","slug":"teknia","status":"publish","type":"page","link":"https:\/\/orainprebentzioa.com\/eu\/teknia\/","title":{"rendered":"Teknia"},"content":{"rendered":"\t\t<div data-elementor-type=\"wp-page\" data-elementor-id=\"2982\" class=\"elementor elementor-2982\">\n\t\t\t\t\t\t<div class=\"elementor-inner\">\n\t\t\t\t<div class=\"elementor-section-wrap\">\n\t\t\t\t\t\t\t\t\t<section class=\"elementor-section elementor-top-section elementor-element elementor-element-dffb646 franja cabecera area teknia elementor-section-boxed elementor-section-height-default elementor-section-height-default\" data-id=\"dffb646\" data-element_type=\"section\" data-settings=\"{&quot;background_background&quot;:&quot;slideshow&quot;,&quot;background_slideshow_gallery&quot;:[{&quot;id&quot;:2664,&quot;url&quot;:&quot;http:\\\/\\\/orainprebentzioa.com\\\/wp-content\\\/uploads\\\/2020\\\/06\\\/teknia.jpg&quot;}],&quot;background_slideshow_ken_burns&quot;:&quot;yes&quot;,&quot;background_slideshow_loop&quot;:&quot;yes&quot;,&quot;background_slideshow_slide_duration&quot;:5000,&quot;background_slideshow_slide_transition&quot;:&quot;fade&quot;,&quot;background_slideshow_transition_duration&quot;:500,&quot;background_slideshow_ken_burns_zoom_direction&quot;:&quot;in&quot;}\">\n\t\t\t\t\t\t<div class=\"elementor-container elementor-column-gap-default\">\n\t\t\t\t\t\t\t<div class=\"elementor-row\">\n\t\t\t\t\t<div class=\"elementor-column elementor-col-100 elementor-top-column elementor-element elementor-element-30c5d27\" data-id=\"30c5d27\" data-element_type=\"column\">\n\t\t\t<div class=\"elementor-column-wrap elementor-element-populated\">\n\t\t\t\t\t\t\t<div class=\"elementor-widget-wrap\">\n\t\t\t\t\t\t<div class=\"elementor-element elementor-element-24d0934 texto elementor-widget elementor-widget-text-editor\" data-id=\"24d0934\" data-element_type=\"widget\" data-widget_type=\"text-editor.default\">\n\t\t\t\t<div class=\"elementor-widget-container\">\n\t\t\t\t\t\t\t\t<div class=\"elementor-text-editor elementor-clearfix\">\n\t\t\t\t<h1>Teknia<\/h1><h2 class=\"slogan\"><span lang=\"EU\">Teknologia Berriekiko adikzioak prebenitzeko taldea <\/span><\/h2>\t\t\t\t\t<\/div>\n\t\t\t\t\t\t<\/div>\n\t\t\t\t<\/div>\n\t\t\t\t\t\t<\/div>\n\t\t\t\t\t<\/div>\n\t\t<\/div>\n\t\t\t\t\t\t\t\t<\/div>\n\t\t\t\t\t<\/div>\n\t\t<\/section>\n\t\t\t\t<section class=\"elementor-section elementor-top-section elementor-element elementor-element-7dbb08cf franja teknia elementor-section-boxed elementor-section-height-default elementor-section-height-default\" data-id=\"7dbb08cf\" data-element_type=\"section\" id=\"area\" data-settings=\"{&quot;background_background&quot;:&quot;classic&quot;}\">\n\t\t\t\t\t\t<div class=\"elementor-container elementor-column-gap-default\">\n\t\t\t\t\t\t\t<div class=\"elementor-row\">\n\t\t\t\t\t<div class=\"elementor-column elementor-col-100 elementor-top-column elementor-element elementor-element-414be9d1\" data-id=\"414be9d1\" data-element_type=\"column\" data-settings=\"{&quot;animation&quot;:&quot;none&quot;}\">\n\t\t\t<div class=\"elementor-column-wrap elementor-element-populated\">\n\t\t\t\t\t\t\t<div class=\"elementor-widget-wrap\">\n\t\t\t\t\t\t<section class=\"elementor-section elementor-inner-section elementor-element elementor-element-77c99f29 elementor-section-boxed elementor-section-height-default elementor-section-height-default\" data-id=\"77c99f29\" data-element_type=\"section\">\n\t\t\t\t\t\t<div class=\"elementor-container elementor-column-gap-default\">\n\t\t\t\t\t\t\t<div class=\"elementor-row\">\n\t\t\t\t\t<div class=\"elementor-column elementor-col-100 elementor-inner-column elementor-element elementor-element-7db80b43\" data-id=\"7db80b43\" data-element_type=\"column\">\n\t\t\t<div class=\"elementor-column-wrap elementor-element-populated\">\n\t\t\t\t\t\t\t<div class=\"elementor-widget-wrap\">\n\t\t\t\t\t\t<div class=\"elementor-element elementor-element-4283c729 titulo centro elementor-widget elementor-widget-heading\" data-id=\"4283c729\" data-element_type=\"widget\" data-widget_type=\"heading.default\">\n\t\t\t\t<div class=\"elementor-widget-container\">\n\t\t\t<h2 class=\"elementor-heading-title elementor-size-default\">Zer da Teknia?<\/h2>\t\t<\/div>\n\t\t\t\t<\/div>\n\t\t\t\t<div class=\"elementor-element elementor-element-649b9395 subtitulo elementor-widget elementor-widget-text-editor\" data-id=\"649b9395\" data-element_type=\"widget\" data-widget_type=\"text-editor.default\">\n\t\t\t\t<div class=\"elementor-widget-container\">\n\t\t\t\t\t\t\t\t<div class=\"elementor-text-editor elementor-clearfix\">\n\t\t\t\t<p><span lang=\"EU\">Telefono mugikorra, Sare Sozialak, bideojokoak, e.a. bezalako <strong>teknologia berriak behar bezala ez erabiltzetik eratorritako arriskuak prebenitzeko<\/strong> programa da. <b>Helburu <\/b>nagusia da pantailen erabilera neurritsua eta arduratsua sustatzea. <\/span><\/p>\t\t\t\t\t<\/div>\n\t\t\t\t\t\t<\/div>\n\t\t\t\t<\/div>\n\t\t\t\t<div class=\"elementor-element elementor-element-d6254c6 subtitulo elementor-widget elementor-widget-text-editor\" data-id=\"d6254c6\" data-element_type=\"widget\" data-widget_type=\"text-editor.default\">\n\t\t\t\t<div class=\"elementor-widget-container\">\n\t\t\t\t\t\t\t\t<div class=\"elementor-text-editor elementor-clearfix\">\n\t\t\t\t<p>Ikastetxeetako hiru talderi <strong>zuzenduta <\/strong>dago:<\/p>\n<ul>\n<li>Ikasleak.<\/li>\n<li>Ikastetxeko irakasleak.<\/li>\n<li>Adingabeen gurasoak.<\/li>\n<\/ul>\n\t\t\t\t\t<\/div>\n\t\t\t\t\t\t<\/div>\n\t\t\t\t<\/div>\n\t\t\t\t\t\t<\/div>\n\t\t\t\t\t<\/div>\n\t\t<\/div>\n\t\t\t\t\t\t\t\t<\/div>\n\t\t\t\t\t<\/div>\n\t\t<\/section>\n\t\t\t\t\t\t<\/div>\n\t\t\t\t\t<\/div>\n\t\t<\/div>\n\t\t\t\t\t\t\t\t<\/div>\n\t\t\t\t\t<\/div>\n\t\t<\/section>\n\t\t\t\t<section class=\"elementor-section elementor-top-section elementor-element elementor-element-5d2b67b5 franja elementor-section-boxed elementor-section-height-default elementor-section-height-default\" data-id=\"5d2b67b5\" data-element_type=\"section\" id=\"servicios\" data-settings=\"{&quot;shape_divider_bottom&quot;:&quot;tilt&quot;,&quot;shape_divider_top&quot;:&quot;tilt&quot;,&quot;background_background&quot;:&quot;classic&quot;}\">\n\t\t\t\t\t\t\t<div class=\"elementor-background-overlay\"><\/div>\n\t\t\t\t\t\t<div class=\"elementor-shape elementor-shape-top\" data-negative=\"false\">\n\t\t\t<svg xmlns=\"http:\/\/www.w3.org\/2000\/svg\" viewBox=\"0 0 1000 100\" preserveAspectRatio=\"none\">\n\t<path class=\"elementor-shape-fill\" d=\"M0,6V0h1000v100L0,6z\"\/>\n<\/svg>\t\t<\/div>\n\t\t\t\t<div class=\"elementor-shape elementor-shape-bottom\" data-negative=\"false\">\n\t\t\t<svg xmlns=\"http:\/\/www.w3.org\/2000\/svg\" viewBox=\"0 0 1000 100\" preserveAspectRatio=\"none\">\n\t<path class=\"elementor-shape-fill\" d=\"M0,6V0h1000v100L0,6z\"\/>\n<\/svg>\t\t<\/div>\n\t\t\t\t\t<div class=\"elementor-container elementor-column-gap-default\">\n\t\t\t\t\t\t\t<div class=\"elementor-row\">\n\t\t\t\t\t<div class=\"elementor-column elementor-col-100 elementor-top-column elementor-element elementor-element-285c94f4\" data-id=\"285c94f4\" data-element_type=\"column\" data-settings=\"{&quot;background_background&quot;:&quot;classic&quot;}\">\n\t\t\t<div class=\"elementor-column-wrap elementor-element-populated\">\n\t\t\t\t\t<div class=\"elementor-background-overlay\"><\/div>\n\t\t\t\t\t\t\t<div class=\"elementor-widget-wrap\">\n\t\t\t\t\t\t<section class=\"elementor-section elementor-inner-section elementor-element elementor-element-b280382 elementor-section-boxed elementor-section-height-default elementor-section-height-default\" data-id=\"b280382\" data-element_type=\"section\">\n\t\t\t\t\t\t<div class=\"elementor-container elementor-column-gap-default\">\n\t\t\t\t\t\t\t<div class=\"elementor-row\">\n\t\t\t\t\t<div class=\"elementor-column elementor-col-100 elementor-inner-column elementor-element elementor-element-58d8794f\" data-id=\"58d8794f\" data-element_type=\"column\">\n\t\t\t<div class=\"elementor-column-wrap elementor-element-populated\">\n\t\t\t\t\t\t\t<div class=\"elementor-widget-wrap\">\n\t\t\t\t\t\t<div class=\"elementor-element elementor-element-1c310cb3 titulo centro elementor-widget elementor-widget-heading\" data-id=\"1c310cb3\" data-element_type=\"widget\" data-widget_type=\"heading.default\">\n\t\t\t\t<div class=\"elementor-widget-container\">\n\t\t\t<h2 class=\"elementor-heading-title elementor-size-default\">Nola lagun zaitzakegu?<\/h2>\t\t<\/div>\n\t\t\t\t<\/div>\n\t\t\t\t\t\t<\/div>\n\t\t\t\t\t<\/div>\n\t\t<\/div>\n\t\t\t\t\t\t\t\t<\/div>\n\t\t\t\t\t<\/div>\n\t\t<\/section>\n\t\t\t\t<section class=\"elementor-section elementor-inner-section elementor-element elementor-element-404dee7 elementor-section-boxed elementor-section-height-default elementor-section-height-default\" data-id=\"404dee7\" data-element_type=\"section\">\n\t\t\t\t\t\t<div class=\"elementor-container elementor-column-gap-default\">\n\t\t\t\t\t\t\t<div class=\"elementor-row\">\n\t\t\t\t\t<div class=\"elementor-column elementor-col-100 elementor-inner-column elementor-element elementor-element-9f0b11c\" data-id=\"9f0b11c\" data-element_type=\"column\">\n\t\t\t<div class=\"elementor-column-wrap elementor-element-populated\">\n\t\t\t\t\t\t\t<div class=\"elementor-widget-wrap\">\n\t\t\t\t\t\t<div class=\"elementor-element elementor-element-25f57b8 elementor-widget elementor-widget-text-editor\" data-id=\"25f57b8\" data-element_type=\"widget\" data-widget_type=\"text-editor.default\">\n\t\t\t\t<div class=\"elementor-widget-container\">\n\t\t\t\t\t\t\t\t<div class=\"elementor-text-editor elementor-clearfix\">\n\t\t\t\t<h3><strong>TEKNIA PROIEKTUA<\/strong><\/h3><p>Proiektuaren barnean, eskola-prebentziotik garatzen dira jarduerak, hiru esku-hartze mailatan: ikasleekin, irakasleekin eta ikasleen gurasoekin. Talde bakoitzarekin jorratutako helburuak ezberdinak dira, eta horien xedea da, teknologia berrien erabilerari eta horiek gehiegi erabiltzetik eratorritako arriskuen prebentzioari dagokienez, garrantzi handieneko arloetan eragitea. Jardueren iraupena, jorratutako edukiak eta metodologia (teoriko-praktikoa) ezberdinak dira kasu bakoitzean, talde bakoitzak dituen premien arabera.<\/p><h4><strong>PREBENTZIO-HITZALDIAK <\/strong><\/h4><p>Teknologia berrien erabileran eta eskuragarritasunean inplikatutako bi kolektibo nagusiei zuzendutako hitzaldiak: ikasleak eta haien gurasoak. Helburuak oso desberdinak dira: batzuen kasuan erabilera egokia egitea, eta besteen kasuan mugak ezartzea eta arriskuak saihestea. Hitzaldietan, pantailen, horien erabileraren, abantailen eta horien ondoriozko arriskuekin lotutako hainbat gai jorratzen dira.<\/p><ul><li><strong>Ikasleentzako hitzaldiak: <\/strong>erabilera egokia sustatzera eta garatzera bideratuak. Hitzaldiak diseinatzeko, kontuan hartzen dira adingabeen premiak, ezaugarriak eta bilakaera-une eta eskola-etapa bakoitzean izan daitezkeen arrisku espezifikoak (Lehen Hezkuntza, DBH, Batxilergoa, OLH, Erdi Maila eta Goi Maila).<\/li><li><strong>Gurasoentzako hitzaldia: <\/strong>IKTeak ezagutzera eta mugak ezartzera bideratua. Eduki ezberdinak jorratzen dira kontuan hartuta haien premiak, seme-alabenak eta bilakaera-fase bakoitzarekin loturiko arrisku desberdinak.<\/li><\/ul><h4><strong>IRAKASLEENTZAKO PRESTAKUNTZA <\/strong><\/h4><p>Ikastetxeetako irakasleentzako prestakuntza-jarduera. Ikasleak eskolan hasten dira teknologia berriekin eta Sare Sozialekin (WhatsApp, Instagram, Tik Tok, Snapchat,\u2026) lehen harremana izaten. Hezkuntza-prebentzioan, helburu ezberdinak sakontzen dira: oinarrizko ezagutzak hartzea, ondoriozko arriskuak identifikatzea, hezkuntzako neurriak eta teknikak erabiltzea, egoera zailak kudeatzea eta erabilera egokia egiteko jarraibideak ematea. Prestakuntza hezkuntza-etapa ezberdinetako irakasleentzat egokituta dago; baita, ikasleen ezaugarri espezifikoetarako eta teknologia berrien inguruan egiten duten erabilerarako ere.<\/p>\t\t\t\t\t<\/div>\n\t\t\t\t\t\t<\/div>\n\t\t\t\t<\/div>\n\t\t\t\t<div class=\"elementor-element elementor-element-2bf3a95 elementor-widget elementor-widget-text-editor\" data-id=\"2bf3a95\" data-element_type=\"widget\" data-widget_type=\"text-editor.default\">\n\t\t\t\t<div class=\"elementor-widget-container\">\n\t\t\t\t\t\t\t\t<div class=\"elementor-text-editor elementor-clearfix\">\n\t\t\t\t<h3><strong>ORAIN ESKU-HARTZE UNITATE BEREZIA <\/strong><\/h3><p>Banaka esku hartzeko unitatea da, erabilera problematikoak edo adikzioak dituzten erabiltzaileentzat eta haien senitartekoentzat, edota eskola-arazo zehatzak jorratzeko: ziberbullyinga, sextorsioa, groominga,\u2026<\/p><p>Kasu bakoitzean egoeraren balorazio diagnostikoa egiten da, arazoa edo adikzioa lantzeko helburuak ezartzen dira, baita aplikatu beharreko baliabideak eta gauzatzeko epeak ere, eta, azkenik, egoeraren aurrean esku-hartze terapeutiko eta\/edo hezigarri komenigarriena burutzen da.<\/p>\t\t\t\t\t<\/div>\n\t\t\t\t\t\t<\/div>\n\t\t\t\t<\/div>\n\t\t\t\t\t\t<\/div>\n\t\t\t\t\t<\/div>\n\t\t<\/div>\n\t\t\t\t\t\t\t\t<\/div>\n\t\t\t\t\t<\/div>\n\t\t<\/section>\n\t\t\t\t<div class=\"elementor-element elementor-element-33360af cta elementor-widget elementor-widget-wp-widget-custom_html\" data-id=\"33360af\" data-element_type=\"widget\" data-widget_type=\"wp-widget-custom_html.default\">\n\t\t\t\t<div class=\"elementor-widget-container\">\n\t\t\t<h5>Gehiago jakin nahi duzu?<\/h5><div class=\"textwidget custom-html-widget\"><a href=\"\/contacto\" class=\"boton\">JARRI GUREKIN HARREMANETAN<\/a><\/div>\t\t<\/div>\n\t\t\t\t<\/div>\n\t\t\t\t\t\t<\/div>\n\t\t\t\t\t<\/div>\n\t\t<\/div>\n\t\t\t\t\t\t\t\t<\/div>\n\t\t\t\t\t<\/div>\n\t\t<\/section>\n\t\t\t\t<section class=\"elementor-section elementor-top-section elementor-element elementor-element-07c2631 franja elementor-section-boxed elementor-section-height-default elementor-section-height-default\" data-id=\"07c2631\" data-element_type=\"section\" data-settings=\"{&quot;background_background&quot;:&quot;classic&quot;}\">\n\t\t\t\t\t\t\t<div class=\"elementor-background-overlay\"><\/div>\n\t\t\t\t\t\t\t<div class=\"elementor-container elementor-column-gap-default\">\n\t\t\t\t\t\t\t<div class=\"elementor-row\">\n\t\t\t\t\t<div class=\"elementor-column elementor-col-100 elementor-top-column elementor-element elementor-element-4ce8050\" data-id=\"4ce8050\" data-element_type=\"column\" data-settings=\"{&quot;background_background&quot;:&quot;classic&quot;}\">\n\t\t\t<div class=\"elementor-column-wrap elementor-element-populated\">\n\t\t\t\t\t<div class=\"elementor-background-overlay\"><\/div>\n\t\t\t\t\t\t\t<div class=\"elementor-widget-wrap\">\n\t\t\t\t\t\t<section class=\"elementor-section elementor-inner-section elementor-element elementor-element-78ad8c3 elementor-section-boxed elementor-section-height-default elementor-section-height-default\" data-id=\"78ad8c3\" data-element_type=\"section\">\n\t\t\t\t\t\t<div class=\"elementor-container elementor-column-gap-default\">\n\t\t\t\t\t\t\t<div class=\"elementor-row\">\n\t\t\t\t\t<div class=\"elementor-column elementor-col-100 elementor-inner-column elementor-element elementor-element-ae230d1\" data-id=\"ae230d1\" data-element_type=\"column\">\n\t\t\t<div class=\"elementor-column-wrap elementor-element-populated\">\n\t\t\t\t\t\t\t<div class=\"elementor-widget-wrap\">\n\t\t\t\t\t\t<div class=\"elementor-element elementor-element-8156c79 titulo centro elementor-widget elementor-widget-heading\" data-id=\"8156c79\" data-element_type=\"widget\" data-widget_type=\"heading.default\">\n\t\t\t\t<div class=\"elementor-widget-container\">\n\t\t\t<h2 class=\"elementor-heading-title elementor-size-default\">gure proiektuak<\/h2>\t\t<\/div>\n\t\t\t\t<\/div>\n\t\t\t\t\t\t<\/div>\n\t\t\t\t\t<\/div>\n\t\t<\/div>\n\t\t\t\t\t\t\t\t<\/div>\n\t\t\t\t\t<\/div>\n\t\t<\/section>\n\t\t\t\t<section class=\"elementor-section elementor-inner-section elementor-element elementor-element-4912e43 elementor-section-boxed elementor-section-height-default elementor-section-height-default\" data-id=\"4912e43\" data-element_type=\"section\">\n\t\t\t\t\t\t<div class=\"elementor-container elementor-column-gap-default\">\n\t\t\t\t\t\t\t<div class=\"elementor-row\">\n\t\t\t\t\t<div class=\"elementor-column elementor-col-100 elementor-inner-column elementor-element elementor-element-5cb8396\" data-id=\"5cb8396\" data-element_type=\"column\">\n\t\t\t<div class=\"elementor-column-wrap elementor-element-populated\">\n\t\t\t\t\t\t\t<div class=\"elementor-widget-wrap\">\n\t\t\t\t\t\t<section class=\"elementor-section elementor-inner-section elementor-element elementor-element-1f1882d elementor-section-boxed elementor-section-height-default elementor-section-height-default\" data-id=\"1f1882d\" data-element_type=\"section\">\n\t\t\t\t\t\t<div class=\"elementor-container elementor-column-gap-default\">\n\t\t\t\t\t\t\t<div class=\"elementor-row\">\n\t\t\t\t\t<div class=\"elementor-column elementor-col-100 elementor-inner-column elementor-element elementor-element-71e6a54\" data-id=\"71e6a54\" data-element_type=\"column\">\n\t\t\t<div class=\"elementor-column-wrap elementor-element-populated\">\n\t\t\t\t\t\t\t<div class=\"elementor-widget-wrap\">\n\t\t\t\t\t\t<div class=\"elementor-element elementor-element-ded5ed8 elementor-widget elementor-widget-wp-widget-sticky-posts\" data-id=\"ded5ed8\" data-element_type=\"widget\" data-widget_type=\"wp-widget-sticky-posts.default\">\n\t\t\t\t<div class=\"elementor-widget-container\">\n\t\t\t\n\n\n\n<div class=\"upw-posts hfeed row\">\n\n  \n      \n                \n        <div class=\"item col-sm-4\">\n        <article class=\"post-2687 proyecto type-proyecto status-publish has-post-thumbnail hentry category-teknia\">\n          <header>\n\n                          <div class=\"entry-image\">\n                <a href=\"https:\/\/orainprebentzioa.com\/eu\/proyectos\/colaboracion-con-el-equipo-especializado-de-la-universidad-del-pais-vasco-elkarikertuz\/\" rel=\"bookmark\">\n                  <img loading=\"lazy\" decoding=\"async\" width=\"398\" height=\"265\" src=\"https:\/\/orainprebentzioa.com\/wp-content\/uploads\/2020\/06\/elkarrikertuz-398x265.jpg\" class=\"attachment-thumbnail size-thumbnail wp-post-image\" alt=\"\" srcset=\"https:\/\/orainprebentzioa.com\/wp-content\/uploads\/2020\/06\/elkarrikertuz-398x265.jpg 398w, https:\/\/orainprebentzioa.com\/wp-content\/uploads\/2020\/06\/elkarrikertuz-768x514.jpg 768w, https:\/\/orainprebentzioa.com\/wp-content\/uploads\/2020\/06\/elkarrikertuz.jpg 1024w\" sizes=\"(max-width: 398px) 100vw, 398px\" \/>                <\/a>\n              <\/div>\n            \n                          <h3 class=\"entry-title\">\n                <a href=\"https:\/\/orainprebentzioa.com\/eu\/proyectos\/colaboracion-con-el-equipo-especializado-de-la-universidad-del-pais-vasco-elkarikertuz\/\" rel=\"bookmark\">\n                  Colaboraci\u00f3n con el equipo especializado de la universidad del Pa\u00eds Vasco: Elkarikertuz                <\/a>\n              <\/h3>\n            \n            \n          <\/header>\n\n                      <div class=\"entry-summary\">\n              <p>\n                Convenio de colaboraci\u00f3n con el equipo de investigaci\u00f3n de nuevas tecnolog\u00edas de la Universidad del Pa\u00eds Vasco: ELKARRIKERTUZ, grupo consolidado (IT887-16) de la Facultad de Educaci\u00f3n, Antropolog\u00eda y Filosof\u00eda. Este equipo supervisa, coordina y apoya el desarrollo e implementaci\u00f3n de proyectos, especialmente en el \u00e1rea de la capacitaci\u00f3n al profesorado, as\u00ed como la elaboraci\u00f3n de materiales pedag\u00f3gicos adecuados al momento...                                  <a href=\"https:\/\/orainprebentzioa.com\/eu\/proyectos\/colaboracion-con-el-equipo-especializado-de-la-universidad-del-pais-vasco-elkarikertuz\/\" class=\"more-link\">Leer m\u00e1s<\/a>\n                              <\/p>\n            <\/div>\n          \n          <footer>\n\n            \n            \n            \n          <\/footer>\n\n        <\/article>\n\t\t<\/div><!--class col-->\n      \n                \n        <div class=\"item col-sm-4\">\n        <article class=\"post-2682 proyecto type-proyecto status-publish has-post-thumbnail hentry category-teknia\">\n          <header>\n\n                          <div class=\"entry-image\">\n                <a href=\"https:\/\/orainprebentzioa.com\/eu\/proyectos\/proyecto-tics-en-colaboracion-con-el-ayuntamiento-de-donostia-san-sebastian\/\" rel=\"bookmark\">\n                  <img loading=\"lazy\" decoding=\"async\" width=\"398\" height=\"265\" src=\"https:\/\/orainprebentzioa.com\/wp-content\/uploads\/2020\/06\/orainteknologiberriak-01-398x265.jpg\" class=\"attachment-thumbnail size-thumbnail wp-post-image\" alt=\"\" \/>                <\/a>\n              <\/div>\n            \n                          <h3 class=\"entry-title\">\n                <a href=\"https:\/\/orainprebentzioa.com\/eu\/proyectos\/proyecto-tics-en-colaboracion-con-el-ayuntamiento-de-donostia-san-sebastian\/\" rel=\"bookmark\">\n                  Proyecto TICS en colaboraci\u00f3n con el ayuntamiento de Donostia-San Sebasti\u00e1n                <\/a>\n              <\/h3>\n            \n            \n          <\/header>\n\n                      <div class=\"entry-summary\">\n              <p>\n                El proyecto TICS es un servicio de formaci\u00f3n en riesgos asociados al uso de Tecnolog\u00edas de la Informaci\u00f3n y la Comunicaci\u00f3n (TICs); desarrollado en colaboraci\u00f3n con el Departamento de Bienestar Social del Ayuntamiento de Donostia \u2013 San Sebasti\u00e1n. El servicio, est\u00e1 dirigido al profesorado de los centros educativos del municipio y otros servicios que tienen relaci\u00f3n con menores (programas de...                                  <a href=\"https:\/\/orainprebentzioa.com\/eu\/proyectos\/proyecto-tics-en-colaboracion-con-el-ayuntamiento-de-donostia-san-sebastian\/\" class=\"more-link\">Leer m\u00e1s<\/a>\n                              <\/p>\n            <\/div>\n          \n          <footer>\n\n            \n            \n            \n          <\/footer>\n\n        <\/article>\n\t\t<\/div><!--class col-->\n      \n                \n        <div class=\"item col-sm-4\">\n        <article class=\"post-2681 proyecto type-proyecto status-publish has-post-thumbnail hentry category-teknia\">\n          <header>\n\n                          <div class=\"entry-image\">\n                <a href=\"https:\/\/orainprebentzioa.com\/eu\/proyectos\/proyecto-teknia-en-centros-educativos-de-gipuzcoa\/\" rel=\"bookmark\">\n                  <img loading=\"lazy\" decoding=\"async\" width=\"398\" height=\"265\" src=\"https:\/\/orainprebentzioa.com\/wp-content\/uploads\/2020\/09\/Gurasoak1-398x265.png\" class=\"attachment-thumbnail size-thumbnail wp-post-image\" alt=\"\" \/>                <\/a>\n              <\/div>\n            \n                          <h3 class=\"entry-title\">\n                <a href=\"https:\/\/orainprebentzioa.com\/eu\/proyectos\/proyecto-teknia-en-centros-educativos-de-gipuzcoa\/\" rel=\"bookmark\">\n                  Proyecto Teknia en centros educativos de Gip\u00fazcoa                <\/a>\n              <\/h3>\n            \n            \n          <\/header>\n\n                      <div class=\"entry-summary\">\n              <p>\n                En los \u00faltimos a\u00f1os se han implementado el proyecto en m\u00e1s de 50 centros educativos de Guip\u00fazcoa de educaci\u00f3n Primaria, Secundaria y Formaci\u00f3n Profesional B\u00e1sica. Durante su desarrollo, se ha trabajado con los tres colectivos espec\u00edficos: alumnado, profesorado y madres\/padres. La evaluaci\u00f3n realizada por los usuarios es altamente positiva; permite el abordaje de una misma realidad desde diferentes perspectivas, adecuada...                                  <a href=\"https:\/\/orainprebentzioa.com\/eu\/proyectos\/proyecto-teknia-en-centros-educativos-de-gipuzcoa\/\" class=\"more-link\">Leer m\u00e1s<\/a>\n                              <\/p>\n            <\/div>\n          \n          <footer>\n\n            \n            \n            \n          <\/footer>\n\n        <\/article>\n\t\t<\/div><!--class col-->\n      <\/div>\n\n  \n<\/div>\n\n\t\t<\/div>\n\t\t\t\t<\/div>\n\t\t\t\t\t\t<\/div>\n\t\t\t\t\t<\/div>\n\t\t<\/div>\n\t\t\t\t\t\t\t\t<\/div>\n\t\t\t\t\t<\/div>\n\t\t<\/section>\n\t\t\t\t\t\t<\/div>\n\t\t\t\t\t<\/div>\n\t\t<\/div>\n\t\t\t\t\t\t\t\t<\/div>\n\t\t\t\t\t<\/div>\n\t\t<\/section>\n\t\t\t\t\t\t<\/div>\n\t\t\t\t\t<\/div>\n\t\t<\/div>\n\t\t\t\t\t\t\t\t<\/div>\n\t\t\t\t\t<\/div>\n\t\t<\/section>\n\t\t\t\t\t\t\t\t\t<\/div>\n\t\t\t<\/div>\n\t\t\t\t\t<\/div>\n\t\t","protected":false},"excerpt":{"rendered":"<p>Teknia Teknologia Berriekiko adikzioak prebenitzeko taldea Zer da Teknia? Telefono mugikorra, Sare Sozialak, bideojokoak, e.a. bezalako teknologia berriak behar bezala ez erabiltzetik eratorritako arriskuak prebenitzeko programa da. Helburu nagusia da pantailen erabilera neurritsua eta arduratsua sustatzea. Ikastetxeetako hiru talderi zuzenduta dago: Ikasleak. Ikastetxeko irakasleak. Adingabeen gurasoak. Nola lagun zaitzakegu? TEKNIA PROIEKTUA Proiektuaren barnean, eskola-prebentziotik garatzen dira jarduerak, hiru esku-hartze mailatan: [&hellip;]<\/p>\n","protected":false},"author":1,"featured_media":2665,"parent":0,"menu_order":0,"comment_status":"closed","ping_status":"closed","template":"templates\/area.php","meta":{"footnotes":""},"_links":{"self":[{"href":"https:\/\/orainprebentzioa.com\/eu\/wp-json\/wp\/v2\/pages\/2982\/"}],"collection":[{"href":"https:\/\/orainprebentzioa.com\/eu\/wp-json\/wp\/v2\/pages\/"}],"about":[{"href":"https:\/\/orainprebentzioa.com\/eu\/wp-json\/wp\/v2\/types\/page\/"}],"author":[{"embeddable":true,"href":"https:\/\/orainprebentzioa.com\/eu\/wp-json\/wp\/v2\/users\/1\/"}],"replies":[{"embeddable":true,"href":"https:\/\/orainprebentzioa.com\/eu\/wp-json\/wp\/v2\/comments\/?post=2982"}],"version-history":[{"count":4,"href":"https:\/\/orainprebentzioa.com\/eu\/wp-json\/wp\/v2\/pages\/2982\/revisions\/"}],"predecessor-version":[{"id":3690,"href":"https:\/\/orainprebentzioa.com\/eu\/wp-json\/wp\/v2\/pages\/2982\/revisions\/3690\/"}],"wp:featuredmedia":[{"embeddable":true,"href":"https:\/\/orainprebentzioa.com\/eu\/wp-json\/wp\/v2\/media\/2665\/"}],"wp:attachment":[{"href":"https:\/\/orainprebentzioa.com\/eu\/wp-json\/wp\/v2\/media\/?parent=2982"}],"curies":[{"name":"wp","href":"https:\/\/api.w.org\/{rel}","templated":true}]}}