{"id":2984,"date":"2020-06-24T14:27:34","date_gmt":"2020-06-24T12:27:34","guid":{"rendered":"http:\/\/orainprebentzioa.com\/prevenia\/"},"modified":"2023-11-24T13:23:33","modified_gmt":"2023-11-24T12:23:33","slug":"prevenia","status":"publish","type":"page","link":"https:\/\/orainprebentzioa.com\/eu\/prevenia\/","title":{"rendered":"Prevenia"},"content":{"rendered":"\t\t<div data-elementor-type=\"wp-page\" data-elementor-id=\"2984\" class=\"elementor elementor-2984\">\n\t\t\t\t\t\t<div class=\"elementor-inner\">\n\t\t\t\t<div class=\"elementor-section-wrap\">\n\t\t\t\t\t\t\t\t\t<section class=\"elementor-section elementor-top-section elementor-element elementor-element-3a4e73e7 franja cabecera area prevenia elementor-section-boxed elementor-section-height-default elementor-section-height-default\" data-id=\"3a4e73e7\" data-element_type=\"section\" data-settings=\"{&quot;background_background&quot;:&quot;slideshow&quot;,&quot;background_slideshow_gallery&quot;:[{&quot;id&quot;:3073,&quot;url&quot;:&quot;http:\\\/\\\/orainprebentzioa.com\\\/wp-content\\\/uploads\\\/2020\\\/07\\\/prevenia.jpg&quot;}],&quot;background_slideshow_loop&quot;:&quot;yes&quot;,&quot;background_slideshow_slide_duration&quot;:5000,&quot;background_slideshow_slide_transition&quot;:&quot;fade&quot;,&quot;background_slideshow_transition_duration&quot;:500}\">\n\t\t\t\t\t\t<div class=\"elementor-container elementor-column-gap-default\">\n\t\t\t\t\t\t\t<div class=\"elementor-row\">\n\t\t\t\t\t<div class=\"elementor-column elementor-col-100 elementor-top-column elementor-element elementor-element-35b9dbe5\" data-id=\"35b9dbe5\" data-element_type=\"column\">\n\t\t\t<div class=\"elementor-column-wrap elementor-element-populated\">\n\t\t\t\t\t\t\t<div class=\"elementor-widget-wrap\">\n\t\t\t\t\t\t<div class=\"elementor-element elementor-element-58ed1c6d texto elementor-widget elementor-widget-text-editor\" data-id=\"58ed1c6d\" data-element_type=\"widget\" data-widget_type=\"text-editor.default\">\n\t\t\t\t<div class=\"elementor-widget-container\">\n\t\t\t\t\t\t\t\t<div class=\"elementor-text-editor elementor-clearfix\">\n\t\t\t\t<h1>Prevenia<\/h1>\n<h2 class=\"slogan\"><span lang=\"EU\">Substantziekiko eta portaerekiko adikzioen prebentzio-taldea<\/span><\/h2>\n\t\t\t\t\t<\/div>\n\t\t\t\t\t\t<\/div>\n\t\t\t\t<\/div>\n\t\t\t\t\t\t<\/div>\n\t\t\t\t\t<\/div>\n\t\t<\/div>\n\t\t\t\t\t\t\t\t<\/div>\n\t\t\t\t\t<\/div>\n\t\t<\/section>\n\t\t\t\t<section class=\"elementor-section elementor-top-section elementor-element elementor-element-7833527c franja teknia elementor-section-boxed elementor-section-height-default elementor-section-height-default\" data-id=\"7833527c\" data-element_type=\"section\" id=\"area\" data-settings=\"{&quot;background_background&quot;:&quot;classic&quot;}\">\n\t\t\t\t\t\t<div class=\"elementor-container elementor-column-gap-default\">\n\t\t\t\t\t\t\t<div class=\"elementor-row\">\n\t\t\t\t\t<div class=\"elementor-column elementor-col-100 elementor-top-column elementor-element elementor-element-4cedaae7\" data-id=\"4cedaae7\" data-element_type=\"column\" data-settings=\"{&quot;animation&quot;:&quot;none&quot;}\">\n\t\t\t<div class=\"elementor-column-wrap elementor-element-populated\">\n\t\t\t\t\t\t\t<div class=\"elementor-widget-wrap\">\n\t\t\t\t\t\t<section class=\"elementor-section elementor-inner-section elementor-element elementor-element-3c199a7b elementor-section-boxed elementor-section-height-default elementor-section-height-default\" data-id=\"3c199a7b\" data-element_type=\"section\">\n\t\t\t\t\t\t<div class=\"elementor-container elementor-column-gap-default\">\n\t\t\t\t\t\t\t<div class=\"elementor-row\">\n\t\t\t\t\t<div class=\"elementor-column elementor-col-100 elementor-inner-column elementor-element elementor-element-5b7ab85c\" data-id=\"5b7ab85c\" data-element_type=\"column\">\n\t\t\t<div class=\"elementor-column-wrap elementor-element-populated\">\n\t\t\t\t\t\t\t<div class=\"elementor-widget-wrap\">\n\t\t\t\t\t\t<div class=\"elementor-element elementor-element-71e73320 titulo centro elementor-widget elementor-widget-heading\" data-id=\"71e73320\" data-element_type=\"widget\" data-widget_type=\"heading.default\">\n\t\t\t\t<div class=\"elementor-widget-container\">\n\t\t\t<h2 class=\"elementor-heading-title elementor-size-default\">Zer da Prevenia?<\/h2>\t\t<\/div>\n\t\t\t\t<\/div>\n\t\t\t\t<div class=\"elementor-element elementor-element-6ccfcea1 subtitulo elementor-widget elementor-widget-text-editor\" data-id=\"6ccfcea1\" data-element_type=\"widget\" data-widget_type=\"text-editor.default\">\n\t\t\t\t<div class=\"elementor-widget-container\">\n\t\t\t\t\t\t\t\t<div class=\"elementor-text-editor elementor-clearfix\">\n\t\t\t\t<p><strong>Adikzioen prebentziorako <\/strong>programa da, bi arlo nagusitara bideratua:<\/p>\n<ul>\n<li><strong>Substantziekiko <\/strong>adikzioak: alkohola, cannabisa, tabakoa,\u2026<\/li>\n<li><strong>Portaera-<\/strong>adikzioak: jokoa, apustuak,\u2026<\/li>\n<\/ul>\n<p><strong>Helburu <\/strong>nagusia da osasuna sustatzea prebentzioaren bitartez, babesteko faktoreak indartuaz eta arrisku-faktoreak murriztuaz.<\/p>\n\t\t\t\t\t<\/div>\n\t\t\t\t\t\t<\/div>\n\t\t\t\t<\/div>\n\t\t\t\t<div class=\"elementor-element elementor-element-3bcc5c0f subtitulo elementor-widget elementor-widget-text-editor\" data-id=\"3bcc5c0f\" data-element_type=\"widget\" data-widget_type=\"text-editor.default\">\n\t\t\t\t<div class=\"elementor-widget-container\">\n\t\t\t\t\t\t\t\t<div class=\"elementor-text-editor elementor-clearfix\">\n\t\t\t\t<p>Ikastetxeetako hiru talderi <strong>zuzenduta <\/strong>dago:<\/p>\n<ul>\n<li>Ikasleak.<\/li>\n<li>Ikastetxeko irakasleak.<\/li>\n<li>Adingabekoen gurasoak.<\/li>\n<\/ul>\n\t\t\t\t\t<\/div>\n\t\t\t\t\t\t<\/div>\n\t\t\t\t<\/div>\n\t\t\t\t\t\t<\/div>\n\t\t\t\t\t<\/div>\n\t\t<\/div>\n\t\t\t\t\t\t\t\t<\/div>\n\t\t\t\t\t<\/div>\n\t\t<\/section>\n\t\t\t\t\t\t<\/div>\n\t\t\t\t\t<\/div>\n\t\t<\/div>\n\t\t\t\t\t\t\t\t<\/div>\n\t\t\t\t\t<\/div>\n\t\t<\/section>\n\t\t\t\t<section class=\"elementor-section elementor-top-section elementor-element elementor-element-7f856326 franja elementor-section-boxed elementor-section-height-default elementor-section-height-default\" data-id=\"7f856326\" data-element_type=\"section\" id=\"servicios\" data-settings=\"{&quot;shape_divider_bottom&quot;:&quot;tilt&quot;,&quot;shape_divider_top&quot;:&quot;tilt&quot;,&quot;background_background&quot;:&quot;classic&quot;}\">\n\t\t\t\t\t\t\t<div class=\"elementor-background-overlay\"><\/div>\n\t\t\t\t\t\t<div class=\"elementor-shape elementor-shape-top\" data-negative=\"false\">\n\t\t\t<svg xmlns=\"http:\/\/www.w3.org\/2000\/svg\" viewBox=\"0 0 1000 100\" preserveAspectRatio=\"none\">\n\t<path class=\"elementor-shape-fill\" d=\"M0,6V0h1000v100L0,6z\"\/>\n<\/svg>\t\t<\/div>\n\t\t\t\t<div class=\"elementor-shape elementor-shape-bottom\" data-negative=\"false\">\n\t\t\t<svg xmlns=\"http:\/\/www.w3.org\/2000\/svg\" viewBox=\"0 0 1000 100\" preserveAspectRatio=\"none\">\n\t<path class=\"elementor-shape-fill\" d=\"M0,6V0h1000v100L0,6z\"\/>\n<\/svg>\t\t<\/div>\n\t\t\t\t\t<div class=\"elementor-container elementor-column-gap-default\">\n\t\t\t\t\t\t\t<div class=\"elementor-row\">\n\t\t\t\t\t<div class=\"elementor-column elementor-col-100 elementor-top-column elementor-element elementor-element-7ef3775e\" data-id=\"7ef3775e\" data-element_type=\"column\" data-settings=\"{&quot;background_background&quot;:&quot;classic&quot;}\">\n\t\t\t<div class=\"elementor-column-wrap elementor-element-populated\">\n\t\t\t\t\t<div class=\"elementor-background-overlay\"><\/div>\n\t\t\t\t\t\t\t<div class=\"elementor-widget-wrap\">\n\t\t\t\t\t\t<section class=\"elementor-section elementor-inner-section elementor-element elementor-element-78e00813 elementor-section-boxed elementor-section-height-default elementor-section-height-default\" data-id=\"78e00813\" data-element_type=\"section\">\n\t\t\t\t\t\t<div class=\"elementor-container elementor-column-gap-default\">\n\t\t\t\t\t\t\t<div class=\"elementor-row\">\n\t\t\t\t\t<div class=\"elementor-column elementor-col-100 elementor-inner-column elementor-element elementor-element-7c62649f\" data-id=\"7c62649f\" data-element_type=\"column\">\n\t\t\t<div class=\"elementor-column-wrap elementor-element-populated\">\n\t\t\t\t\t\t\t<div class=\"elementor-widget-wrap\">\n\t\t\t\t\t\t<div class=\"elementor-element elementor-element-73721c90 titulo centro elementor-widget elementor-widget-heading\" data-id=\"73721c90\" data-element_type=\"widget\" data-widget_type=\"heading.default\">\n\t\t\t\t<div class=\"elementor-widget-container\">\n\t\t\t<h2 class=\"elementor-heading-title elementor-size-default\">Nola lagun zaitzakegu? <\/h2>\t\t<\/div>\n\t\t\t\t<\/div>\n\t\t\t\t\t\t<\/div>\n\t\t\t\t\t<\/div>\n\t\t<\/div>\n\t\t\t\t\t\t\t\t<\/div>\n\t\t\t\t\t<\/div>\n\t\t<\/section>\n\t\t\t\t<section class=\"elementor-section elementor-inner-section elementor-element elementor-element-65225797 elementor-section-boxed elementor-section-height-default elementor-section-height-default\" data-id=\"65225797\" data-element_type=\"section\">\n\t\t\t\t\t\t<div class=\"elementor-container elementor-column-gap-default\">\n\t\t\t\t\t\t\t<div class=\"elementor-row\">\n\t\t\t\t\t<div class=\"elementor-column elementor-col-100 elementor-inner-column elementor-element elementor-element-1e342d28\" data-id=\"1e342d28\" data-element_type=\"column\">\n\t\t\t<div class=\"elementor-column-wrap elementor-element-populated\">\n\t\t\t\t\t\t\t<div class=\"elementor-widget-wrap\">\n\t\t\t\t\t\t<div class=\"elementor-element elementor-element-2b93bceb elementor-widget elementor-widget-text-editor\" data-id=\"2b93bceb\" data-element_type=\"widget\" data-widget_type=\"text-editor.default\">\n\t\t\t\t<div class=\"elementor-widget-container\">\n\t\t\t\t\t\t\t\t<div class=\"elementor-text-editor elementor-clearfix\">\n\t\t\t\t<h3><strong>PREVENIA PROIEKTUA<\/strong><\/h3>\n<p>Proiektuaren barnean, eskola-prebentziotik garatzen dira jarduerak, hiru esku-hartze mailatan: ikasleekin, irakasleekin eta ikasleen gurasoekin. Talde bakoitzarekin jorratutako helburuak ezberdinak dira, eta horien xedea da, substantzien kontsumoa eta portaera-adikzioak prebenitzeari dagokionean, garrantzi handieneko arloetan eragitea. Jardueren iraupena, jorratutako edukiak eta metodologia (teoriko-praktikoa) ezberdinak dira kasu bakoitzean, talde bakoitzak dituen premien arabera.<\/p>\n<p>&nbsp;<\/p>\n<h4><strong>PREBENTZIO-HITZALDIAK<\/strong><\/h4>\n<p>Inplikatutako bi kolektibo nagusiei zuzendutako hitzaldiak: ikasleak eta haien gurasoak. Helburuak ezberdinak dira: batzuen kasuan ez kontsumitzea eta arriskuak prebenitzea, eta besteen kasuan mugak eta jarduteko arauak ezartzea. Hitzaldietan, hainbat gai jorratzen dira: substantzien kontsumoa, ondorioak, arriskuak eta portaera-adikzioak.<\/p>\n<ul>\n<li><strong>Ikasleentzako hitzaldiak: <\/strong>osasuna sustatzera eta kalteak murriztera bideratuak talde-hausnarketaren bitartez. Hitzaldiak diseinatzeko, kontuan hartzen dira adingabeen ezaugarriak, haien egoerak eta bilakaera-une bakoitzean izan daitezkeen arrisku espezifikoak.<\/li>\n<li><strong>Gurasoentzako hitzaldia: <\/strong>substantziekin eta portaera-adikzioekin loturiko oinarrizko alderdiak ezagutzera eta mugak ezartzera bideratua. Eduki ezberdinak jorratzen dira kontuan hartuta haien kezkak, seme-alabek bilakaera-fase bakoitzean dituzten premiak eta loturiko arriskuak.<\/li>\n<\/ul>\n<p>&nbsp;<\/p>\n<h4><strong>IRAKASLEENTZAKO PRESTAKUNTZA<\/strong><\/h4>\n<p>Ikastetxeetako irakasleentzako prestakuntza-jarduera. Ikasleak eskolan hasten dira nortasuna bilatzeko lehen fasea eta lehen harremanak garatzen eta aisiarako jardueren eraginpean jartzen. Hezkuntza-prebentzioan, helburu ezberdinak sakontzen dira: oinarrizko ezagutzak hartzea, ondoriozko arriskuak identifikatzea, hezkuntzako neurriak eta teknikak erabiltzea, egoera zailak kudeatzea eta kasu bakoitzean jarraitu beharreko jarraibideak ematea. Prestakuntza hezkuntza-etapa ezberdinetako irakasleentzat egokituta dago; baita, ikasleen ezaugarri espezifiko eta haien egoerarako ere.<\/p>\n\t\t\t\t\t<\/div>\n\t\t\t\t\t\t<\/div>\n\t\t\t\t<\/div>\n\t\t\t\t\t\t<\/div>\n\t\t\t\t\t<\/div>\n\t\t<\/div>\n\t\t\t\t\t\t\t\t<\/div>\n\t\t\t\t\t<\/div>\n\t\t<\/section>\n\t\t\t\t<section class=\"elementor-section elementor-inner-section elementor-element elementor-element-d311742 elementor-section-boxed elementor-section-height-default elementor-section-height-default\" data-id=\"d311742\" data-element_type=\"section\">\n\t\t\t\t\t\t<div class=\"elementor-container elementor-column-gap-default\">\n\t\t\t\t\t\t\t<div class=\"elementor-row\">\n\t\t\t\t\t<div class=\"elementor-column elementor-col-100 elementor-inner-column elementor-element elementor-element-dcfcfae\" data-id=\"dcfcfae\" data-element_type=\"column\">\n\t\t\t<div class=\"elementor-column-wrap elementor-element-populated\">\n\t\t\t\t\t\t\t<div class=\"elementor-widget-wrap\">\n\t\t\t\t\t\t<div class=\"elementor-element elementor-element-386830b elementor-widget elementor-widget-text-editor\" data-id=\"386830b\" data-element_type=\"widget\" data-widget_type=\"text-editor.default\">\n\t\t\t\t<div class=\"elementor-widget-container\">\n\t\t\t\t\t\t\t\t<div class=\"elementor-text-editor elementor-clearfix\">\n\t\t\t\t<h3><strong>ORAIN ESKU-HARTZE UNITATE BEREZIA <\/strong><\/h3><p>Banaka esku hartzeko unitatea da, erabilera problematikoak edo adikzioak dituzten erabiltzaileentzat eta haien senitartekoentzat, edota arazo zehatzak jorratzeko: cannabisa, alkohola, jokoa, apustuak,\u2026<\/p><p>Kasu bakoitzean egoeraren balorazio diagnostikoa egiten da, arazoa edo adikzioa lantzeko helburuak ezartzen dira, baita aplikatu beharreko baliabideak eta gauzatzeko epeak ere, eta, azkenik, egoeraren aurrean esku-hartze terapeutiko eta\/edo edukatibo komenigarriena burutzen da.<\/p>\t\t\t\t\t<\/div>\n\t\t\t\t\t\t<\/div>\n\t\t\t\t<\/div>\n\t\t\t\t<div class=\"elementor-element elementor-element-d74af91 cta elementor-widget elementor-widget-wp-widget-custom_html\" data-id=\"d74af91\" data-element_type=\"widget\" data-widget_type=\"wp-widget-custom_html.default\">\n\t\t\t\t<div class=\"elementor-widget-container\">\n\t\t\t<h5>Gehiago jakin nahi duzu?<\/h5><div class=\"textwidget custom-html-widget\"><a href=\"\/contacto\" class=\"boton\">JARRI GUREKIN HARREMANETAN<\/a><\/div>\t\t<\/div>\n\t\t\t\t<\/div>\n\t\t\t\t\t\t<\/div>\n\t\t\t\t\t<\/div>\n\t\t<\/div>\n\t\t\t\t\t\t\t\t<\/div>\n\t\t\t\t\t<\/div>\n\t\t<\/section>\n\t\t\t\t\t\t<\/div>\n\t\t\t\t\t<\/div>\n\t\t<\/div>\n\t\t\t\t\t\t\t\t<\/div>\n\t\t\t\t\t<\/div>\n\t\t<\/section>\n\t\t\t\t<section class=\"elementor-section elementor-top-section elementor-element elementor-element-44a96ab franja elementor-section-boxed elementor-section-height-default elementor-section-height-default\" data-id=\"44a96ab\" data-element_type=\"section\" data-settings=\"{&quot;background_background&quot;:&quot;classic&quot;}\">\n\t\t\t\t\t\t\t<div class=\"elementor-background-overlay\"><\/div>\n\t\t\t\t\t\t\t<div class=\"elementor-container elementor-column-gap-default\">\n\t\t\t\t\t\t\t<div class=\"elementor-row\">\n\t\t\t\t\t<div class=\"elementor-column elementor-col-100 elementor-top-column elementor-element elementor-element-5312e94\" data-id=\"5312e94\" data-element_type=\"column\" data-settings=\"{&quot;background_background&quot;:&quot;classic&quot;}\">\n\t\t\t<div class=\"elementor-column-wrap elementor-element-populated\">\n\t\t\t\t\t<div class=\"elementor-background-overlay\"><\/div>\n\t\t\t\t\t\t\t<div class=\"elementor-widget-wrap\">\n\t\t\t\t\t\t<section class=\"elementor-section elementor-inner-section elementor-element elementor-element-12cfc60 elementor-section-boxed elementor-section-height-default elementor-section-height-default\" data-id=\"12cfc60\" data-element_type=\"section\">\n\t\t\t\t\t\t<div class=\"elementor-container elementor-column-gap-default\">\n\t\t\t\t\t\t\t<div class=\"elementor-row\">\n\t\t\t\t\t<div class=\"elementor-column elementor-col-100 elementor-inner-column elementor-element elementor-element-61c21b3\" data-id=\"61c21b3\" data-element_type=\"column\">\n\t\t\t<div class=\"elementor-column-wrap elementor-element-populated\">\n\t\t\t\t\t\t\t<div class=\"elementor-widget-wrap\">\n\t\t\t\t\t\t<div class=\"elementor-element elementor-element-2959ec8 titulo centro elementor-widget elementor-widget-heading\" data-id=\"2959ec8\" data-element_type=\"widget\" data-widget_type=\"heading.default\">\n\t\t\t\t<div class=\"elementor-widget-container\">\n\t\t\t<h2 class=\"elementor-heading-title elementor-size-default\">gure proiektuak<\/h2>\t\t<\/div>\n\t\t\t\t<\/div>\n\t\t\t\t\t\t<\/div>\n\t\t\t\t\t<\/div>\n\t\t<\/div>\n\t\t\t\t\t\t\t\t<\/div>\n\t\t\t\t\t<\/div>\n\t\t<\/section>\n\t\t\t\t<section class=\"elementor-section elementor-inner-section elementor-element elementor-element-4a0306c elementor-section-boxed elementor-section-height-default elementor-section-height-default\" data-id=\"4a0306c\" data-element_type=\"section\">\n\t\t\t\t\t\t<div class=\"elementor-container elementor-column-gap-default\">\n\t\t\t\t\t\t\t<div class=\"elementor-row\">\n\t\t\t\t\t<div class=\"elementor-column elementor-col-100 elementor-inner-column elementor-element elementor-element-5efb855\" data-id=\"5efb855\" data-element_type=\"column\">\n\t\t\t<div class=\"elementor-column-wrap elementor-element-populated\">\n\t\t\t\t\t\t\t<div class=\"elementor-widget-wrap\">\n\t\t\t\t\t\t<section class=\"elementor-section elementor-inner-section elementor-element elementor-element-165712a elementor-section-boxed elementor-section-height-default elementor-section-height-default\" data-id=\"165712a\" data-element_type=\"section\">\n\t\t\t\t\t\t<div class=\"elementor-container elementor-column-gap-default\">\n\t\t\t\t\t\t\t<div class=\"elementor-row\">\n\t\t\t\t\t<div class=\"elementor-column elementor-col-100 elementor-inner-column elementor-element elementor-element-b3cb5ed\" data-id=\"b3cb5ed\" data-element_type=\"column\">\n\t\t\t<div class=\"elementor-column-wrap elementor-element-populated\">\n\t\t\t\t\t\t\t<div class=\"elementor-widget-wrap\">\n\t\t\t\t\t\t<div class=\"elementor-element elementor-element-355dd39 elementor-widget elementor-widget-wp-widget-sticky-posts\" data-id=\"355dd39\" data-element_type=\"widget\" data-widget_type=\"wp-widget-sticky-posts.default\">\n\t\t\t\t<div class=\"elementor-widget-container\">\n\t\t\t\n\n\n\n<div class=\"upw-posts hfeed row\">\n\n  \n      \n                \n        <div class=\"item col-sm-4\">\n        <article class=\"post-3219 proyecto type-proyecto status-publish has-post-thumbnail hentry category-prevenia\">\n          <header>\n\n                          <div class=\"entry-image\">\n                <a href=\"https:\/\/orainprebentzioa.com\/eu\/proyectos\/formacion-a-profesionales-del-ambito-social\/\" rel=\"bookmark\">\n                  <img loading=\"lazy\" decoding=\"async\" width=\"398\" height=\"265\" src=\"https:\/\/orainprebentzioa.com\/wp-content\/uploads\/2020\/09\/hijos-educacion-formacion-profesional-3-398x265.jpg\" class=\"attachment-thumbnail size-thumbnail wp-post-image\" alt=\"\" srcset=\"https:\/\/orainprebentzioa.com\/wp-content\/uploads\/2020\/09\/hijos-educacion-formacion-profesional-3-398x265.jpg 398w, https:\/\/orainprebentzioa.com\/wp-content\/uploads\/2020\/09\/hijos-educacion-formacion-profesional-3-768x512.jpg 768w, https:\/\/orainprebentzioa.com\/wp-content\/uploads\/2020\/09\/hijos-educacion-formacion-profesional-3.jpg 1000w\" sizes=\"(max-width: 398px) 100vw, 398px\" \/>                <\/a>\n              <\/div>\n            \n                          <h3 class=\"entry-title\">\n                <a href=\"https:\/\/orainprebentzioa.com\/eu\/proyectos\/formacion-a-profesionales-del-ambito-social\/\" rel=\"bookmark\">\n                  Formaci\u00f3n a profesionales del \u00e1mbito social                <\/a>\n              <\/h3>\n            \n            \n          <\/header>\n\n                      <div class=\"entry-summary\">\n              <p>\n                Desde el a\u00f1o 2007 se han llevado a cabo diversas acciones formativas con las y los profesionales del \u00e1mbito social de Gipuzkoa, en contacto directo con menores; abordando la prevenci\u00f3n del consumo de sustancias y la reducci\u00f3n de riesgos y da\u00f1os. El objetivo de esta formaci\u00f3n te\u00f3rico-pr\u00e1ctica, es la adquisici\u00f3n de herramientas de detecci\u00f3n y estrategias de intervenci\u00f3n a las...                                  <a href=\"https:\/\/orainprebentzioa.com\/eu\/proyectos\/formacion-a-profesionales-del-ambito-social\/\" class=\"more-link\">Leer m\u00e1s<\/a>\n                              <\/p>\n            <\/div>\n          \n          <footer>\n\n            \n            \n            \n          <\/footer>\n\n        <\/article>\n\t\t<\/div><!--class col-->\n      \n                \n        <div class=\"item col-sm-4\">\n        <article class=\"post-2789 proyecto type-proyecto status-publish has-post-thumbnail hentry category-prevenia\">\n          <header>\n\n                          <div class=\"entry-image\">\n                <a href=\"https:\/\/orainprebentzioa.com\/eu\/proyectos\/proyecto-medidas-alternativas-por-consumo-o-tenencia-de-sustancias\/\" rel=\"bookmark\">\n                  <img loading=\"lazy\" decoding=\"async\" width=\"398\" height=\"265\" src=\"https:\/\/orainprebentzioa.com\/wp-content\/uploads\/2020\/09\/botellon_medidas-398x265.jpg\" class=\"attachment-thumbnail size-thumbnail wp-post-image\" alt=\"\" \/>                <\/a>\n              <\/div>\n            \n                          <h3 class=\"entry-title\">\n                <a href=\"https:\/\/orainprebentzioa.com\/eu\/proyectos\/proyecto-medidas-alternativas-por-consumo-o-tenencia-de-sustancias\/\" rel=\"bookmark\">\n                  Proyecto medidas alternativas por consumo o tenencia de sustancias                <\/a>\n              <\/h3>\n            \n            \n          <\/header>\n\n                      <div class=\"entry-summary\">\n              <p>\n                El proyecto \u201cMedidas reeducativas a menores sancionados por consumo o tenencia de sustancias\u201d; es un servicio de atenci\u00f3n a adolescentes y a sus familias, ofrecido y desarrollado en colaboraci\u00f3n con el Ayuntamiento de Donostia-San Sebasti\u00e1n desde el a\u00f1o 2007 hasta el a\u00f1o 2020. &nbsp; El servicio esta dirigido a menores sancionados en la ciudad de Donostia por consumo o tenencia...                                  <a href=\"https:\/\/orainprebentzioa.com\/eu\/proyectos\/proyecto-medidas-alternativas-por-consumo-o-tenencia-de-sustancias\/\" class=\"more-link\">Leer m\u00e1s<\/a>\n                              <\/p>\n            <\/div>\n          \n          <footer>\n\n            \n            \n            \n          <\/footer>\n\n        <\/article>\n\t\t<\/div><!--class col-->\n      \n                \n        <div class=\"item col-sm-4\">\n        <article class=\"post-2788 proyecto type-proyecto status-publish has-post-thumbnail hentry category-prevenia\">\n          <header>\n\n                          <div class=\"entry-image\">\n                <a href=\"https:\/\/orainprebentzioa.com\/eu\/proyectos\/proyecto-prevenia-en-centros-de-formacion-profesional-basica\/\" rel=\"bookmark\">\n                  <img loading=\"lazy\" decoding=\"async\" width=\"398\" height=\"265\" src=\"https:\/\/orainprebentzioa.com\/wp-content\/uploads\/2020\/06\/charlas-fpb-398x265.jpg\" class=\"attachment-thumbnail size-thumbnail wp-post-image\" alt=\"\" \/>                <\/a>\n              <\/div>\n            \n                          <h3 class=\"entry-title\">\n                <a href=\"https:\/\/orainprebentzioa.com\/eu\/proyectos\/proyecto-prevenia-en-centros-de-formacion-profesional-basica\/\" rel=\"bookmark\">\n                  Proyecto Prevenia en centros de Formaci\u00f3n Profesional B\u00e1sica                <\/a>\n              <\/h3>\n            \n            \n          <\/header>\n\n                      <div class=\"entry-summary\">\n              <p>\n                Desde el a\u00f1o 2006 se han implementado el proyecto en m\u00e1s de 40 centros educativos de Formaci\u00f3n Profesional B\u00e1sica (anteriormente conocidos como CIP o PCPI) de Donostia y algunos de Guip\u00fazcoa. Esta acci\u00f3n preventiva ha recibido el apoyo de diversas entidades p\u00fablicas; como el Ayuntamiento de Donostia y el Departamento de Salud del Gobierno Vasco OSAKIDETZA. Durante su desarrollo, se...                                  <a href=\"https:\/\/orainprebentzioa.com\/eu\/proyectos\/proyecto-prevenia-en-centros-de-formacion-profesional-basica\/\" class=\"more-link\">Leer m\u00e1s<\/a>\n                              <\/p>\n            <\/div>\n          \n          <footer>\n\n            \n            \n            \n          <\/footer>\n\n        <\/article>\n\t\t<\/div><!--class col-->\n      <\/div>\n\n  \n<\/div>\n\n\t\t<\/div>\n\t\t\t\t<\/div>\n\t\t\t\t\t\t<\/div>\n\t\t\t\t\t<\/div>\n\t\t<\/div>\n\t\t\t\t\t\t\t\t<\/div>\n\t\t\t\t\t<\/div>\n\t\t<\/section>\n\t\t\t\t\t\t<\/div>\n\t\t\t\t\t<\/div>\n\t\t<\/div>\n\t\t\t\t\t\t\t\t<\/div>\n\t\t\t\t\t<\/div>\n\t\t<\/section>\n\t\t\t\t\t\t<\/div>\n\t\t\t\t\t<\/div>\n\t\t<\/div>\n\t\t\t\t\t\t\t\t<\/div>\n\t\t\t\t\t<\/div>\n\t\t<\/section>\n\t\t\t\t\t\t\t\t\t<\/div>\n\t\t\t<\/div>\n\t\t\t\t\t<\/div>\n\t\t","protected":false},"excerpt":{"rendered":"<p>Prevenia Substantziekiko eta portaerekiko adikzioen prebentzio-taldea Zer da Prevenia? Adikzioen prebentziorako programa da, bi arlo nagusitara bideratua: Substantziekiko adikzioak: alkohola, cannabisa, tabakoa,\u2026 Portaera-adikzioak: jokoa, apustuak,\u2026 Helburu nagusia da osasuna sustatzea prebentzioaren bitartez, babesteko faktoreak indartuaz eta arrisku-faktoreak murriztuaz. Ikastetxeetako hiru talderi zuzenduta dago: Ikasleak. Ikastetxeko irakasleak. Adingabekoen gurasoak. Nola lagun zaitzakegu? PREVENIA PROIEKTUA Proiektuaren barnean, eskola-prebentziotik garatzen dira jarduerak, hiru [&hellip;]<\/p>\n","protected":false},"author":1,"featured_media":0,"parent":0,"menu_order":0,"comment_status":"closed","ping_status":"closed","template":"templates\/area.php","meta":{"footnotes":""},"_links":{"self":[{"href":"https:\/\/orainprebentzioa.com\/eu\/wp-json\/wp\/v2\/pages\/2984\/"}],"collection":[{"href":"https:\/\/orainprebentzioa.com\/eu\/wp-json\/wp\/v2\/pages\/"}],"about":[{"href":"https:\/\/orainprebentzioa.com\/eu\/wp-json\/wp\/v2\/types\/page\/"}],"author":[{"embeddable":true,"href":"https:\/\/orainprebentzioa.com\/eu\/wp-json\/wp\/v2\/users\/1\/"}],"replies":[{"embeddable":true,"href":"https:\/\/orainprebentzioa.com\/eu\/wp-json\/wp\/v2\/comments\/?post=2984"}],"version-history":[{"count":4,"href":"https:\/\/orainprebentzioa.com\/eu\/wp-json\/wp\/v2\/pages\/2984\/revisions\/"}],"predecessor-version":[{"id":3687,"href":"https:\/\/orainprebentzioa.com\/eu\/wp-json\/wp\/v2\/pages\/2984\/revisions\/3687\/"}],"wp:attachment":[{"href":"https:\/\/orainprebentzioa.com\/eu\/wp-json\/wp\/v2\/media\/?parent=2984"}],"curies":[{"name":"wp","href":"https:\/\/api.w.org\/{rel}","templated":true}]}}